{"id":9438,"date":"2021-02-18T19:21:51","date_gmt":"2021-02-18T17:21:51","guid":{"rendered":"https:\/\/pensium.es\/calcular-presupuesto\/"},"modified":"2025-11-04T14:05:00","modified_gmt":"2025-11-04T12:05:00","slug":"calcular-pressupost","status":"publish","type":"page","link":"https:\/\/pensium.es\/ca\/calcular-pressupost\/","title":{"rendered":"Calculi com n\u2019\u00e9s de f\u00e0cil pagar la resid\u00e8ncia amb Pensium"},"content":{"rendered":"","protected":false},"excerpt":{"rendered":"","protected":false},"author":3,"featured_media":0,"parent":0,"menu_order":0,"comment_status":"closed","ping_status":"closed","template":"simulador.php","meta":{"footnotes":""},"class_list":["post-9438","page","type-page","status-publish","hentry"],"yoast_head":"<!-- This site is optimized with the Yoast SEO plugin v27.3 - https:\/\/yoast.com\/product\/yoast-seo-wordpress\/ -->\n<title>Calculi com n\u2019\u00e9s de f\u00e0cil pagar la resid\u00e8ncia amb Pensium<\/title>\n<meta name=\"description\" content=\"Pagar la resid\u00e8ncia de gent gran amb la bestreta del lloguer de l&#039;habitatge. Calculeu com \u00e9s de f\u00e0cil pagar la resid\u00e8ncia amb Pensium.\" \/>\n<meta name=\"robots\" content=\"index, follow, max-snippet:-1, max-image-preview:large, max-video-preview:-1\" \/>\n<link rel=\"canonical\" href=\"https:\/\/pensium.es\/ca\/calcular-pressupost\/\" \/>\n<meta property=\"og:locale\" content=\"ca_ES\" \/>\n<meta property=\"og:type\" content=\"article\" \/>\n<meta property=\"og:title\" content=\"Calculi com n\u2019\u00e9s de f\u00e0cil pagar la resid\u00e8ncia amb Pensium\" \/>\n<meta property=\"og:description\" content=\"Pagar la resid\u00e8ncia de gent gran amb la bestreta del lloguer de l&#039;habitatge. Calculeu com \u00e9s de f\u00e0cil pagar la resid\u00e8ncia amb Pensium.\" \/>\n<meta property=\"og:url\" content=\"https:\/\/pensium.es\/ca\/calcular-pressupost\/\" \/>\n<meta property=\"og:site_name\" content=\"Pensium\" \/>\n<meta property=\"article:publisher\" content=\"https:\/\/www.facebook.com\/pensium.es\/\" \/>\n<meta property=\"article:modified_time\" content=\"2025-11-04T12:05:00+00:00\" \/>\n<meta name=\"twitter:card\" content=\"summary_large_image\" \/>\n<script type=\"application\/ld+json\" class=\"yoast-schema-graph\">{\"@context\":\"https:\\\/\\\/schema.org\",\"@graph\":[{\"@type\":\"WebPage\",\"@id\":\"https:\\\/\\\/pensium.es\\\/ca\\\/calcular-pressupost\\\/\",\"url\":\"https:\\\/\\\/pensium.es\\\/ca\\\/calcular-pressupost\\\/\",\"name\":\"Calculi com n\u2019\u00e9s de f\u00e0cil pagar la resid\u00e8ncia amb Pensium\",\"isPartOf\":{\"@id\":\"https:\\\/\\\/pensium.es\\\/ca\\\/#website\"},\"datePublished\":\"2021-02-18T17:21:51+00:00\",\"dateModified\":\"2025-11-04T12:05:00+00:00\",\"description\":\"Pagar la resid\u00e8ncia de gent gran amb la bestreta del lloguer de l'habitatge. Calculeu com \u00e9s de f\u00e0cil pagar la resid\u00e8ncia amb Pensium.\",\"breadcrumb\":{\"@id\":\"https:\\\/\\\/pensium.es\\\/ca\\\/calcular-pressupost\\\/#breadcrumb\"},\"inLanguage\":\"ca\",\"potentialAction\":[{\"@type\":\"ReadAction\",\"target\":[\"https:\\\/\\\/pensium.es\\\/ca\\\/calcular-pressupost\\\/\"]}]},{\"@type\":\"BreadcrumbList\",\"@id\":\"https:\\\/\\\/pensium.es\\\/ca\\\/calcular-pressupost\\\/#breadcrumb\",\"itemListElement\":[{\"@type\":\"ListItem\",\"position\":1,\"name\":\"Inicio\",\"item\":\"https:\\\/\\\/pensium.es\\\/ca\\\/\"},{\"@type\":\"ListItem\",\"position\":2,\"name\":\"Calculi com n\u2019\u00e9s de f\u00e0cil pagar la resid\u00e8ncia amb Pensium\"}]},{\"@type\":\"WebSite\",\"@id\":\"https:\\\/\\\/pensium.es\\\/ca\\\/#website\",\"url\":\"https:\\\/\\\/pensium.es\\\/ca\\\/\",\"name\":\"Pensium\",\"description\":\"Paga la resid\u00e8ncia de la gent gran amb l'avan\u00e7ament del lloguer de l'habitatge\",\"potentialAction\":[{\"@type\":\"SearchAction\",\"target\":{\"@type\":\"EntryPoint\",\"urlTemplate\":\"https:\\\/\\\/pensium.es\\\/ca\\\/?s={search_term_string}\"},\"query-input\":{\"@type\":\"PropertyValueSpecification\",\"valueRequired\":true,\"valueName\":\"search_term_string\"}}],\"inLanguage\":\"ca\"}]}<\/script>\n<!-- \/ Yoast SEO plugin. -->","yoast_head_json":{"title":"Calculi com n\u2019\u00e9s de f\u00e0cil pagar la resid\u00e8ncia amb Pensium","description":"Pagar la resid\u00e8ncia de gent gran amb la bestreta del lloguer de l'habitatge. Calculeu com \u00e9s de f\u00e0cil pagar la resid\u00e8ncia amb Pensium.","robots":{"index":"index","follow":"follow","max-snippet":"max-snippet:-1","max-image-preview":"max-image-preview:large","max-video-preview":"max-video-preview:-1"},"canonical":"https:\/\/pensium.es\/ca\/calcular-pressupost\/","og_locale":"ca_ES","og_type":"article","og_title":"Calculi com n\u2019\u00e9s de f\u00e0cil pagar la resid\u00e8ncia amb Pensium","og_description":"Pagar la resid\u00e8ncia de gent gran amb la bestreta del lloguer de l'habitatge. Calculeu com \u00e9s de f\u00e0cil pagar la resid\u00e8ncia amb Pensium.","og_url":"https:\/\/pensium.es\/ca\/calcular-pressupost\/","og_site_name":"Pensium","article_publisher":"https:\/\/www.facebook.com\/pensium.es\/","article_modified_time":"2025-11-04T12:05:00+00:00","twitter_card":"summary_large_image","schema":{"@context":"https:\/\/schema.org","@graph":[{"@type":"WebPage","@id":"https:\/\/pensium.es\/ca\/calcular-pressupost\/","url":"https:\/\/pensium.es\/ca\/calcular-pressupost\/","name":"Calculi com n\u2019\u00e9s de f\u00e0cil pagar la resid\u00e8ncia amb Pensium","isPartOf":{"@id":"https:\/\/pensium.es\/ca\/#website"},"datePublished":"2021-02-18T17:21:51+00:00","dateModified":"2025-11-04T12:05:00+00:00","description":"Pagar la resid\u00e8ncia de gent gran amb la bestreta del lloguer de l'habitatge. Calculeu com \u00e9s de f\u00e0cil pagar la resid\u00e8ncia amb Pensium.","breadcrumb":{"@id":"https:\/\/pensium.es\/ca\/calcular-pressupost\/#breadcrumb"},"inLanguage":"ca","potentialAction":[{"@type":"ReadAction","target":["https:\/\/pensium.es\/ca\/calcular-pressupost\/"]}]},{"@type":"BreadcrumbList","@id":"https:\/\/pensium.es\/ca\/calcular-pressupost\/#breadcrumb","itemListElement":[{"@type":"ListItem","position":1,"name":"Inicio","item":"https:\/\/pensium.es\/ca\/"},{"@type":"ListItem","position":2,"name":"Calculi com n\u2019\u00e9s de f\u00e0cil pagar la resid\u00e8ncia amb Pensium"}]},{"@type":"WebSite","@id":"https:\/\/pensium.es\/ca\/#website","url":"https:\/\/pensium.es\/ca\/","name":"Pensium","description":"Paga la resid\u00e8ncia de la gent gran amb l'avan\u00e7ament del lloguer de l'habitatge","potentialAction":[{"@type":"SearchAction","target":{"@type":"EntryPoint","urlTemplate":"https:\/\/pensium.es\/ca\/?s={search_term_string}"},"query-input":{"@type":"PropertyValueSpecification","valueRequired":true,"valueName":"search_term_string"}}],"inLanguage":"ca"}]}},"_links":{"self":[{"href":"https:\/\/pensium.es\/ca\/wp-json\/wp\/v2\/pages\/9438","targetHints":{"allow":["GET"]}}],"collection":[{"href":"https:\/\/pensium.es\/ca\/wp-json\/wp\/v2\/pages"}],"about":[{"href":"https:\/\/pensium.es\/ca\/wp-json\/wp\/v2\/types\/page"}],"author":[{"embeddable":true,"href":"https:\/\/pensium.es\/ca\/wp-json\/wp\/v2\/users\/3"}],"replies":[{"embeddable":true,"href":"https:\/\/pensium.es\/ca\/wp-json\/wp\/v2\/comments?post=9438"}],"version-history":[{"count":2,"href":"https:\/\/pensium.es\/ca\/wp-json\/wp\/v2\/pages\/9438\/revisions"}],"predecessor-version":[{"id":9877,"href":"https:\/\/pensium.es\/ca\/wp-json\/wp\/v2\/pages\/9438\/revisions\/9877"}],"wp:attachment":[{"href":"https:\/\/pensium.es\/ca\/wp-json\/wp\/v2\/media?parent=9438"}],"curies":[{"name":"wp","href":"https:\/\/api.w.org\/{rel}","templated":true}]}}