{"id":9451,"date":"2017-02-28T17:57:49","date_gmt":"2017-02-28T15:57:49","guid":{"rendered":"https:\/\/pensium.es\/solicitud-de-guia-pensium\/"},"modified":"2025-01-20T13:13:20","modified_gmt":"2025-01-20T11:13:20","slug":"solicitud-de-guia-pensium","status":"publish","type":"page","link":"https:\/\/pensium.es\/ca\/solicitud-de-guia-pensium\/","title":{"rendered":"Sol\u00b7licitud de Guia Pensium"},"content":{"rendered":"<section class=\"wpb-content-wrapper\"><p>[vc_row full_width=&#8221;stretch_row&#8221; parallax=&#8221;yes&#8221; el_class=&#8221;no-margin-top&#8221; css=&#8221;.vc_custom_1485199511507{padding-top: 125px !important;padding-bottom: 50px !important;background-image: url(http:\/\/pensium.es\/wp-content\/uploads\/2017\/01\/pensium-back1.jpg?id=4188) !important;background-position: center;background-repeat: no-repeat !important;background-size: cover !important;}&#8221;][vc_column][\/vc_column][\/vc_row][vc_row full_width=&#8221;stretch_row&#8221; row_height=&#8221;custom&#8221; css=&#8221;.vc_custom_1485277569788{padding-top: 20px !important;padding-bottom: 20px !important;}&#8221; custom_background=&#8221;inherit&#8221; anchor_link=&#8221;intro&#8221;][vc_column][vc_column_text]<\/p>\n<h1 style=\"text-align: center;\"><span class=\"xlarge-text semi-font-weight\">FORMULARI DE SOL\u00b7LICITUD DE GUIA PENSIUM:<\/span><\/h1>\n<h2 style=\"text-align: center!important; font-size: 1.2em!important;\"><span style=\"color: #e86322;\">la nova soluci\u00f3 per a pagar la resid\u00e8ncia de gent gran<\/span><\/h2>\n<p>[\/vc_column_text][vc_empty_space height=&#8221;10px&#8221;][\/vc_column][\/vc_row][vc_row full_width=&#8221;stretch_row&#8221; row_height=&#8221;custom&#8221; css=&#8221;.vc_custom_1485277628490{padding-top: 0px !important;padding-bottom: 20px !important;}&#8221; custom_background=&#8221;inherit&#8221; anchor_link=&#8221;intro&#8221;][vc_column][vc_empty_space height=&#8221;10px&#8221;]\n<div class=\"wpcf7 no-js\" id=\"wpcf7-f9872-o1\" lang=\"ca\" dir=\"ltr\" data-wpcf7-id=\"9872\">\n<div class=\"screen-reader-response\"><p role=\"status\" aria-live=\"polite\" aria-atomic=\"true\"><\/p> <ul><\/ul><\/div>\n<form action=\"\/ca\/wp-json\/wp\/v2\/pages\/9451#wpcf7-f9872-o1\" method=\"post\" class=\"wpcf7-form init wpcf7-acceptance-as-validation\" aria-label=\"Formulari de contacte\" novalidate=\"novalidate\" data-status=\"init\">\n<fieldset class=\"hidden-fields-container\"><input type=\"hidden\" name=\"_wpcf7\" value=\"9872\" \/><input type=\"hidden\" name=\"_wpcf7_version\" value=\"6.1.5\" \/><input type=\"hidden\" name=\"_wpcf7_locale\" value=\"ca\" \/><input type=\"hidden\" name=\"_wpcf7_unit_tag\" value=\"wpcf7-f9872-o1\" \/><input type=\"hidden\" name=\"_wpcf7_container_post\" value=\"0\" \/><input type=\"hidden\" name=\"_wpcf7_posted_data_hash\" value=\"\" \/><input type=\"hidden\" name=\"_wpcf7dtx_version\" value=\"5.0.5\" \/><input type=\"hidden\" name=\"_wpcf7_recaptcha_response\" value=\"\" \/>\n<\/fieldset>\n<p><span class=\"wpcf7-form-control-wrap\" data-name=\"your-name\"><input size=\"40\" maxlength=\"400\" class=\"wpcf7-form-control wpcf7-text wpcf7-validates-as-required\" aria-required=\"true\" aria-invalid=\"false\" placeholder=\"Nom y Cognoms*\" value=\"\" type=\"text\" name=\"your-name\" \/><\/span>\n<\/p>\n<p><span class=\"wpcf7-form-control-wrap\" data-name=\"your-email\"><input size=\"40\" maxlength=\"400\" class=\"wpcf7-form-control wpcf7-email wpcf7-validates-as-required wpcf7-text wpcf7-validates-as-email\" aria-required=\"true\" aria-invalid=\"false\" placeholder=\"E-mail*\" value=\"\" type=\"email\" name=\"your-email\" \/><\/span>\n<\/p>\n<p><span class=\"wpcf7-form-control-wrap\" data-name=\"your-phone\"><input size=\"40\" maxlength=\"400\" class=\"wpcf7-form-control wpcf7-text wpcf7-validates-as-required\" aria-required=\"true\" aria-invalid=\"false\" placeholder=\"Tel\u00e8fon*\" value=\"\" type=\"text\" name=\"your-phone\" \/><\/span>\n<\/p>\n<p><span class=\"wpcf7-form-control-wrap\" data-name=\"email-to\"><select class=\"wpcf7-form-control wpcf7-select wpcf7-validates-as-required your-province\" aria-required=\"true\" aria-invalid=\"false\" name=\"email-to\"><option value=\"\">Prov\u00edncia*<\/option><option value=\"A CORU\u00d1A\">A CORU\u00d1A<\/option><option value=\"\u00c1LAVA\">\u00c1LAVA<\/option><option value=\"ALBACETE\">ALBACETE<\/option><option value=\"ALICANTE\">ALICANTE<\/option><option value=\"ALMER\u00cdA\">ALMER\u00cdA<\/option><option value=\"ASTURIAS\">ASTURIAS<\/option><option value=\"\u00c1VILA\">\u00c1VILA<\/option><option value=\"BADAJOZ\">BADAJOZ<\/option><option value=\"BARCELONA\">BARCELONA<\/option><option value=\"BURGOS\">BURGOS<\/option><option value=\"C\u00c1CERES\">C\u00c1CERES<\/option><option value=\"C\u00c1DIZ\">C\u00c1DIZ<\/option><option value=\"CASTELL\u00d3N\">CASTELL\u00d3N<\/option><option value=\"CIUDAD REAL\">CIUDAD REAL<\/option><option value=\"C\u00d3RDOBA\">C\u00d3RDOBA<\/option><option value=\"CUENCA\">CUENCA<\/option><option value=\"FUERTEVENTURA\">FUERTEVENTURA<\/option><option value=\"GIRONA\">GIRONA<\/option><option value=\"GRAN CANARIA\">GRAN CANARIA<\/option><option value=\"GRANADA\">GRANADA<\/option><option value=\"GUADALAJARA\">GUADALAJARA<\/option><option value=\"GUIP\u00daZCOA\">GUIP\u00daZCOA<\/option><option value=\"HUELVA\">HUELVA<\/option><option value=\"HUESCA\">HUESCA<\/option><option value=\"IBIZA\">IBIZA<\/option><option value=\"JA\u00c9N\">JA\u00c9N<\/option><option value=\"LA PALMA\">LA PALMA<\/option><option value=\"LANZAROTE\">LANZAROTE<\/option><option value=\"LE\u00d3N\">LE\u00d3N<\/option><option value=\"LLEIDA\">LLEIDA<\/option><option value=\"LOGRO\u00d1O\">LOGRO\u00d1O<\/option><option value=\"LUGO\">LUGO<\/option><option value=\"MADRID\">MADRID<\/option><option value=\"M\u00c1LAGA\">M\u00c1LAGA<\/option><option value=\"MALLORCA\">MALLORCA<\/option><option value=\"MENORCA\">MENORCA<\/option><option value=\"MURCIA\">MURCIA<\/option><option value=\"NAVARRA\">NAVARRA<\/option><option value=\"OURENSE\">OURENSE<\/option><option value=\"PALENCIA\">PALENCIA<\/option><option value=\"PONTEVEDRA\">PONTEVEDRA<\/option><option value=\"SALAMANCA\">SALAMANCA<\/option><option value=\"SANTANDER\">SANTANDER<\/option><option value=\"SEVILLA\">SEVILLA<\/option><option value=\"SORIA\">SORIA<\/option><option value=\"TARRAGONA\">TARRAGONA<\/option><option value=\"TENERIFE\">TENERIFE<\/option><option value=\"TERUEL\">TERUEL<\/option><option value=\"TOLEDO\">TOLEDO<\/option><option value=\"VALENCIA\">VALENCIA<\/option><option value=\"VALLADOLID\">VALLADOLID<\/option><option value=\"VIZCAYA\">VIZCAYA<\/option><option value=\"ZAMORA\">ZAMORA<\/option><option value=\"ZARAGOZA\">ZARAGOZA<\/option><\/select><\/span>\n<\/p>\n<input class=\"wpcf7-form-control wpcf7-hidden\" value=\"\" type=\"hidden\" name=\"your-province\" \/>\n<p>&nbsp;\n<\/p>\n<div class=\"wpb_column vc_column_container vc_col-sm-8\">\n\t<p><span class=\"wpcf7-form-control-wrap\" data-name=\"acepto-terminos\"><span class=\"wpcf7-form-control wpcf7-acceptance\"><span class=\"wpcf7-list-item\"><input type=\"checkbox\" name=\"acepto-terminos\" value=\"1\" aria-invalid=\"false\" \/><\/span><\/span><\/span>&nbsp;He llegit i accepto els <a href=\"\/ca\/informacio-legal\" target=\"_blank\">termes i condicions generals<\/a><br \/>\n<span class=\"wpcf7-form-control-wrap\" data-name=\"acepto-politica\"><span class=\"wpcf7-form-control wpcf7-acceptance\"><span class=\"wpcf7-list-item\"><input type=\"checkbox\" name=\"acepto-politica\" value=\"1\" aria-invalid=\"false\" \/><\/span><\/span><\/span>&nbsp;He llegit i accepto la <a href=\"\/ca\/politica-de-privacitat\" target=\"_blank\">pol\u00edtica de privacitat<\/a>\n\t<\/p>\n<\/div>\n<div class=\"wpb_column vc_column_container vc_col-sm-4\">\n\t<p><input class=\"wpcf7-form-control wpcf7-submit has-spinner\" type=\"submit\" value=\"ENVIAR\" \/>\n\t<\/p>\n<\/div>\n<p>&nbsp;\n<\/p>\n<div style=\"clear:both\">\n<\/div>\n<p style=\"color:#E95A13\">*Obligatoris\n<\/p><div class=\"wpcf7-form-control-wrap maspik-field\">\n                <label for=\"full-name-maspik-hp\" class=\"wpcf7-form-control-label\">Leave this field empty<\/label>\n                <input size=\"1\" type=\"text\" autocomplete=\"off\" aria-hidden=\"true\" tabindex=\"-1\" aria-label=\"Leave this field empty\" name=\"full-name-maspik-hp\" id=\"full-name-maspik-hp\" class=\"wpcf7-form-control wpcf7-text\" placeholder=\"Leave this field empty\">\n            <\/div><div class=\"wpcf7-response-output\" aria-hidden=\"true\"><\/div>\n<\/form>\n<\/div>\n[\/vc_column][\/vc_row][vc_row full_width=&#8221;stretch_row&#8221; custom_background=&#8221;&#8221; row_height=&#8221;custom&#8221; css=&#8221;.vc_custom_1486577314528{margin-bottom: 0px !important;padding-top: 60px !important;padding-bottom: 50px !important;background-color: #361251 !important;}&#8221; font_color=&#8221;#ffffff&#8221; el_class=&#8221;informese&#8221;][vc_column][vc_btn title=&#8221;INFORMI&#8217;S SENSE COMPROM\u00cdS&#8221; style=&#8221;outline&#8221; color=&#8221;white&#8221; size=&#8221;lg&#8221; align=&#8221;center&#8221; link=&#8221;url:http%3A%2F%2Fpensium.es%2Fcontacto%2F||&#8221; el_class=&#8221;extra-large-button&#8221;][\/vc_column][\/vc_row]<\/p>\n<\/section>","protected":false},"excerpt":{"rendered":"<p>[vc_row full_width=&#8221;stretch_row&#8221; parallax=&#8221;yes&#8221; el_class=&#8221;no-margin-top&#8221; css=&#8221;.vc_custom_1485199511507{padding-top: 125px !important;padding-bottom: 50px !important;background-image: url(http:\/\/pensium.es\/wp-content\/uploads\/2017\/01\/pensium-back1.jpg?id=4188) !important;background-position: center;background-repeat: no-repeat !important;background-size: cover !important;}&#8221;][vc_column][\/vc_column][\/vc_row][vc_row full_width=&#8221;stretch_row&#8221; row_height=&#8221;custom&#8221; css=&#8221;.vc_custom_1485277569788{padding-top: 20px !important;padding-bottom: 20px !important;}&#8221; custom_background=&#8221;inherit&#8221; anchor_link=&#8221;intro&#8221;][vc_column][vc_column_text] FORMULARI DE SOL\u00b7LICITUD DE GUIA PENSIUM: la nova soluci\u00f3 per a pagar la resid\u00e8ncia de gent gran [\/vc_column_text][vc_empty_space height=&#8221;10px&#8221;][\/vc_column][\/vc_row][vc_row full_width=&#8221;stretch_row&#8221; row_height=&#8221;custom&#8221; css=&#8221;.vc_custom_1485277628490{padding-top: 0px !important;padding-bottom: 20px !important;}&#8221; custom_background=&#8221;inherit&#8221; anchor_link=&#8221;intro&#8221;][vc_column][vc_empty_space height=&#8221;10px&#8221;][\/vc_column][\/vc_row][vc_row full_width=&#8221;stretch_row&#8221; &#8230; <a class=\"excerpt-readmore\" href=\"https:\/\/pensium.es\/ca\/solicitud-de-guia-pensium\/\">Read More<\/a><\/p>\n","protected":false},"author":1,"featured_media":0,"parent":0,"menu_order":0,"comment_status":"open","ping_status":"closed","template":"","meta":{"footnotes":""},"class_list":["post-9451","page","type-page","status-publish","hentry"],"yoast_head":"<!-- This site is optimized with the Yoast SEO plugin v27.3 - https:\/\/yoast.com\/product\/yoast-seo-wordpress\/ -->\n<title>Guia Pensium, la soluci\u00f3n para pagar su plaza en una residencia<\/title>\n<meta name=\"description\" content=\"Guia Pensium. Per tenir tots els detalls d&#039;aquesta nova soluci\u00f3 per pagar la pla\u00e7a a la resid\u00e8ncia de gent gran, sense hipoteques ni avals\" \/>\n<meta name=\"robots\" content=\"index, follow, max-snippet:-1, max-image-preview:large, max-video-preview:-1\" \/>\n<link rel=\"canonical\" href=\"https:\/\/pensium.es\/ca\/solicitud-de-guia-pensium\/\" \/>\n<meta property=\"og:locale\" content=\"ca_ES\" \/>\n<meta property=\"og:type\" content=\"article\" \/>\n<meta property=\"og:title\" content=\"Guia Pensium, la soluci\u00f3n para pagar su plaza en una residencia\" \/>\n<meta property=\"og:description\" content=\"Guia Pensium. Per tenir tots els detalls d&#039;aquesta nova soluci\u00f3 per pagar la pla\u00e7a a la resid\u00e8ncia de gent gran, sense hipoteques ni avals\" \/>\n<meta property=\"og:url\" content=\"https:\/\/pensium.es\/ca\/solicitud-de-guia-pensium\/\" \/>\n<meta property=\"og:site_name\" content=\"Pensium\" \/>\n<meta property=\"article:publisher\" content=\"https:\/\/www.facebook.com\/pensium.es\/\" \/>\n<meta property=\"article:modified_time\" content=\"2025-01-20T11:13:20+00:00\" \/>\n<meta name=\"twitter:card\" content=\"summary_large_image\" \/>\n<meta name=\"twitter:label1\" content=\"Temps estimat de lectura\" \/>\n\t<meta name=\"twitter:data1\" content=\"1 minut\" \/>\n<script type=\"application\/ld+json\" class=\"yoast-schema-graph\">{\"@context\":\"https:\\\/\\\/schema.org\",\"@graph\":[{\"@type\":\"WebPage\",\"@id\":\"https:\\\/\\\/pensium.es\\\/ca\\\/solicitud-de-guia-pensium\\\/\",\"url\":\"https:\\\/\\\/pensium.es\\\/ca\\\/solicitud-de-guia-pensium\\\/\",\"name\":\"Guia Pensium, la soluci\u00f3n para pagar su plaza en una residencia\",\"isPartOf\":{\"@id\":\"https:\\\/\\\/pensium.es\\\/ca\\\/#website\"},\"datePublished\":\"2017-02-28T15:57:49+00:00\",\"dateModified\":\"2025-01-20T11:13:20+00:00\",\"description\":\"Guia Pensium. Per tenir tots els detalls d'aquesta nova soluci\u00f3 per pagar la pla\u00e7a a la resid\u00e8ncia de gent gran, sense hipoteques ni avals\",\"breadcrumb\":{\"@id\":\"https:\\\/\\\/pensium.es\\\/ca\\\/solicitud-de-guia-pensium\\\/#breadcrumb\"},\"inLanguage\":\"ca\",\"potentialAction\":[{\"@type\":\"ReadAction\",\"target\":[\"https:\\\/\\\/pensium.es\\\/ca\\\/solicitud-de-guia-pensium\\\/\"]}]},{\"@type\":\"BreadcrumbList\",\"@id\":\"https:\\\/\\\/pensium.es\\\/ca\\\/solicitud-de-guia-pensium\\\/#breadcrumb\",\"itemListElement\":[{\"@type\":\"ListItem\",\"position\":1,\"name\":\"Inicio\",\"item\":\"https:\\\/\\\/pensium.es\\\/ca\\\/\"},{\"@type\":\"ListItem\",\"position\":2,\"name\":\"Sol\u00b7licitud de Guia Pensium\"}]},{\"@type\":\"WebSite\",\"@id\":\"https:\\\/\\\/pensium.es\\\/ca\\\/#website\",\"url\":\"https:\\\/\\\/pensium.es\\\/ca\\\/\",\"name\":\"Pensium\",\"description\":\"Paga la resid\u00e8ncia de la gent gran amb l'avan\u00e7ament del lloguer de l'habitatge\",\"potentialAction\":[{\"@type\":\"SearchAction\",\"target\":{\"@type\":\"EntryPoint\",\"urlTemplate\":\"https:\\\/\\\/pensium.es\\\/ca\\\/?s={search_term_string}\"},\"query-input\":{\"@type\":\"PropertyValueSpecification\",\"valueRequired\":true,\"valueName\":\"search_term_string\"}}],\"inLanguage\":\"ca\"}]}<\/script>\n<!-- \/ Yoast SEO plugin. -->","yoast_head_json":{"title":"Guia Pensium, la soluci\u00f3n para pagar su plaza en una residencia","description":"Guia Pensium. Per tenir tots els detalls d'aquesta nova soluci\u00f3 per pagar la pla\u00e7a a la resid\u00e8ncia de gent gran, sense hipoteques ni avals","robots":{"index":"index","follow":"follow","max-snippet":"max-snippet:-1","max-image-preview":"max-image-preview:large","max-video-preview":"max-video-preview:-1"},"canonical":"https:\/\/pensium.es\/ca\/solicitud-de-guia-pensium\/","og_locale":"ca_ES","og_type":"article","og_title":"Guia Pensium, la soluci\u00f3n para pagar su plaza en una residencia","og_description":"Guia Pensium. Per tenir tots els detalls d'aquesta nova soluci\u00f3 per pagar la pla\u00e7a a la resid\u00e8ncia de gent gran, sense hipoteques ni avals","og_url":"https:\/\/pensium.es\/ca\/solicitud-de-guia-pensium\/","og_site_name":"Pensium","article_publisher":"https:\/\/www.facebook.com\/pensium.es\/","article_modified_time":"2025-01-20T11:13:20+00:00","twitter_card":"summary_large_image","twitter_misc":{"Temps estimat de lectura":"1 minut"},"schema":{"@context":"https:\/\/schema.org","@graph":[{"@type":"WebPage","@id":"https:\/\/pensium.es\/ca\/solicitud-de-guia-pensium\/","url":"https:\/\/pensium.es\/ca\/solicitud-de-guia-pensium\/","name":"Guia Pensium, la soluci\u00f3n para pagar su plaza en una residencia","isPartOf":{"@id":"https:\/\/pensium.es\/ca\/#website"},"datePublished":"2017-02-28T15:57:49+00:00","dateModified":"2025-01-20T11:13:20+00:00","description":"Guia Pensium. Per tenir tots els detalls d'aquesta nova soluci\u00f3 per pagar la pla\u00e7a a la resid\u00e8ncia de gent gran, sense hipoteques ni avals","breadcrumb":{"@id":"https:\/\/pensium.es\/ca\/solicitud-de-guia-pensium\/#breadcrumb"},"inLanguage":"ca","potentialAction":[{"@type":"ReadAction","target":["https:\/\/pensium.es\/ca\/solicitud-de-guia-pensium\/"]}]},{"@type":"BreadcrumbList","@id":"https:\/\/pensium.es\/ca\/solicitud-de-guia-pensium\/#breadcrumb","itemListElement":[{"@type":"ListItem","position":1,"name":"Inicio","item":"https:\/\/pensium.es\/ca\/"},{"@type":"ListItem","position":2,"name":"Sol\u00b7licitud de Guia Pensium"}]},{"@type":"WebSite","@id":"https:\/\/pensium.es\/ca\/#website","url":"https:\/\/pensium.es\/ca\/","name":"Pensium","description":"Paga la resid\u00e8ncia de la gent gran amb l'avan\u00e7ament del lloguer de l'habitatge","potentialAction":[{"@type":"SearchAction","target":{"@type":"EntryPoint","urlTemplate":"https:\/\/pensium.es\/ca\/?s={search_term_string}"},"query-input":{"@type":"PropertyValueSpecification","valueRequired":true,"valueName":"search_term_string"}}],"inLanguage":"ca"}]}},"_links":{"self":[{"href":"https:\/\/pensium.es\/ca\/wp-json\/wp\/v2\/pages\/9451","targetHints":{"allow":["GET"]}}],"collection":[{"href":"https:\/\/pensium.es\/ca\/wp-json\/wp\/v2\/pages"}],"about":[{"href":"https:\/\/pensium.es\/ca\/wp-json\/wp\/v2\/types\/page"}],"author":[{"embeddable":true,"href":"https:\/\/pensium.es\/ca\/wp-json\/wp\/v2\/users\/1"}],"replies":[{"embeddable":true,"href":"https:\/\/pensium.es\/ca\/wp-json\/wp\/v2\/comments?post=9451"}],"version-history":[{"count":10,"href":"https:\/\/pensium.es\/ca\/wp-json\/wp\/v2\/pages\/9451\/revisions"}],"predecessor-version":[{"id":15121,"href":"https:\/\/pensium.es\/ca\/wp-json\/wp\/v2\/pages\/9451\/revisions\/15121"}],"wp:attachment":[{"href":"https:\/\/pensium.es\/ca\/wp-json\/wp\/v2\/media?parent=9451"}],"curies":[{"name":"wp","href":"https:\/\/api.w.org\/{rel}","templated":true}]}}