{"id":9469,"date":"2017-01-24T16:18:52","date_gmt":"2017-01-24T14:18:52","guid":{"rendered":"https:\/\/pensium.es\/informacion-legal\/"},"modified":"2022-12-06T18:33:35","modified_gmt":"2022-12-06T16:33:35","slug":"informacio-legal","status":"publish","type":"page","link":"https:\/\/pensium.es\/ca\/informacio-legal\/","title":{"rendered":"Informaci\u00f3 legal"},"content":{"rendered":"<section class=\"wpb-content-wrapper\"><p>[vc_row full_width=&#8221;stretch_row&#8221; parallax=&#8221;yes&#8221; el_class=&#8221;no-margin-top&#8221; css=&#8221;.vc_custom_1485199511507{padding-top: 125px !important;padding-bottom: 50px !important;background-image: url(http:\/\/pensium.es\/wp-content\/uploads\/2017\/01\/pensium-back1.jpg?id=4188) !important;background-position: center;background-repeat: no-repeat;background-size:cover;}&#8221;][vc_column][\/vc_column][\/vc_row][vc_row full_width=&#8221;stretch_row&#8221; row_height=&#8221;custom&#8221; css=&#8221;.vc_custom_1485190972745{padding-top: 20px !important;padding-bottom: 20px !important;}&#8221; custom_background=&#8221;inherit&#8221; anchor_link=&#8221;intro&#8221;][vc_column][vc_column_text]<\/p>\n<h2 style=\"text-align: left;\"><span class=\"xlarge-text light-font-weight\">INFORMACI\u00d3 LEGAL<\/span><\/h2>\n<p>[\/vc_column_text][vc_empty_space height=&#8221;10px&#8221;][\/vc_column][\/vc_row][vc_row full_width=&#8221;stretch_row&#8221; row_height=&#8221;custom&#8221; css=&#8221;.vc_custom_1485274768928{padding-top: 0px !important;padding-bottom: 20px !important;}&#8221; custom_background=&#8221;inherit&#8221; anchor_link=&#8221;intro&#8221;][vc_column][vc_column_text]DADES GENERALS<\/p>\n<p>D&#8217;acord amb l&#8217;article 10 de la Llei 34\/2002, de 11 de juliol, de Serveis de la Societat de la Informaci\u00f3 i de Comer\u00e7 Electr\u00f2nic posem a la seva disposici\u00f3 les seg\u00fcents dades:<\/p>\n<p>El grup PENSIUM est\u00e0 format per PENSIUM SL, que realitza les funcions comercials i informatives, i per PENSIUM DIRECT SL, que realitza les funcions operatives i de finan\u00e7ament.<\/p>\n<p>Pensium SL est\u00e0 domiciliada al Carrer Mallorca 214, 2\u00ba 1\u00aa porta B, de Barcelona (08008), amb CIF B66834904. Inscrita en el Registre Mercantil de Barcelona Tom 45.565, Foli 78, Full 492.017, Inscripci\u00f3 1. Pensium SL est\u00e0 inscrita com a ICI al Registre de Intermediaris de Cr\u00e8dit Immobiliari i Prestadors Immobiliaris del Banc d&#8217;Espanya (codi D037).<\/p>\n<p>Pensium Direct SL est\u00e0 domiciliada al Carrer Mallorca 214, 2\u00ba 1\u00aa porta B, de Barcelona (08008), amb CIF B66990086. Inscrita en el Registre Mercantil de Barcelona Tom 45.953, Foli 17, Full B 503.979, Inscripci\u00f3 11. Pensium Direct SL est\u00e0 inscrita com a PI al Registre de Intermediaris de Cr\u00e8dit Immobiliari i Prestadors Immobiliaris del Banc d&#8217;Espanya (codi D036).<\/p>\n<p>Pot posar-se en contacte amb nosaltres a trav\u00e9s de l&#8217;adre\u00e7a: Carrer Mallorca 214, 2\u00ba 1\u00aa porta B, de Barcelona (08008), mitjan\u00e7ant el formulari de contacte incl\u00f2s al lloc web o enviant un correu electr\u00f2nic a la seg\u00fcent adre\u00e7a: info@pensium.es<\/p>\n<p>&nbsp;<\/p>\n<p>CONDICIONS D&#8217;\u00daS<\/p>\n<p>Les condicions d&#8217;acc\u00e9s i \u00fas del present lloc web es regeixen per la legalitat vigent i pel principi de bona fe comprometent-se l&#8217;usuari a realitzar un bon \u00fas de la web. No es permeten conductes que vagin contra la llei, els drets o interessos de tercers.<\/p>\n<p>Ser usuari del web de Pensium SL implica que reconeix haver llegit i acceptat les presents condicions i el que les estengui segons la normativa legal aplicable en aquesta mat\u00e8ria. Si pel motiu que sigui no est\u00e0 d&#8217;acord amb aquestes condicions, no continu\u00ef usant aquesta web.<\/p>\n<p>Qualsevol tipus de notificaci\u00f3 i \/ o reclamaci\u00f3 \u00fanicament ser\u00e0 v\u00e0lida per notificaci\u00f3 escrita i \/ o correu certificat.<\/p>\n<p>&nbsp;<\/p>\n<p>RESPONSABILITATS<\/p>\n<p>Pensium SL no es fa responsable de la informaci\u00f3 i continguts emmagatzemats en f\u00f2rums, xarxes socials o qualsevol altre mitj\u00e0 que permeti a tercers publicar continguts de forma independent a la p\u00e0gina web del prestador.<\/p>\n<p>No obstant aix\u00f2, tenint en compte els art. 11 i 16 de la LSSI-CE, Pensium SL es compromet a la retirada o, si s\u2019escau, bloqueig d&#8217;aquells continguts que puguin afectar o contravenir la legislaci\u00f3 nacional o internacional, drets de tercers o la moral i l&#8217;ordre p\u00fablic.<\/p>\n<p>Tampoc l&#8217;empresa es far\u00e0 responsable dels danys i perjudicis que es produeixin per fallades o males configuracions del software instal\u00b7lat a l&#8217;ordinador de l&#8217;internauta. S&#8217;exclou tota responsabilitat per alguna incid\u00e8ncia t\u00e8cnica o fallada que es produeixi quan l&#8217;usuari es connecti a internet. Igualment, no es garanteix la inexist\u00e8ncia d&#8217;interrupcions o errors en l&#8217;acc\u00e9s a la p\u00e0gina web.<\/p>\n<p>Aix\u00ed mateix, Pensium SL es reserva el dret a actualitzar, modificar o eliminar la informaci\u00f3 continguda a la seva p\u00e0gina web, aix\u00ed com la configuraci\u00f3 o presentaci\u00f3 del mateix, en qualsevol moment sense assumir alguna responsabilitat per aix\u00f2.<\/p>\n<p>Li comuniquem que qualsevol preu o c\u00e0lcul que pugui veure a la nostra web ser\u00e0 nom\u00e9s orientatiu. Si l&#8217;usuari desitja saber amb exactitud el preu o si el producte en el moment actual compta amb alguna oferta de la qual es pot beneficiar, ha de contactar directament amb nosaltres a trav\u00e9s de qualsevol dels canals que oferim.<\/p>\n<p>&nbsp;<\/p>\n<p>PROPIETAT INTEL\u00b7LECTUAL I INDUSTRIAL<\/p>\n<p>Pensium SL \u00e9s titular de tots els drets sobre el software de la publicaci\u00f3 digital, aix\u00ed com dels drets de propietat industrial i intel\u00b7lectual referits als continguts que s&#8217;hi incloguin, a excepci\u00f3 dels drets sobre productes i serveis de car\u00e0cter p\u00fablic que no s\u00f3n propietat d&#8217;aquesta empresa.<\/p>\n<p>Cap material publicat a aquesta web podr\u00e0 ser reprodu\u00eft, copiat o publicat sense el consentiment per escrit de Pensium SL.<\/p>\n<p>Tota la informaci\u00f3 que es rebi a la web, com comentaris, suggeriments o idees, es considerar\u00e0 cedida a Pensium SL de manera gratu\u00efta. No s&#8217;ha d&#8217;enviar informaci\u00f3 que no pugui ser tractada d&#8217;aquesta manera.<\/p>\n<p>Tots els productes i serveis d&#8217;aquestes p\u00e0gines que no s\u00f3n propietat de Pensium, SL s\u00f3n marques registrades dels seus respectius propietaris i s\u00f3n reconegudes com a tals per la nostra empresa. Nom\u00e9s apareixen a la web de Pensium SL a l&#8217;efecte de promoci\u00f3 i de recopilaci\u00f3 d&#8217;informaci\u00f3. Aquests propietaris poden sol\u00b7licitar la modificaci\u00f3 o eliminaci\u00f3 de la informaci\u00f3 que els pertany.<\/p>\n<p>&nbsp;<\/p>\n<p>LLEI APLICABLE I JURISDICCI\u00d3<\/p>\n<p>Les presents condicions generals es regeixen per la legislaci\u00f3 espanyola. Per a qualsevol litigi que pogu\u00e9s sorgir relacionat amb el lloc web o l&#8217;activitat que s\u2019hi desenvolupa seran compet\u00e8ncia dels Jutjats de Barcelona, renunciant expressament l&#8217;usuari a qualsevol altre fur que pogu\u00e9s correspondre-li.<\/p>\n<p>&nbsp;<\/p>\n<p>SERVEI DE RECLAMACIONS<\/p>\n<p>Qualsevol usuari podr\u00e0 dirigir-se al Servei de Reclamacions a trav\u00e9s de qualsevol oficina PENSIUM oberta a el p\u00fablic, per correu postal o enviant un correu electr\u00f2nic a: <a href=\"mailto:reclamaciones@pensium.es\" target=\"_blank\" rel=\"noopener noreferrer\">reclamaciones@pensium.es<\/a><\/p>\n<p>Consulti <a href=\"https:\/\/pensium.es\/wp-content\/uploads\/2020\/03\/Normas-Servicio-Reclamaciones-Grupo-Pensium-Web-.pdf\" target=\"_blank\" rel=\"noopener noreferrer\">aqu\u00ed<\/a> les normes de Servei de Reclamacions del Grup Pensium.[\/vc_column_text][\/vc_column][\/vc_row]<\/p>\n<\/section>","protected":false},"excerpt":{"rendered":"<p>[vc_row full_width=&#8221;stretch_row&#8221; parallax=&#8221;yes&#8221; el_class=&#8221;no-margin-top&#8221; css=&#8221;.vc_custom_1485199511507{padding-top: 125px !important;padding-bottom: 50px !important;background-image: url(http:\/\/pensium.es\/wp-content\/uploads\/2017\/01\/pensium-back1.jpg?id=4188) !important;background-position: center;background-repeat: no-repeat;background-size:cover;}&#8221;][vc_column][\/vc_column][\/vc_row][vc_row full_width=&#8221;stretch_row&#8221; row_height=&#8221;custom&#8221; css=&#8221;.vc_custom_1485190972745{padding-top: 20px !important;padding-bottom: 20px !important;}&#8221; custom_background=&#8221;inherit&#8221; anchor_link=&#8221;intro&#8221;][vc_column][vc_column_text] INFORMACI\u00d3 LEGAL [\/vc_column_text][vc_empty_space height=&#8221;10px&#8221;][\/vc_column][\/vc_row][vc_row full_width=&#8221;stretch_row&#8221; row_height=&#8221;custom&#8221; css=&#8221;.vc_custom_1485274768928{padding-top: 0px !important;padding-bottom: 20px !important;}&#8221; custom_background=&#8221;inherit&#8221; anchor_link=&#8221;intro&#8221;][vc_column][vc_column_text]DADES GENERALS D&#8217;acord amb l&#8217;article 10 de la Llei 34\/2002, de 11 de juliol, de Serveis de la Societat de la &#8230; <a class=\"excerpt-readmore\" href=\"https:\/\/pensium.es\/ca\/informacio-legal\/\">Read More<\/a><\/p>\n","protected":false},"author":1,"featured_media":0,"parent":0,"menu_order":0,"comment_status":"open","ping_status":"closed","template":"","meta":{"footnotes":""},"class_list":["post-9469","page","type-page","status-publish","hentry"],"yoast_head":"<!-- This site is optimized with the Yoast SEO plugin v27.3 - https:\/\/yoast.com\/product\/yoast-seo-wordpress\/ -->\n<title>Informaci\u00f3 legal<\/title>\n<meta name=\"robots\" content=\"noindex, nofollow\" \/>\n<meta property=\"og:locale\" content=\"ca_ES\" \/>\n<meta property=\"og:type\" content=\"article\" \/>\n<meta property=\"og:title\" content=\"Informaci\u00f3 legal\" \/>\n<meta property=\"og:url\" content=\"https:\/\/pensium.es\/ca\/informacio-legal\/\" \/>\n<meta property=\"og:site_name\" content=\"Pensium\" \/>\n<meta property=\"article:publisher\" content=\"https:\/\/www.facebook.com\/pensium.es\/\" \/>\n<meta property=\"article:modified_time\" content=\"2022-12-06T16:33:35+00:00\" \/>\n<meta name=\"twitter:card\" content=\"summary_large_image\" \/>\n<meta name=\"twitter:label1\" content=\"Temps estimat de lectura\" \/>\n\t<meta name=\"twitter:data1\" content=\"5 minuts\" \/>\n<script type=\"application\/ld+json\" class=\"yoast-schema-graph\">{\"@context\":\"https:\\\/\\\/schema.org\",\"@graph\":[{\"@type\":\"WebPage\",\"@id\":\"https:\\\/\\\/pensium.es\\\/ca\\\/informacio-legal\\\/\",\"url\":\"https:\\\/\\\/pensium.es\\\/ca\\\/informacio-legal\\\/\",\"name\":\"Informaci\u00f3 legal\",\"isPartOf\":{\"@id\":\"https:\\\/\\\/pensium.es\\\/ca\\\/#website\"},\"datePublished\":\"2017-01-24T14:18:52+00:00\",\"dateModified\":\"2022-12-06T16:33:35+00:00\",\"breadcrumb\":{\"@id\":\"https:\\\/\\\/pensium.es\\\/ca\\\/informacio-legal\\\/#breadcrumb\"},\"inLanguage\":\"ca\",\"potentialAction\":[{\"@type\":\"ReadAction\",\"target\":[\"https:\\\/\\\/pensium.es\\\/ca\\\/informacio-legal\\\/\"]}]},{\"@type\":\"BreadcrumbList\",\"@id\":\"https:\\\/\\\/pensium.es\\\/ca\\\/informacio-legal\\\/#breadcrumb\",\"itemListElement\":[{\"@type\":\"ListItem\",\"position\":1,\"name\":\"Inicio\",\"item\":\"https:\\\/\\\/pensium.es\\\/ca\\\/\"},{\"@type\":\"ListItem\",\"position\":2,\"name\":\"Informaci\u00f3 legal\"}]},{\"@type\":\"WebSite\",\"@id\":\"https:\\\/\\\/pensium.es\\\/ca\\\/#website\",\"url\":\"https:\\\/\\\/pensium.es\\\/ca\\\/\",\"name\":\"Pensium\",\"description\":\"Paga la resid\u00e8ncia de la gent gran amb l'avan\u00e7ament del lloguer de l'habitatge\",\"potentialAction\":[{\"@type\":\"SearchAction\",\"target\":{\"@type\":\"EntryPoint\",\"urlTemplate\":\"https:\\\/\\\/pensium.es\\\/ca\\\/?s={search_term_string}\"},\"query-input\":{\"@type\":\"PropertyValueSpecification\",\"valueRequired\":true,\"valueName\":\"search_term_string\"}}],\"inLanguage\":\"ca\"}]}<\/script>\n<!-- \/ Yoast SEO plugin. -->","yoast_head_json":{"title":"Informaci\u00f3 legal","robots":{"index":"noindex","follow":"nofollow"},"og_locale":"ca_ES","og_type":"article","og_title":"Informaci\u00f3 legal","og_url":"https:\/\/pensium.es\/ca\/informacio-legal\/","og_site_name":"Pensium","article_publisher":"https:\/\/www.facebook.com\/pensium.es\/","article_modified_time":"2022-12-06T16:33:35+00:00","twitter_card":"summary_large_image","twitter_misc":{"Temps estimat de lectura":"5 minuts"},"schema":{"@context":"https:\/\/schema.org","@graph":[{"@type":"WebPage","@id":"https:\/\/pensium.es\/ca\/informacio-legal\/","url":"https:\/\/pensium.es\/ca\/informacio-legal\/","name":"Informaci\u00f3 legal","isPartOf":{"@id":"https:\/\/pensium.es\/ca\/#website"},"datePublished":"2017-01-24T14:18:52+00:00","dateModified":"2022-12-06T16:33:35+00:00","breadcrumb":{"@id":"https:\/\/pensium.es\/ca\/informacio-legal\/#breadcrumb"},"inLanguage":"ca","potentialAction":[{"@type":"ReadAction","target":["https:\/\/pensium.es\/ca\/informacio-legal\/"]}]},{"@type":"BreadcrumbList","@id":"https:\/\/pensium.es\/ca\/informacio-legal\/#breadcrumb","itemListElement":[{"@type":"ListItem","position":1,"name":"Inicio","item":"https:\/\/pensium.es\/ca\/"},{"@type":"ListItem","position":2,"name":"Informaci\u00f3 legal"}]},{"@type":"WebSite","@id":"https:\/\/pensium.es\/ca\/#website","url":"https:\/\/pensium.es\/ca\/","name":"Pensium","description":"Paga la resid\u00e8ncia de la gent gran amb l'avan\u00e7ament del lloguer de l'habitatge","potentialAction":[{"@type":"SearchAction","target":{"@type":"EntryPoint","urlTemplate":"https:\/\/pensium.es\/ca\/?s={search_term_string}"},"query-input":{"@type":"PropertyValueSpecification","valueRequired":true,"valueName":"search_term_string"}}],"inLanguage":"ca"}]}},"_links":{"self":[{"href":"https:\/\/pensium.es\/ca\/wp-json\/wp\/v2\/pages\/9469","targetHints":{"allow":["GET"]}}],"collection":[{"href":"https:\/\/pensium.es\/ca\/wp-json\/wp\/v2\/pages"}],"about":[{"href":"https:\/\/pensium.es\/ca\/wp-json\/wp\/v2\/types\/page"}],"author":[{"embeddable":true,"href":"https:\/\/pensium.es\/ca\/wp-json\/wp\/v2\/users\/1"}],"replies":[{"embeddable":true,"href":"https:\/\/pensium.es\/ca\/wp-json\/wp\/v2\/comments?post=9469"}],"version-history":[{"count":5,"href":"https:\/\/pensium.es\/ca\/wp-json\/wp\/v2\/pages\/9469\/revisions"}],"predecessor-version":[{"id":12900,"href":"https:\/\/pensium.es\/ca\/wp-json\/wp\/v2\/pages\/9469\/revisions\/12900"}],"wp:attachment":[{"href":"https:\/\/pensium.es\/ca\/wp-json\/wp\/v2\/media?parent=9469"}],"curies":[{"name":"wp","href":"https:\/\/api.w.org\/{rel}","templated":true}]}}