{"id":9483,"date":"2017-03-29T10:47:34","date_gmt":"2017-03-29T10:47:34","guid":{"rendered":"https:\/\/pensium.es\/politica-de-cookies\/"},"modified":"2021-06-16T16:18:42","modified_gmt":"2021-06-16T14:18:42","slug":"politica-de-cookies","status":"publish","type":"page","link":"https:\/\/pensium.es\/ca\/politica-de-cookies\/","title":{"rendered":"Pol\u00edtica de cookies"},"content":{"rendered":"<section class=\"wpb-content-wrapper\"><p>[vc_row full_width=&#8221;stretch_row&#8221; parallax=&#8221;yes&#8221; el_class=&#8221;no-margin-top&#8221; css=&#8221;.vc_custom_1485199511507{padding-top: 125px !important;padding-bottom: 50px !important;background-image: url(http:\/\/pensium.es\/wp-content\/uploads\/2017\/01\/pensium-back1.jpg?id=4188) !important;background-position: center;background-repeat: no-repeat;background-size: cover !important;}&#8221;][vc_column][\/vc_column][\/vc_row][vc_row full_width=&#8221;stretch_row&#8221; row_height=&#8221;custom&#8221; css=&#8221;.vc_custom_1485190972745{padding-top: 20px !important;padding-bottom: 20px !important;}&#8221; custom_background=&#8221;inherit&#8221; anchor_link=&#8221;intro&#8221;][vc_column][vc_column_text]<\/p>\n<h2 style=\"text-align: left;\"><span class=\"xlarge-text light-font-weight\">Pol\u00edtica de cookies<br \/>\n<\/span><\/h2>\n<p>[\/vc_column_text][vc_empty_space height=&#8221;10px&#8221;][\/vc_column][\/vc_row][vc_row full_width=&#8221;stretch_row&#8221; row_height=&#8221;custom&#8221; css=&#8221;.vc_custom_1485274768928{padding-top: 0px !important;padding-bottom: 20px !important;}&#8221; custom_background=&#8221;inherit&#8221; anchor_link=&#8221;intro&#8221;][vc_column][vc_column_text]<strong>Qu\u00e8 s\u00f3n las cookies? <\/strong><\/p>\n<p>Pensium, a trav\u00e9s d\u2019aquest lloc web, utilitza cookies i\/o tecnologies similars que emmagatzemen i recuperen informaci\u00f3 quan navegues. En general, aquestes tecnologies poden servir per a finalitats molt diverses, com, per exemple, recon\u00e8ixer com a usuari, obtenir informaci\u00f3 sobre els teus h\u00e0bits de navegaci\u00f3, o personalitzar la forma en qu\u00e8 es mostra el contingut. Els usos concrets que fem d\u2019aquestes tecnologies es descriuen a continuaci\u00f3.<\/p>\n<p><strong>Cookies utilitzades en aquest lloc web<\/strong><\/p>\n<p>Aquest lloc web utilitza cookies pr\u00f2pies i de tercers quina finalitat \u00e9s facilitar la navegaci\u00f3, el seu correcte funcionament i realitzar estad\u00edstiques de les visites dels usuaris.<\/p>\n<p>Concretament, aquest lloc web no recull dades de car\u00e0cter personal, tan sols usa:<\/p>\n<p><em>&#8211; Cookies t\u00e8cniques: S\u00f3n aquelles que permeten a l\u2019usuari la navegaci\u00f3 a trav\u00e9s d\u2019una p\u00e0gina web, plataforma o aplicaci\u00f3 i la utilitzaci\u00f3 de les diferents opcions o serveis que hi existeixin com, per exemple, controlar el tr\u00e0fic i la comunicaci\u00f3 de dades, identificar la sessi\u00f3, accedir a parts d\u2019acc\u00e9s restringit, recordar els elements que integren una comando, realitzar el proc\u00e9s de compra d\u2019una comanda, realitzar la sol\u00b7licitud d\u2019inscripci\u00f3 o participaci\u00f3 a un esdeveniment, utilitzar elements de seguretat durant la navegaci\u00f3, emmagatzemar continguts per a la difusi\u00f3 de v\u00eddeo o so, o compartir continguts a trav\u00e9s de xarxes socials.<\/em><\/p>\n<p><em>&#8211; Cookies de personalitzaci\u00f3: S\u00f3n aquelles que permeten a l\u2019usuari accedir al servei amb algunes caracter\u00edstiques de car\u00e0cter general predefinides en funci\u00f3 d\u2019una s\u00e8rie de criteris en el terminal de l\u2019usuari com per exemple serien l\u2019idioma, el tipus de navegador a trav\u00e9s del qual s\u2019accedeix al servei, la configuraci\u00f3 regional des d\u2019on accedeix al servei, etc.<\/em><\/p>\n<p><em>&#8211; Cookies d\u2019an\u00e0lisi: S\u00f3n aquelles que ben tractades per nosaltres o per tercers, ens permeten quantificar el nombre d\u2019usuaris i aix\u00ed realitzar la mesura i an\u00e0lisi estad\u00edstic de la utilitzaci\u00f3 que fan els usuaris del servei ofert. Per a aix\u00f2 s\u2019analitza la seva navegaci\u00f3 en la nostra p\u00e0gina web amb la finalitat de millorar l\u2019oferta de productes o serveis que li oferim.<\/em><\/p>\n<p>Vost\u00e8 pot permetre, bloquejar o eliminar les cookies instal\u00b7lades al seu equip mitjan\u00e7ant la configuraci\u00f3 de les opcions del navegador instal\u00b7lat al seu ordinador, per\u00f2 en aquest cas no li garantim el funcionament de la p\u00e0gina.<\/p>\n<p><strong>Google Analytics\u00a0\u00a0\u00a0 <\/strong><\/p>\n<p>Aquest lloc web utilitza Google Analytics, un servei d\u2019an\u00e0lisi web prestat per Google, Inc. (&#8220;Google&#8221;). Google Analytics utilitza &#8220;cookies&#8221;, que s\u00f3n arxius de text ubicats a l\u2019ordinador, per al suport al lloc web per a analitzar com els usuaris usen el lloc. La informaci\u00f3 generada per la cookie en el lloc web (incloent l\u2019adre\u00e7a IP) ser\u00e0 transmesa i emmagatzemada per Google als servidors d\u2019Estats Units. En caso d\u2019activaci\u00f3 de l\u2019anonimitzaci\u00f3 de IP, Google truncar\u00e0\/anonimitzar\u00e0 el darrer octet de l\u2019adre\u00e7a IP per als Estats de la Uni\u00f3 Europea, aix\u00ed como per a altres parts incloses a l\u2019acord sobre l\u2019espai econ\u00f2mic europeu. Nom\u00e9s en casos excepcionals, els servidors de Google a EEUU envien i escurcen l\u2019adre\u00e7a IP completa. En nom del prove\u00efdor del lloc web, Google utilitzar\u00e0 aquesta informaci\u00f3 per a avaluar l\u2019\u00fas de la web, recopilant informes sobre l\u2019activitat de la p\u00e0gina web per als operadors de llocs web i de la classe de prove\u00efdors de serveis Web i l\u2019\u00fas d\u2019Internet en el prove\u00efdor del lloc Web. Google no associar\u00e0 la seva adre\u00e7a IP amb cap altra dada en poder de Google.<\/p>\n<p>Pot rebutjar l\u2019\u00fas de cookies seleccionant la configuraci\u00f3 per al navegador. No obstant aix\u00f2, tingui en compte que, si ho fa, \u00e9s possible que no pugui usar la funcionalitat completa d\u2019aquest lloc web.<\/p>\n<p>A m\u00e9s a m\u00e9s, pot evitar que Google recopili i usi dades (cookies i adreces IP) descarregant i instal\u00b7lant el complement del navegador disponible a:<\/p>\n<p><a href=\"http:\/\/www.google.com\/intl\/es\/policies\/privacy\/\">http:\/\/www.google.com\/intl\/es\/policies\/privacy\/<\/a><\/p>\n<p>Pot trobar m\u00e9s informaci\u00f3 dels termes i condicions d\u2019\u00fas i la pol\u00edtica de privacitat de les dades a <a href=\"http:\/\/www.google.com\/analytics\/terms\/gb.html\">http:\/\/www.Google.com\/analytics\/Terms\/GB.html<\/a><\/p>\n<p>O a \u00a0<a href=\"http:\/\/www.google.com\/intl\/en_uk\/analytics\/privacyoverview.html\">http:\/\/www.Google.com\/intl\/en_UK\/Analytics\/privacyoverview.html<\/a><\/p>\n<p>En aquest lloc web, el codi\u00a0 de Google Analytics es complementa com\u00a0 &#8220;gat._anonymize IP ();&#8221; per a garantir una col\u00b7lecci\u00f3 an\u00f2nima d\u2019IP (anomenat IP Masquerade).[\/vc_column_text][\/vc_column][\/vc_row]<\/p>\n<\/section>","protected":false},"excerpt":{"rendered":"<p>[vc_row full_width=&#8221;stretch_row&#8221; parallax=&#8221;yes&#8221; el_class=&#8221;no-margin-top&#8221; css=&#8221;.vc_custom_1485199511507{padding-top: 125px !important;padding-bottom: 50px !important;background-image: url(http:\/\/pensium.es\/wp-content\/uploads\/2017\/01\/pensium-back1.jpg?id=4188) !important;background-position: center;background-repeat: no-repeat;background-size: cover !important;}&#8221;][vc_column][\/vc_column][\/vc_row][vc_row full_width=&#8221;stretch_row&#8221; row_height=&#8221;custom&#8221; css=&#8221;.vc_custom_1485190972745{padding-top: 20px !important;padding-bottom: 20px !important;}&#8221; custom_background=&#8221;inherit&#8221; anchor_link=&#8221;intro&#8221;][vc_column][vc_column_text] Pol\u00edtica de cookies [\/vc_column_text][vc_empty_space height=&#8221;10px&#8221;][\/vc_column][\/vc_row][vc_row full_width=&#8221;stretch_row&#8221; row_height=&#8221;custom&#8221; css=&#8221;.vc_custom_1485274768928{padding-top: 0px !important;padding-bottom: 20px !important;}&#8221; custom_background=&#8221;inherit&#8221; anchor_link=&#8221;intro&#8221;][vc_column][vc_column_text]Qu\u00e8 s\u00f3n las cookies? Pensium, a trav\u00e9s d\u2019aquest lloc web, utilitza cookies i\/o tecnologies similars que emmagatzemen i &#8230; <a class=\"excerpt-readmore\" href=\"https:\/\/pensium.es\/ca\/politica-de-cookies\/\">Read More<\/a><\/p>\n","protected":false},"author":1,"featured_media":0,"parent":0,"menu_order":0,"comment_status":"open","ping_status":"closed","template":"","meta":{"footnotes":""},"class_list":["post-9483","page","type-page","status-publish","hentry"],"yoast_head":"<!-- This site is optimized with the Yoast SEO plugin v27.3 - https:\/\/yoast.com\/product\/yoast-seo-wordpress\/ -->\n<title>Pol\u00edtica de cookies<\/title>\n<meta name=\"robots\" content=\"noindex, nofollow\" \/>\n<meta property=\"og:locale\" content=\"ca_ES\" \/>\n<meta property=\"og:type\" content=\"article\" \/>\n<meta property=\"og:title\" content=\"Pol\u00edtica de cookies\" \/>\n<meta property=\"og:url\" content=\"https:\/\/pensium.es\/ca\/politica-de-cookies\/\" \/>\n<meta property=\"og:site_name\" content=\"Pensium\" \/>\n<meta property=\"article:publisher\" content=\"https:\/\/www.facebook.com\/pensium.es\/\" \/>\n<meta property=\"article:modified_time\" content=\"2021-06-16T14:18:42+00:00\" \/>\n<meta name=\"twitter:card\" content=\"summary_large_image\" \/>\n<meta name=\"twitter:label1\" content=\"Temps estimat de lectura\" \/>\n\t<meta name=\"twitter:data1\" content=\"4 minuts\" \/>\n<script type=\"application\/ld+json\" class=\"yoast-schema-graph\">{\"@context\":\"https:\\\/\\\/schema.org\",\"@graph\":[{\"@type\":\"WebPage\",\"@id\":\"https:\\\/\\\/pensium.es\\\/ca\\\/politica-de-cookies\\\/\",\"url\":\"https:\\\/\\\/pensium.es\\\/ca\\\/politica-de-cookies\\\/\",\"name\":\"Pol\u00edtica de cookies\",\"isPartOf\":{\"@id\":\"https:\\\/\\\/pensium.es\\\/ca\\\/#website\"},\"datePublished\":\"2017-03-29T10:47:34+00:00\",\"dateModified\":\"2021-06-16T14:18:42+00:00\",\"breadcrumb\":{\"@id\":\"https:\\\/\\\/pensium.es\\\/ca\\\/politica-de-cookies\\\/#breadcrumb\"},\"inLanguage\":\"ca\",\"potentialAction\":[{\"@type\":\"ReadAction\",\"target\":[\"https:\\\/\\\/pensium.es\\\/ca\\\/politica-de-cookies\\\/\"]}]},{\"@type\":\"BreadcrumbList\",\"@id\":\"https:\\\/\\\/pensium.es\\\/ca\\\/politica-de-cookies\\\/#breadcrumb\",\"itemListElement\":[{\"@type\":\"ListItem\",\"position\":1,\"name\":\"Inicio\",\"item\":\"https:\\\/\\\/pensium.es\\\/ca\\\/\"},{\"@type\":\"ListItem\",\"position\":2,\"name\":\"Pol\u00edtica de cookies\"}]},{\"@type\":\"WebSite\",\"@id\":\"https:\\\/\\\/pensium.es\\\/ca\\\/#website\",\"url\":\"https:\\\/\\\/pensium.es\\\/ca\\\/\",\"name\":\"Pensium\",\"description\":\"Paga la resid\u00e8ncia de la gent gran amb l'avan\u00e7ament del lloguer de l'habitatge\",\"potentialAction\":[{\"@type\":\"SearchAction\",\"target\":{\"@type\":\"EntryPoint\",\"urlTemplate\":\"https:\\\/\\\/pensium.es\\\/ca\\\/?s={search_term_string}\"},\"query-input\":{\"@type\":\"PropertyValueSpecification\",\"valueRequired\":true,\"valueName\":\"search_term_string\"}}],\"inLanguage\":\"ca\"}]}<\/script>\n<!-- \/ Yoast SEO plugin. -->","yoast_head_json":{"title":"Pol\u00edtica de cookies","robots":{"index":"noindex","follow":"nofollow"},"og_locale":"ca_ES","og_type":"article","og_title":"Pol\u00edtica de cookies","og_url":"https:\/\/pensium.es\/ca\/politica-de-cookies\/","og_site_name":"Pensium","article_publisher":"https:\/\/www.facebook.com\/pensium.es\/","article_modified_time":"2021-06-16T14:18:42+00:00","twitter_card":"summary_large_image","twitter_misc":{"Temps estimat de lectura":"4 minuts"},"schema":{"@context":"https:\/\/schema.org","@graph":[{"@type":"WebPage","@id":"https:\/\/pensium.es\/ca\/politica-de-cookies\/","url":"https:\/\/pensium.es\/ca\/politica-de-cookies\/","name":"Pol\u00edtica de cookies","isPartOf":{"@id":"https:\/\/pensium.es\/ca\/#website"},"datePublished":"2017-03-29T10:47:34+00:00","dateModified":"2021-06-16T14:18:42+00:00","breadcrumb":{"@id":"https:\/\/pensium.es\/ca\/politica-de-cookies\/#breadcrumb"},"inLanguage":"ca","potentialAction":[{"@type":"ReadAction","target":["https:\/\/pensium.es\/ca\/politica-de-cookies\/"]}]},{"@type":"BreadcrumbList","@id":"https:\/\/pensium.es\/ca\/politica-de-cookies\/#breadcrumb","itemListElement":[{"@type":"ListItem","position":1,"name":"Inicio","item":"https:\/\/pensium.es\/ca\/"},{"@type":"ListItem","position":2,"name":"Pol\u00edtica de cookies"}]},{"@type":"WebSite","@id":"https:\/\/pensium.es\/ca\/#website","url":"https:\/\/pensium.es\/ca\/","name":"Pensium","description":"Paga la resid\u00e8ncia de la gent gran amb l'avan\u00e7ament del lloguer de l'habitatge","potentialAction":[{"@type":"SearchAction","target":{"@type":"EntryPoint","urlTemplate":"https:\/\/pensium.es\/ca\/?s={search_term_string}"},"query-input":{"@type":"PropertyValueSpecification","valueRequired":true,"valueName":"search_term_string"}}],"inLanguage":"ca"}]}},"_links":{"self":[{"href":"https:\/\/pensium.es\/ca\/wp-json\/wp\/v2\/pages\/9483","targetHints":{"allow":["GET"]}}],"collection":[{"href":"https:\/\/pensium.es\/ca\/wp-json\/wp\/v2\/pages"}],"about":[{"href":"https:\/\/pensium.es\/ca\/wp-json\/wp\/v2\/types\/page"}],"author":[{"embeddable":true,"href":"https:\/\/pensium.es\/ca\/wp-json\/wp\/v2\/users\/1"}],"replies":[{"embeddable":true,"href":"https:\/\/pensium.es\/ca\/wp-json\/wp\/v2\/comments?post=9483"}],"version-history":[{"count":4,"href":"https:\/\/pensium.es\/ca\/wp-json\/wp\/v2\/pages\/9483\/revisions"}],"predecessor-version":[{"id":10321,"href":"https:\/\/pensium.es\/ca\/wp-json\/wp\/v2\/pages\/9483\/revisions\/10321"}],"wp:attachment":[{"href":"https:\/\/pensium.es\/ca\/wp-json\/wp\/v2\/media?parent=9483"}],"curies":[{"name":"wp","href":"https:\/\/api.w.org\/{rel}","templated":true}]}}