{"id":18841,"date":"2017-10-31T13:12:46","date_gmt":"2017-10-31T13:12:46","guid":{"rendered":"https:\/\/pensium.es\/codigo-etico\/"},"modified":"2026-05-15T13:15:04","modified_gmt":"2026-05-15T11:15:04","slug":"code-of-ethics","status":"publish","type":"page","link":"https:\/\/pensium.es\/en\/code-of-ethics\/","title":{"rendered":"Code of ethics"},"content":{"rendered":"<section class=\"wpb-content-wrapper\"><p>[vc_row full_width=&#8221;stretch_row&#8221; parallax=&#8221;yes&#8221; el_class=&#8221;no-margin-top&#8221; css=&#8221;.vc_custom_1485199511507{padding-top: 125px !important;padding-bottom: 50px !important;background-image: url(http:\/\/pensium.es\/wp-content\/uploads\/2017\/01\/pensium-back1.jpg?id=4188) !important;background-position: center;background-repeat: no-repeat;background-size:cover;}&#8221;][vc_column][\/vc_column][\/vc_row][vc_row full_width=&#8221;stretch_row&#8221; row_height=&#8221;custom&#8221; css=&#8221;.vc_custom_1485190972745{padding-top: 20px !important;padding-bottom: 20px !important;}&#8221; custom_background=&#8221;inherit&#8221; anchor_link=&#8221;intro&#8221;][vc_column][vc_column_text]<\/p>\n<h2 style=\"text-align: left;\"><span class=\"xlarge-text light-font-weight\">C\u00f3digo \u00c9tico<\/span><\/h2>\n<p>[\/vc_column_text][vc_empty_space height=&#8221;10px&#8221;][\/vc_column][\/vc_row][vc_row full_width=&#8221;stretch_row&#8221; row_height=&#8221;custom&#8221; css=&#8221;.vc_custom_1485274768928{padding-top: 0px !important;padding-bottom: 20px !important;}&#8221; custom_background=&#8221;inherit&#8221; anchor_link=&#8221;intro&#8221;][vc_column][vc_column_text]<\/p>\n<h4><span style=\"color: #993366;\"><strong><em><a style=\"color: #993366;\" href=\"https:\/\/pensium.es\/wp-content\/uploads\/2023\/11\/Codigo-Etico-PENSIUM-2023.pdf\">&gt;&gt;C\u00f3digo \u00c9tico PENSIUM<\/a><\/em><\/strong><\/span><\/h4>\n<p>[\/vc_column_text][\/vc_column][\/vc_row][vc_row][vc_column]<div id=\"group-slider-gp\" class=\"gallery-wrap group-slider shortcode   nv-skin clearfix horizontal\" style=\"max-width:px;\" data-groupslider-fx=\"scrollHorz\"><div class=\"group-slider \" ><img decoding=\"async\" src=\"https:\/\/pensium.es\/wp-content\/themes\/DynamiX\/images\/blank.gif\"><\/div><!-- \/ groupslider --><div class=\"slidernav-left nvcolor-wrap\"><\/div><div class=\"slidernav-right nvcolor-wrap\"><\/div><input name=\"group-slider-gp_timeout\" class=\"timeout\" value=\"\" type=\"hidden\" \/><\/div><!-- \/ gallery-wrap --><div class=\"clear\"><\/div>[\/vc_column][\/vc_row]<\/p>\n<\/section>","protected":false},"excerpt":{"rendered":"<p>[vc_row full_width=&#8221;stretch_row&#8221; parallax=&#8221;yes&#8221; el_class=&#8221;no-margin-top&#8221; css=&#8221;.vc_custom_1485199511507{padding-top: 125px !important;padding-bottom: 50px !important;background-image: url(http:\/\/pensium.es\/wp-content\/uploads\/2017\/01\/pensium-back1.jpg?id=4188) !important;background-position: center;background-repeat: no-repeat;background-size:cover;}&#8221;][vc_column][\/vc_column][\/vc_row][vc_row full_width=&#8221;stretch_row&#8221; row_height=&#8221;custom&#8221; css=&#8221;.vc_custom_1485190972745{padding-top: 20px !important;padding-bottom: 20px !important;}&#8221; custom_background=&#8221;inherit&#8221; anchor_link=&#8221;intro&#8221;][vc_column][vc_column_text] C\u00f3digo \u00c9tico [\/vc_column_text][vc_empty_space height=&#8221;10px&#8221;][\/vc_column][\/vc_row][vc_row full_width=&#8221;stretch_row&#8221; row_height=&#8221;custom&#8221; css=&#8221;.vc_custom_1485274768928{padding-top: 0px !important;padding-bottom: 20px !important;}&#8221; custom_background=&#8221;inherit&#8221; anchor_link=&#8221;intro&#8221;][vc_column][vc_column_text] &gt;&gt;C\u00f3digo \u00c9tico PENSIUM [\/vc_column_text][\/vc_column][\/vc_row][vc_row][vc_column][\/vc_column][\/vc_row]<\/p>\n","protected":false},"author":1,"featured_media":0,"parent":0,"menu_order":0,"comment_status":"open","ping_status":"closed","template":"","meta":{"footnotes":""},"class_list":["post-18841","page","type-page","status-publish","hentry"],"yoast_head":"<!-- This site is optimized with the Yoast SEO plugin v27.3 - https:\/\/yoast.com\/product\/yoast-seo-wordpress\/ -->\n<title>Nuestro C\u00f3digo \u00c9tico: Transparencia, sencillez, agilidad y responsabilidad<\/title>\n<meta name=\"description\" content=\"En Pensium desarrollamos nuestra actividad en base a los principios de transparencia, sencillez, agilidad y responsabilidad. \u00bfQuieres saber m\u00e1s?\" \/>\n<meta name=\"robots\" content=\"noindex, follow\" \/>\n<meta property=\"og:locale\" content=\"en_US\" \/>\n<meta property=\"og:type\" content=\"article\" \/>\n<meta property=\"og:title\" content=\"Nuestro C\u00f3digo \u00c9tico: Transparencia, sencillez, agilidad y responsabilidad\" \/>\n<meta property=\"og:description\" content=\"En Pensium desarrollamos nuestra actividad en base a los principios de transparencia, sencillez, agilidad y responsabilidad. \u00bfQuieres saber m\u00e1s?\" \/>\n<meta property=\"og:url\" content=\"https:\/\/pensium.es\/en\/code-of-ethics\/\" \/>\n<meta property=\"og:site_name\" content=\"Pensium\" \/>\n<meta property=\"article:publisher\" content=\"https:\/\/www.facebook.com\/pensium.es\/\" \/>\n<meta property=\"article:modified_time\" content=\"2026-05-15T11:15:04+00:00\" \/>\n<meta name=\"twitter:card\" content=\"summary_large_image\" \/>\n<meta name=\"twitter:label1\" content=\"Est. reading time\" \/>\n\t<meta name=\"twitter:data1\" content=\"1 minute\" \/>\n<script type=\"application\/ld+json\" class=\"yoast-schema-graph\">{\"@context\":\"https:\\\/\\\/schema.org\",\"@graph\":[{\"@type\":\"WebPage\",\"@id\":\"https:\\\/\\\/pensium.es\\\/en\\\/code-of-ethics\\\/\",\"url\":\"https:\\\/\\\/pensium.es\\\/en\\\/code-of-ethics\\\/\",\"name\":\"Nuestro C\u00f3digo \u00c9tico: Transparencia, sencillez, agilidad y responsabilidad\",\"isPartOf\":{\"@id\":\"https:\\\/\\\/pensium.es\\\/en\\\/#website\"},\"datePublished\":\"2017-10-31T13:12:46+00:00\",\"dateModified\":\"2026-05-15T11:15:04+00:00\",\"description\":\"En Pensium desarrollamos nuestra actividad en base a los principios de transparencia, sencillez, agilidad y responsabilidad. \u00bfQuieres saber m\u00e1s?\",\"breadcrumb\":{\"@id\":\"https:\\\/\\\/pensium.es\\\/en\\\/code-of-ethics\\\/#breadcrumb\"},\"inLanguage\":\"en-US\",\"potentialAction\":[{\"@type\":\"ReadAction\",\"target\":[\"https:\\\/\\\/pensium.es\\\/en\\\/code-of-ethics\\\/\"]}]},{\"@type\":\"BreadcrumbList\",\"@id\":\"https:\\\/\\\/pensium.es\\\/en\\\/code-of-ethics\\\/#breadcrumb\",\"itemListElement\":[{\"@type\":\"ListItem\",\"position\":1,\"name\":\"Inicio\",\"item\":\"https:\\\/\\\/pensium.es\\\/en\\\/\"},{\"@type\":\"ListItem\",\"position\":2,\"name\":\"Code of ethics\"}]},{\"@type\":\"WebSite\",\"@id\":\"https:\\\/\\\/pensium.es\\\/en\\\/#website\",\"url\":\"https:\\\/\\\/pensium.es\\\/en\\\/\",\"name\":\"Pensium\",\"description\":\"Paga la residencia de las personas mayores con el anticipo del alquiler de la vivienda\",\"potentialAction\":[{\"@type\":\"SearchAction\",\"target\":{\"@type\":\"EntryPoint\",\"urlTemplate\":\"https:\\\/\\\/pensium.es\\\/en\\\/?s={search_term_string}\"},\"query-input\":{\"@type\":\"PropertyValueSpecification\",\"valueRequired\":true,\"valueName\":\"search_term_string\"}}],\"inLanguage\":\"en-US\"}]}<\/script>\n<!-- \/ Yoast SEO plugin. -->","yoast_head_json":{"title":"Nuestro C\u00f3digo \u00c9tico: Transparencia, sencillez, agilidad y responsabilidad","description":"En Pensium desarrollamos nuestra actividad en base a los principios de transparencia, sencillez, agilidad y responsabilidad. \u00bfQuieres saber m\u00e1s?","robots":{"index":"noindex","follow":"follow"},"og_locale":"en_US","og_type":"article","og_title":"Nuestro C\u00f3digo \u00c9tico: Transparencia, sencillez, agilidad y responsabilidad","og_description":"En Pensium desarrollamos nuestra actividad en base a los principios de transparencia, sencillez, agilidad y responsabilidad. \u00bfQuieres saber m\u00e1s?","og_url":"https:\/\/pensium.es\/en\/code-of-ethics\/","og_site_name":"Pensium","article_publisher":"https:\/\/www.facebook.com\/pensium.es\/","article_modified_time":"2026-05-15T11:15:04+00:00","twitter_card":"summary_large_image","twitter_misc":{"Est. reading time":"1 minute"},"schema":{"@context":"https:\/\/schema.org","@graph":[{"@type":"WebPage","@id":"https:\/\/pensium.es\/en\/code-of-ethics\/","url":"https:\/\/pensium.es\/en\/code-of-ethics\/","name":"Nuestro C\u00f3digo \u00c9tico: Transparencia, sencillez, agilidad y responsabilidad","isPartOf":{"@id":"https:\/\/pensium.es\/en\/#website"},"datePublished":"2017-10-31T13:12:46+00:00","dateModified":"2026-05-15T11:15:04+00:00","description":"En Pensium desarrollamos nuestra actividad en base a los principios de transparencia, sencillez, agilidad y responsabilidad. \u00bfQuieres saber m\u00e1s?","breadcrumb":{"@id":"https:\/\/pensium.es\/en\/code-of-ethics\/#breadcrumb"},"inLanguage":"en-US","potentialAction":[{"@type":"ReadAction","target":["https:\/\/pensium.es\/en\/code-of-ethics\/"]}]},{"@type":"BreadcrumbList","@id":"https:\/\/pensium.es\/en\/code-of-ethics\/#breadcrumb","itemListElement":[{"@type":"ListItem","position":1,"name":"Inicio","item":"https:\/\/pensium.es\/en\/"},{"@type":"ListItem","position":2,"name":"Code of ethics"}]},{"@type":"WebSite","@id":"https:\/\/pensium.es\/en\/#website","url":"https:\/\/pensium.es\/en\/","name":"Pensium","description":"Paga la residencia de las personas mayores con el anticipo del alquiler de la vivienda","potentialAction":[{"@type":"SearchAction","target":{"@type":"EntryPoint","urlTemplate":"https:\/\/pensium.es\/en\/?s={search_term_string}"},"query-input":{"@type":"PropertyValueSpecification","valueRequired":true,"valueName":"search_term_string"}}],"inLanguage":"en-US"}]}},"_links":{"self":[{"href":"https:\/\/pensium.es\/en\/wp-json\/wp\/v2\/pages\/18841","targetHints":{"allow":["GET"]}}],"collection":[{"href":"https:\/\/pensium.es\/en\/wp-json\/wp\/v2\/pages"}],"about":[{"href":"https:\/\/pensium.es\/en\/wp-json\/wp\/v2\/types\/page"}],"author":[{"embeddable":true,"href":"https:\/\/pensium.es\/en\/wp-json\/wp\/v2\/users\/1"}],"replies":[{"embeddable":true,"href":"https:\/\/pensium.es\/en\/wp-json\/wp\/v2\/comments?post=18841"}],"version-history":[{"count":1,"href":"https:\/\/pensium.es\/en\/wp-json\/wp\/v2\/pages\/18841\/revisions"}],"predecessor-version":[{"id":18851,"href":"https:\/\/pensium.es\/en\/wp-json\/wp\/v2\/pages\/18841\/revisions\/18851"}],"wp:attachment":[{"href":"https:\/\/pensium.es\/en\/wp-json\/wp\/v2\/media?parent=18841"}],"curies":[{"name":"wp","href":"https:\/\/api.w.org\/{rel}","templated":true}]}}