{"id":14809,"date":"2025-01-15T17:48:41","date_gmt":"2025-01-15T15:48:41","guid":{"rendered":"https:\/\/pensium.es\/?page_id=14809"},"modified":"2025-01-15T17:48:41","modified_gmt":"2025-01-15T15:48:41","slug":"contacto-3","status":"publish","type":"page","link":"https:\/\/pensium.es\/gl\/contacto-3\/","title":{"rendered":"Contacto"},"content":{"rendered":"<section class=\"wpb-content-wrapper\"><p>[vc_row full_width=&#8221;stretch_row&#8221; parallax=&#8221;yes&#8221; el_class=&#8221;no-margin-top&#8221; css=&#8221;.vc_custom_1613392628226{padding-top: 125px !important;padding-bottom: 50px !important;background-position: center;background-repeat: no-repeat !important;background-size: cover !important;}&#8221;][vc_column][vc_empty_space height=&#8221;25px&#8221;][\/vc_column][\/vc_row][vc_row wide_row=&#8221;yes&#8221; css=&#8221;.vc_custom_1613393400533{margin-bottom: 0px !important;background-image: url(https:\/\/pensium.es\/wp-content\/uploads\/2017\/01\/pensium-slide4-e1504911837573.jpg?id=4319) !important;background-position: center !important;background-repeat: no-repeat !important;background-size: cover !important;}&#8221;][vc_column width=&#8221;2\/3&#8243;][vc_empty_space height=&#8221;75px&#8221;][vc_empty_space height=&#8221;65px&#8221;][vc_column_text css=&#8221;.vc_custom_1622551386899{margin-top: 0px !important;margin-bottom: 0px !important;border-top-width: 0px !important;border-bottom-width: 0px !important;padding-top: 0px !important;padding-bottom: 20px !important;}&#8221;]<\/p>\n<h1 style=\"text-align: left;\"><strong><span style=\"color: #361251; font-size: 1.5em;\">Pagar a residencia de persoas maiores pode ser moi doado.<br \/>\nInf\u00f3rmese xa<\/span><\/strong><\/h1>\n<h2 style=\"text-align: left;\"><strong><span style=\"color: #361251; font-size: 1em;\">Financi\u00e1moslle a praza nunha residencia privada<\/span><\/strong><\/h2>\n<p>[\/vc_column_text]<div class=\"list check orange \"><\/p>\n<ul>\n<li><span style=\"color: #361251; font-size: 1.4em;\">Sen realizar ning\u00fan pago nin desembolso<\/span><\/li>\n<li><span style=\"color: #361251; font-size: 1.4em;\">Con total flexibilidade<\/span><\/li>\n<li><span style=\"color: #361251; font-size: 1.4em;\">Con aportaci\u00f3ns peri\u00f3dicas garantidas<\/span><\/li>\n<\/ul>\n<p><\/div>[\/vc_column][vc_column width=&#8221;1\/3&#8243;][vc_empty_space height=&#8221;50px&#8221;][vc_row_inner css=&#8221;.vc_custom_1602080616567{background-color: #361251 !important;}&#8221;][vc_column_inner][vc_column_text css=&#8221;.vc_custom_1708526435354{margin-top: 0px !important;margin-bottom: 0px !important;border-top-width: 0px !important;border-bottom-width: 0px !important;padding-top: 0px !important;padding-bottom: 0px !important;}&#8221;]<\/p>\n<h6 id=\"formulario\" style=\"text-align: center;\"><span style=\"color: #ffffff; font-size: 1em;\"><strong>ESTUDAMOS O SEU CASO SEN COMPROMISO<\/strong><\/span><\/h6>\n<p>[\/vc_column_text][vc_empty_space height=&#8221;15px&#8221;]\n<div class=\"wpcf7 no-js\" id=\"wpcf7-f14638-o1\" lang=\"gl-ES\" dir=\"ltr\" data-wpcf7-id=\"14638\">\n<div class=\"screen-reader-response\"><p role=\"status\" aria-live=\"polite\" aria-atomic=\"true\"><\/p> <ul><\/ul><\/div>\n<form action=\"\/gl\/wp-json\/wp\/v2\/pages\/14809#wpcf7-f14638-o1\" method=\"post\" class=\"wpcf7-form init wpcf7-acceptance-as-validation\" aria-label=\"Formulario de contacto\" novalidate=\"novalidate\" data-status=\"init\">\n<fieldset class=\"hidden-fields-container\"><input type=\"hidden\" name=\"_wpcf7\" value=\"14638\" \/><input type=\"hidden\" name=\"_wpcf7_version\" value=\"6.1.5\" \/><input type=\"hidden\" name=\"_wpcf7_locale\" value=\"gl_ES\" \/><input type=\"hidden\" name=\"_wpcf7_unit_tag\" value=\"wpcf7-f14638-o1\" \/><input type=\"hidden\" name=\"_wpcf7_container_post\" value=\"0\" \/><input type=\"hidden\" name=\"_wpcf7_posted_data_hash\" value=\"\" \/><input type=\"hidden\" name=\"_wpcf7dtx_version\" value=\"5.0.5\" \/><input type=\"hidden\" name=\"_wpcf7_recaptcha_response\" value=\"\" \/>\n<\/fieldset>\n<p><span class=\"wpcf7-form-control-wrap\" data-name=\"your-name\"><input size=\"40\" maxlength=\"400\" class=\"wpcf7-form-control wpcf7-text wpcf7-validates-as-required\" aria-required=\"true\" aria-invalid=\"false\" placeholder=\"Nome e apelidos*\" value=\"\" type=\"text\" name=\"your-name\" \/><\/span>\n<\/p>\n<p><span class=\"wpcf7-form-control-wrap\" data-name=\"your-email\"><input size=\"40\" maxlength=\"400\" class=\"wpcf7-form-control wpcf7-email wpcf7-validates-as-required wpcf7-text wpcf7-validates-as-email\" aria-required=\"true\" aria-invalid=\"false\" placeholder=\"E-mail*\" value=\"\" type=\"email\" name=\"your-email\" \/><\/span>\n<\/p>\n<p><span class=\"wpcf7-form-control-wrap\" data-name=\"your-phone\"><input size=\"40\" maxlength=\"400\" class=\"wpcf7-form-control wpcf7-text wpcf7-validates-as-required\" aria-required=\"true\" aria-invalid=\"false\" placeholder=\"Tel\u00e9fono*\" value=\"\" type=\"text\" name=\"your-phone\" \/><\/span>\n<\/p>\n<p><span class=\"wpcf7-form-control-wrap\" data-name=\"your-Population\"><input size=\"40\" maxlength=\"400\" class=\"wpcf7-form-control wpcf7-text wpcf7-validates-as-required\" aria-required=\"true\" aria-invalid=\"false\" placeholder=\"Poboaci\u00f3n*\" value=\"\" type=\"text\" name=\"your-Population\" \/><\/span>\n<\/p>\n<p><span class=\"wpcf7-form-control-wrap\" data-name=\"Comonoshaconocido\"><input size=\"40\" maxlength=\"400\" class=\"wpcf7-form-control wpcf7-text wpcf7-validates-as-required\" aria-required=\"true\" aria-invalid=\"false\" placeholder=\"Como nos co\u00f1eceu?*\" value=\"\" type=\"text\" name=\"Comonoshaconocido\" \/><\/span>\n<\/p>\n<p><span class=\"wpcf7-form-control-wrap\" data-name=\"email-to\"><select class=\"wpcf7-form-control wpcf7-select wpcf7-validates-as-required your-province\" aria-required=\"true\" aria-invalid=\"false\" name=\"email-to\"><option value=\"\">Provincia*<\/option><option value=\"01 \u00c1lava\">01 \u00c1lava<\/option><option value=\"02 Albacete\">02 Albacete<\/option><option value=\"03 Alicante\">03 Alicante<\/option><option value=\"04 Almer\u00cda\">04 Almer\u00cda<\/option><option value=\"05 \u00c1vila\">05 \u00c1vila<\/option><option value=\"06 Badajoz\">06 Badajoz<\/option><option value=\"08 Barcelona\">08 Barcelona<\/option><option value=\"09 Burgos\">09 Burgos<\/option><option value=\"10 C\u00e1ceres\">10 C\u00e1ceres<\/option><option value=\"11 C\u00e1diz\">11 C\u00e1diz<\/option><option value=\"12 Castell\u00f3n\">12 Castell\u00f3n<\/option><option value=\"13 Ciudad Real\">13 Ciudad Real<\/option><option value=\"14 C\u00f3rdoba\">14 C\u00f3rdoba<\/option><option value=\"15 La Coru\u00f1a\">15 La Coru\u00f1a<\/option><option value=\"16 Cuenca\">16 Cuenca<\/option><option value=\"17 Gerona\">17 Gerona<\/option><option value=\"18 Granada\">18 Granada<\/option><option value=\"19 Guadalajara\">19 Guadalajara<\/option><option value=\"20 Guipoezcoa\">20 Guipoezcoa<\/option><option value=\"21 Huelva\">21 Huelva<\/option><option value=\"22 Huesca\">22 Huesca<\/option><option value=\"23 Ja\u00e9n\">23 Ja\u00e9n<\/option><option value=\"24 Le\u00f3n\">24 Le\u00f3n<\/option><option value=\"25 L\u00e9rida\">25 L\u00e9rida<\/option><option value=\"26 La Rioja\">26 La Rioja<\/option><option value=\"27 Lugo\">27 Lugo<\/option><option value=\"28 Madrid\">28 Madrid<\/option><option value=\"29 M\u00e1laga\">29 M\u00e1laga<\/option><option value=\"30 Murcia\">30 Murcia<\/option><option value=\"31 Navarra\">31 Navarra<\/option><option value=\"32 Orense\">32 Orense<\/option><option value=\"33 Asturias\">33 Asturias<\/option><option value=\"34 Palencia\">34 Palencia<\/option><option value=\"35 Las Palmas\">35 Las Palmas<\/option><option value=\"36 Pontevedra\">36 Pontevedra<\/option><option value=\"37 Salamanca\">37 Salamanca<\/option><option value=\"38 Santa Cruz de Tenerife\">38 Santa Cruz de Tenerife<\/option><option value=\"39 Cantabria\">39 Cantabria<\/option><option value=\"40 Segovia\">40 Segovia<\/option><option value=\"41 Sevilla\">41 Sevilla<\/option><option value=\"42 Soria\">42 Soria<\/option><option value=\"43 Tarragona\">43 Tarragona<\/option><option value=\"44 Teruel\">44 Teruel<\/option><option value=\"45 Toledo\">45 Toledo<\/option><option value=\"46 Valencia\">46 Valencia<\/option><option value=\"47 Valladolid\">47 Valladolid<\/option><option value=\"48 Vizcaya\">48 Vizcaya<\/option><option value=\"49 Zamora\">49 Zamora<\/option><option value=\"50 Zaragoza\">50 Zaragoza<\/option><option value=\"51 Ceuta\">51 Ceuta<\/option><option value=\"52 Melilla\">52 Melilla<\/option><\/select><\/span>\n<\/p>\n<input class=\"wpcf7-form-control wpcf7-hidden\" value=\"\" type=\"hidden\" name=\"your-province\" \/>\n<div style=\"margin:15px 0 15px 15px\">\n\t<div style=\"margin:0 0 0 25px\">\n\t<\/div>\n<\/div>\n<p><span class=\"wpcf7-form-control-wrap\" data-name=\"Horario\"><select class=\"wpcf7-form-control wpcf7-select wpcf7-validates-as-required\" aria-required=\"true\" aria-invalid=\"false\" name=\"Horario\"><option value=\"\">Horario de contacto preferente*<\/option><option value=\"Ma\u00f1anas (9h a 14h)\">Ma\u00f1anas (9h a 14h)<\/option><option value=\"Tardes  (15 a 19h)\">Tardes  (15 a 19h)<\/option><\/select><\/span>\n<\/p>\n<p>&nbsp;\n<\/p>\n<div class=\"wpb_column vc_column_container vc_col-sm-8\">\n\t<p><span class=\"wpcf7-form-control-wrap\" data-name=\"acepto-politica\"><span class=\"wpcf7-form-control wpcf7-acceptance\"><span class=\"wpcf7-list-item\"><input type=\"checkbox\" name=\"acepto-politica\" value=\"1\" aria-invalid=\"false\" \/><\/span><\/span><\/span><span style=\"color:white; float: left;padding-right: 10px;width: calc(100% - 20px);line-height: 17px;padding-top: 5px;font-size: 14px;\">&nbsp;Lin e acepto a <a href=\"\/gl\/politica-de-privacidade-2-2\/\" target=\"_blank\">pol\u00edtica de privacidade<\/a><\/span>\n\t<\/p>\n<\/div>\n<div style=\"clear:both\">\n\t<p>&nbsp;\n\t<\/p>\n<\/div>\n<div class=\"wpb_column vc_column_container vc_col-sm-4\">\n\t<p><input class=\"wpcf7-form-control wpcf7-submit has-spinner\" type=\"submit\" value=\"ENVIAR\" \/><img decoding=\"async\" class=\"formloader\" src=\"https:\/\/pensium.es\/wp-content\/uploads\/2022\/11\/Rolling-1s-24px-3.gif\" style=\"display:none\" \/>\n\t<\/p>\n<\/div>\n<p>&nbsp;\n<\/p>\n<div style=\"clear:both\">\n<\/div>\n<p style=\"color:white; font-size:12px;\">*Obligatorios\n<\/p><div class=\"wpcf7-form-control-wrap maspik-field\">\n                <label for=\"full-name-maspik-hp\" class=\"wpcf7-form-control-label\">Leave this field empty<\/label>\n                <input size=\"1\" type=\"text\" autocomplete=\"off\" aria-hidden=\"true\" tabindex=\"-1\" aria-label=\"Leave this field empty\" name=\"full-name-maspik-hp\" id=\"full-name-maspik-hp\" class=\"wpcf7-form-control wpcf7-text\" placeholder=\"Leave this field empty\">\n            <\/div><div class=\"wpcf7-response-output\" aria-hidden=\"true\"><\/div>\n<\/form>\n<\/div>\n[\/vc_column_inner][\/vc_row_inner][vc_empty_space height=&#8221;30px&#8221;][\/vc_column][\/vc_row][vc_row wide_row=&#8221;yes&#8221; css=&#8221;.vc_custom_1602084824471{background-color: #e3e3e2 !important;}&#8221;][vc_column][vc_empty_space][vc_column_text css=&#8221;.vc_custom_1622727833917{margin-top: 0px !important;margin-bottom: 0px !important;border-top-width: 0px !important;border-bottom-width: 0px !important;padding-top: 0px !important;padding-bottom: 0px !important;}&#8221;]<\/p>\n<h2 style=\"text-align: center;\"><strong><span style=\"color: #361251;\">Sobre nos<\/span><\/strong><\/h2>\n<p>&nbsp;<\/p>\n<p style=\"text-align: center;\"><span style=\"color: #361251; font-size: 1em;\">Pensium ten como obxectivo axudar \u00e1s familias cun familiar maior dependente a pagar o custe da s\u00faa asistencia. Os nosos principios son:<\/span><\/p>\n<p>[\/vc_column_text][vc_row_inner][vc_column_inner width=&#8221;1\/4&#8243;]<div class=\"list check white \"><\/p>\n<ul style=\"text-align: left;\">\n<li style=\"text-align: center;\"><span style=\"color: #361251; font-size: 1em;\"><strong>Transparencia<\/strong><br \/>\nna informaci\u00f3n<\/span><\/li>\n<\/ul>\n<p><\/div>[\/vc_column_inner][vc_column_inner width=&#8221;1\/4&#8243;]<div class=\"list check white \"><\/p>\n<ul style=\"text-align: center;\">\n<li><span style=\"color: #361251; font-size: 1em;\"><strong>Sinxeleza<\/strong><br \/>\nnos procedementos e tr\u00e1mites<\/span><\/li>\n<\/ul>\n<p><\/div>[\/vc_column_inner][vc_column_inner width=&#8221;1\/4&#8243;]<div class=\"list check white \"><\/p>\n<ul style=\"text-align: center;\">\n<li><span style=\"color: #361251; font-size: 1em;\"><strong>Axilidade<\/strong><br \/>\nnas actuaci\u00f3ns e respostas<\/span><\/li>\n<\/ul>\n<p><\/div>[\/vc_column_inner][vc_column_inner width=&#8221;1\/4&#8243;]<div class=\"list check white \"><\/p>\n<ul style=\"text-align: center;\">\n<li><span style=\"color: #361251; font-size: 1em;\"><strong>Responsabilidade<\/strong><br \/>\nna tramitaci\u00f3n e xesti\u00f3n das operaci\u00f3ns, as\u00ed como en asegurar a completa comprensi\u00f3n por parte dos usuarios<\/span><\/li>\n<\/ul>\n<p><\/div>[\/vc_column_inner][\/vc_row_inner][vc_empty_space][\/vc_column][\/vc_row][vc_row][vc_column][vc_empty_space height=&#8221;20px&#8221;][vc_column_text css=&#8221;.vc_custom_1622728043280{margin-top: 0px !important;margin-bottom: 0px !important;border-top-width: 0px !important;border-bottom-width: 0px !important;padding-top: 0px !important;padding-bottom: 50px !important;}&#8221;]<\/p>\n<h2 style=\"text-align: center;\"><strong><span style=\"color: #361251;\">Opini\u00f3ns dos nosos usuarios<\/span><\/strong><\/h2>\n<p>[\/vc_column_text][vc_empty_space height=&#8221;20px&#8221;][vc_row_inner][vc_column_inner width=&#8221;1\/2&#8243;][vc_column_text]<strong><span style=\"color: #e86322;\">E.T. &#8211; Palencia<\/span><\/strong>[\/vc_column_text][vc_column_text]<em><span style=\"color: #361251;\">\u201c&#8230;destacar\u00eda la comprensi\u00f3n y el trato humano que he recibido. Tambi\u00e9n se\u00f1alar que me han facilitado todas las gestiones al m\u00e1ximo.\u201d<\/span><\/em>[\/vc_column_text][\/vc_column_inner][vc_column_inner width=&#8221;1\/2&#8243;][vc_column_text]<strong><span style=\"color: #e86322;\">G.A. &#8211; Barcelona<\/span><\/strong>[\/vc_column_text][vc_column_text]<em><span style=\"color: #361251;\">\u201cLo novedoso que es y que se aparta totalmente de las opciones disponibles conocidas\u201d<\/span><\/em>[\/vc_column_text][\/vc_column_inner][\/vc_row_inner][vc_empty_space][vc_row_inner][vc_column_inner width=&#8221;1\/3&#8243;][vc_column_text]<span style=\"color: #361251;\">VALORACI\u00d3N GLOBAL<br \/>\nDO SERVIZO<label><\/label><\/span><\/p>\n<div class=\"wrapper-estrelles\"><img decoding=\"async\" src=\"https:\/\/pensium.es\/wp-content\/themes\/DynamiX\/images\/fullstar.png\" width=\"35\" height=\"34\" class=\"left-align\" \/><img decoding=\"async\" src=\"https:\/\/pensium.es\/wp-content\/themes\/DynamiX\/images\/fullstar.png\" width=\"35\" height=\"34\" class=\"left-align\" \/><img decoding=\"async\" src=\"https:\/\/pensium.es\/wp-content\/themes\/DynamiX\/images\/fullstar.png\" width=\"35\" height=\"34\" class=\"left-align\" \/><img decoding=\"async\" src=\"https:\/\/pensium.es\/wp-content\/themes\/DynamiX\/images\/fullstar.png\" width=\"35\" height=\"34\" class=\"left-align\" \/><img decoding=\"async\" src=\"https:\/\/pensium.es\/wp-content\/themes\/DynamiX\/images\/halfstar.png\" width=\"35\" height=\"34\" class=\"left-align\" \/><\/div>\n<div class=\"star_num\"><label>9,03<\/label><\/div>\n<div class=\"star_num\"><\/div>\n<p>[\/vc_column_text][\/vc_column_inner][vc_column_inner width=&#8221;1\/3&#8243;][vc_column_text]<span style=\"color: #361251;\">ASESORAMENTO<br \/>\nPERSONALIZADO<\/span><\/p>\n<div class=\"wrapper-estrelles\"><img decoding=\"async\" src=\"https:\/\/pensium.es\/wp-content\/themes\/DynamiX\/images\/fullstar.png\" width=\"35\" height=\"34\" class=\"left-align\" \/><img decoding=\"async\" src=\"https:\/\/pensium.es\/wp-content\/themes\/DynamiX\/images\/fullstar.png\" width=\"35\" height=\"34\" class=\"left-align\" \/><img decoding=\"async\" src=\"https:\/\/pensium.es\/wp-content\/themes\/DynamiX\/images\/fullstar.png\" width=\"35\" height=\"34\" class=\"left-align\" \/><img decoding=\"async\" src=\"https:\/\/pensium.es\/wp-content\/themes\/DynamiX\/images\/fullstar.png\" width=\"35\" height=\"34\" class=\"left-align\" \/><img decoding=\"async\" src=\"https:\/\/pensium.es\/wp-content\/themes\/DynamiX\/images\/halfstar.png\" width=\"35\" height=\"34\" class=\"left-align\" \/><\/div>\n<div class=\"star_num\"><label>9,26<\/label><\/div>\n<div class=\"star_num\"><\/div>\n<p>[\/vc_column_text][\/vc_column_inner][vc_column_inner width=&#8221;1\/3&#8243;][vc_column_text]<span style=\"color: #361251;\">RECOMENDAR\u00cdA<br \/>\nPENSIUM?<\/span><\/p>\n<div class=\"wrapper-estrelles\"><img decoding=\"async\" src=\"https:\/\/pensium.es\/wp-content\/themes\/DynamiX\/images\/fullstar.png\" width=\"35\" height=\"34\" class=\"left-align\" \/><img decoding=\"async\" src=\"https:\/\/pensium.es\/wp-content\/themes\/DynamiX\/images\/fullstar.png\" width=\"35\" height=\"34\" class=\"left-align\" \/><img decoding=\"async\" src=\"https:\/\/pensium.es\/wp-content\/themes\/DynamiX\/images\/fullstar.png\" width=\"35\" height=\"34\" class=\"left-align\" \/><img decoding=\"async\" src=\"https:\/\/pensium.es\/wp-content\/themes\/DynamiX\/images\/fullstar.png\" width=\"35\" height=\"34\" class=\"left-align\" \/><img decoding=\"async\" src=\"https:\/\/pensium.es\/wp-content\/themes\/DynamiX\/images\/halfstar.png\" width=\"35\" height=\"34\" class=\"left-align\" \/><\/div>\n<div class=\"star_num\"><label>9,46<\/label><\/div>\n<div class=\"star_num\"><\/div>\n<p>[\/vc_column_text][\/vc_column_inner][\/vc_row_inner][vc_empty_space height=&#8221;15px&#8221;][\/vc_column][\/vc_row][vc_row][vc_column][vc_empty_space][vc_column_text]<\/p>\n<p style=\"text-align: center;\"><span style=\"color: #361251;\"><strong>Pensium SL y Pensium Direct SL est\u00e1n inscritas no Rexistro de Intermediarios de Cr\u00e9dito Inmobiliario e Prestamistas Inmobiliarios do Banco de Espa\u00f1a (c\u00f3digo D037 \/ D036).<\/strong><\/span><\/p>\n<p>[\/vc_column_text][\/vc_column][\/vc_row]<\/p>\n<\/section>","protected":false},"excerpt":{"rendered":"<p>[vc_row full_width=&#8221;stretch_row&#8221; parallax=&#8221;yes&#8221; el_class=&#8221;no-margin-top&#8221; css=&#8221;.vc_custom_1613392628226{padding-top: 125px !important;padding-bottom: 50px !important;background-position: center;background-repeat: no-repeat !important;background-size: cover !important;}&#8221;][vc_column][vc_empty_space height=&#8221;25px&#8221;][\/vc_column][\/vc_row][vc_row wide_row=&#8221;yes&#8221; css=&#8221;.vc_custom_1613393400533{margin-bottom: 0px !important;background-image: url(https:\/\/pensium.es\/wp-content\/uploads\/2017\/01\/pensium-slide4-e1504911837573.jpg?id=4319) !important;background-position: center !important;background-repeat: no-repeat !important;background-size: cover !important;}&#8221;][vc_column width=&#8221;2\/3&#8243;][vc_empty_space height=&#8221;75px&#8221;][vc_empty_space height=&#8221;65px&#8221;][vc_column_text css=&#8221;.vc_custom_1622551386899{margin-top: 0px !important;margin-bottom: 0px !important;border-top-width: 0px !important;border-bottom-width: 0px !important;padding-top: 0px !important;padding-bottom: 20px !important;}&#8221;] Pagar a residencia de persoas maiores pode ser moi doado. Inf\u00f3rmese xa &#8230; <a class=\"excerpt-readmore\" href=\"https:\/\/pensium.es\/gl\/contacto-3\/\">Read More<\/a><\/p>\n","protected":false},"author":4,"featured_media":0,"parent":0,"menu_order":0,"comment_status":"open","ping_status":"closed","template":"","meta":{"footnotes":""},"class_list":["post-14809","page","type-page","status-publish","hentry"],"yoast_head":"<!-- This site is optimized with the Yoast SEO plugin v27.3 - https:\/\/yoast.com\/product\/yoast-seo-wordpress\/ -->\n<title>Pensi\u00f3n. Contacta connosco sen compromiso<\/title>\n<meta name=\"description\" content=\"Contacta con Pensium e descubre o f\u00e1cil que \u00e9 pagar unha residencia de anci\u00e1ns co aluguer da t\u00faa vivenda. Contacta connosco sen compromiso.\" \/>\n<meta name=\"robots\" content=\"index, follow, max-snippet:-1, max-image-preview:large, max-video-preview:-1\" \/>\n<link rel=\"canonical\" href=\"https:\/\/pensium.es\/gl\/contacto-3\/\" \/>\n<meta property=\"og:locale\" content=\"gl_ES\" \/>\n<meta property=\"og:type\" content=\"article\" \/>\n<meta property=\"og:title\" content=\"Pensi\u00f3n. Contacta connosco sen compromiso\" \/>\n<meta property=\"og:description\" content=\"Contacta con Pensium e descubre o f\u00e1cil que \u00e9 pagar unha residencia de anci\u00e1ns co aluguer da t\u00faa vivenda. Contacta connosco sen compromiso.\" \/>\n<meta property=\"og:url\" content=\"https:\/\/pensium.es\/gl\/contacto-3\/\" \/>\n<meta property=\"og:site_name\" content=\"Pensium\" \/>\n<meta property=\"article:publisher\" content=\"https:\/\/www.facebook.com\/pensium.es\/\" \/>\n<meta name=\"twitter:card\" content=\"summary_large_image\" \/>\n<meta name=\"twitter:label1\" content=\"Tempo de lectura\" \/>\n\t<meta name=\"twitter:data1\" content=\"2 minutos\" \/>\n<script type=\"application\/ld+json\" class=\"yoast-schema-graph\">{\"@context\":\"https:\\\/\\\/schema.org\",\"@graph\":[{\"@type\":\"WebPage\",\"@id\":\"https:\\\/\\\/pensium.es\\\/gl\\\/contacto-3\\\/\",\"url\":\"https:\\\/\\\/pensium.es\\\/gl\\\/contacto-3\\\/\",\"name\":\"Pensi\u00f3n. Contacta connosco sen compromiso\",\"isPartOf\":{\"@id\":\"https:\\\/\\\/pensium.es\\\/gl\\\/#website\"},\"datePublished\":\"2025-01-15T15:48:41+00:00\",\"description\":\"Contacta con Pensium e descubre o f\u00e1cil que \u00e9 pagar unha residencia de anci\u00e1ns co aluguer da t\u00faa vivenda. Contacta connosco sen compromiso.\",\"breadcrumb\":{\"@id\":\"https:\\\/\\\/pensium.es\\\/gl\\\/contacto-3\\\/#breadcrumb\"},\"inLanguage\":\"gl-ES\",\"potentialAction\":[{\"@type\":\"ReadAction\",\"target\":[\"https:\\\/\\\/pensium.es\\\/gl\\\/contacto-3\\\/\"]}]},{\"@type\":\"BreadcrumbList\",\"@id\":\"https:\\\/\\\/pensium.es\\\/gl\\\/contacto-3\\\/#breadcrumb\",\"itemListElement\":[{\"@type\":\"ListItem\",\"position\":1,\"name\":\"Inicio\",\"item\":\"https:\\\/\\\/pensium.es\\\/gl\\\/\"},{\"@type\":\"ListItem\",\"position\":2,\"name\":\"Contacto\"}]},{\"@type\":\"WebSite\",\"@id\":\"https:\\\/\\\/pensium.es\\\/gl\\\/#website\",\"url\":\"https:\\\/\\\/pensium.es\\\/gl\\\/\",\"name\":\"Pensium\",\"description\":\"Pagar a residencia de maiores co pago anticipado do alugueiro\",\"potentialAction\":[{\"@type\":\"SearchAction\",\"target\":{\"@type\":\"EntryPoint\",\"urlTemplate\":\"https:\\\/\\\/pensium.es\\\/gl\\\/?s={search_term_string}\"},\"query-input\":{\"@type\":\"PropertyValueSpecification\",\"valueRequired\":true,\"valueName\":\"search_term_string\"}}],\"inLanguage\":\"gl-ES\"}]}<\/script>\n<!-- \/ Yoast SEO plugin. -->","yoast_head_json":{"title":"Pensi\u00f3n. Contacta connosco sen compromiso","description":"Contacta con Pensium e descubre o f\u00e1cil que \u00e9 pagar unha residencia de anci\u00e1ns co aluguer da t\u00faa vivenda. Contacta connosco sen compromiso.","robots":{"index":"index","follow":"follow","max-snippet":"max-snippet:-1","max-image-preview":"max-image-preview:large","max-video-preview":"max-video-preview:-1"},"canonical":"https:\/\/pensium.es\/gl\/contacto-3\/","og_locale":"gl_ES","og_type":"article","og_title":"Pensi\u00f3n. Contacta connosco sen compromiso","og_description":"Contacta con Pensium e descubre o f\u00e1cil que \u00e9 pagar unha residencia de anci\u00e1ns co aluguer da t\u00faa vivenda. Contacta connosco sen compromiso.","og_url":"https:\/\/pensium.es\/gl\/contacto-3\/","og_site_name":"Pensium","article_publisher":"https:\/\/www.facebook.com\/pensium.es\/","twitter_card":"summary_large_image","twitter_misc":{"Tempo de lectura":"2 minutos"},"schema":{"@context":"https:\/\/schema.org","@graph":[{"@type":"WebPage","@id":"https:\/\/pensium.es\/gl\/contacto-3\/","url":"https:\/\/pensium.es\/gl\/contacto-3\/","name":"Pensi\u00f3n. Contacta connosco sen compromiso","isPartOf":{"@id":"https:\/\/pensium.es\/gl\/#website"},"datePublished":"2025-01-15T15:48:41+00:00","description":"Contacta con Pensium e descubre o f\u00e1cil que \u00e9 pagar unha residencia de anci\u00e1ns co aluguer da t\u00faa vivenda. Contacta connosco sen compromiso.","breadcrumb":{"@id":"https:\/\/pensium.es\/gl\/contacto-3\/#breadcrumb"},"inLanguage":"gl-ES","potentialAction":[{"@type":"ReadAction","target":["https:\/\/pensium.es\/gl\/contacto-3\/"]}]},{"@type":"BreadcrumbList","@id":"https:\/\/pensium.es\/gl\/contacto-3\/#breadcrumb","itemListElement":[{"@type":"ListItem","position":1,"name":"Inicio","item":"https:\/\/pensium.es\/gl\/"},{"@type":"ListItem","position":2,"name":"Contacto"}]},{"@type":"WebSite","@id":"https:\/\/pensium.es\/gl\/#website","url":"https:\/\/pensium.es\/gl\/","name":"Pensium","description":"Pagar a residencia de maiores co pago anticipado do alugueiro","potentialAction":[{"@type":"SearchAction","target":{"@type":"EntryPoint","urlTemplate":"https:\/\/pensium.es\/gl\/?s={search_term_string}"},"query-input":{"@type":"PropertyValueSpecification","valueRequired":true,"valueName":"search_term_string"}}],"inLanguage":"gl-ES"}]}},"_links":{"self":[{"href":"https:\/\/pensium.es\/gl\/wp-json\/wp\/v2\/pages\/14809","targetHints":{"allow":["GET"]}}],"collection":[{"href":"https:\/\/pensium.es\/gl\/wp-json\/wp\/v2\/pages"}],"about":[{"href":"https:\/\/pensium.es\/gl\/wp-json\/wp\/v2\/types\/page"}],"author":[{"embeddable":true,"href":"https:\/\/pensium.es\/gl\/wp-json\/wp\/v2\/users\/4"}],"replies":[{"embeddable":true,"href":"https:\/\/pensium.es\/gl\/wp-json\/wp\/v2\/comments?post=14809"}],"version-history":[{"count":1,"href":"https:\/\/pensium.es\/gl\/wp-json\/wp\/v2\/pages\/14809\/revisions"}],"predecessor-version":[{"id":15147,"href":"https:\/\/pensium.es\/gl\/wp-json\/wp\/v2\/pages\/14809\/revisions\/15147"}],"wp:attachment":[{"href":"https:\/\/pensium.es\/gl\/wp-json\/wp\/v2\/media?parent=14809"}],"curies":[{"name":"wp","href":"https:\/\/api.w.org\/{rel}","templated":true}]}}