{"id":9517,"date":"2018-12-19T11:54:45","date_gmt":"2018-12-19T09:54:45","guid":{"rendered":"https:\/\/pensium.es\/opiniones\/"},"modified":"2026-04-07T18:17:18","modified_gmt":"2026-04-07T16:17:18","slug":"opinions-2","status":"publish","type":"page","link":"https:\/\/pensium.es\/gl\/opinions-2\/","title":{"rendered":"Opini\u00f3ns"},"content":{"rendered":"<section class=\"wpb-content-wrapper\"><p>[vc_row full_width=&#8221;stretch_row&#8221; parallax=&#8221;yes&#8221; el_class=&#8221;no-margin-top&#8221; css=&#8221;.vc_custom_1485199537778{padding-top: 125px !important;padding-bottom: 50px !important;background-image: url(http:\/\/pensium.es\/wp-content\/uploads\/2017\/01\/pensium-back1.jpg?id=4188) !important;background-position: center;background-repeat: no-repeat;background-size:cover;}&#8221;][vc_column][\/vc_column][\/vc_row][vc_row full_width=&#8221;stretch_row&#8221; row_height=&#8221;custom&#8221; css=&#8221;.vc_custom_1545214472617{padding-top: 20px !important;padding-bottom: 20px !important;}&#8221; custom_background=&#8221;inherit&#8221; anchor_link=&#8221;intro&#8221; el_class=&#8221;opiniones-usuarios&#8221;][vc_column][vc_empty_space height=&#8221;55px&#8221;][vc_column_text]<\/p>\n<h2 style=\"text-align: center;\"><span class=\"xlarge-text semi-font-weight\" style=\"color: #e66121;\">AS OPINI\u00d3NS DOS NOSOS USUARIOS<\/span><\/h2>\n<p>[\/vc_column_text][vc_empty_space height=&#8221;55px&#8221;][\/vc_column][\/vc_row][vc_row][vc_column][vc_row_inner el_class=&#8221;valoraciones-opiniones&#8221;][vc_column_inner width=&#8221;7\/12&#8243;][vc_column_text el_class=&#8221;text-right&#8221;]<\/p>\n<h2>VALORACI\u00d3N GLOBAL DO SERVIZO<\/h2>\n<p>[\/vc_column_text][\/vc_column_inner][vc_column_inner el_class=&#8221;rating&#8221; width=&#8221;5\/12&#8243;][vc_column_text]<div class=\"wrapper-estrelles\"><img decoding=\"async\" src=\"https:\/\/pensium.es\/wp-content\/themes\/DynamiX\/images\/fullstar.png\" width=\"35\" height=\"34\" class=\"left-align\" \/><img decoding=\"async\" src=\"https:\/\/pensium.es\/wp-content\/themes\/DynamiX\/images\/fullstar.png\" width=\"35\" height=\"34\" class=\"left-align\" \/><img decoding=\"async\" src=\"https:\/\/pensium.es\/wp-content\/themes\/DynamiX\/images\/fullstar.png\" width=\"35\" height=\"34\" class=\"left-align\" \/><img decoding=\"async\" src=\"https:\/\/pensium.es\/wp-content\/themes\/DynamiX\/images\/fullstar.png\" width=\"35\" height=\"34\" class=\"left-align\" \/><img decoding=\"async\" src=\"https:\/\/pensium.es\/wp-content\/themes\/DynamiX\/images\/halfstar.png\" width=\"35\" height=\"34\" class=\"left-align\" \/><\/div>\n<div class=\"star_num\"><label>9,65<\/label><\/div>\n<p>[\/vc_column_text][\/vc_column_inner][\/vc_row_inner][vc_row_inner el_class=&#8221;valoraciones-opiniones&#8221;][vc_column_inner width=&#8221;7\/12&#8243;][vc_column_text el_class=&#8221;text-right&#8221;]<\/p>\n<h2>INFORMACI\u00d3N DO PROGRAMA<\/h2>\n<p>[\/vc_column_text][\/vc_column_inner][vc_column_inner el_class=&#8221;rating&#8221; width=&#8221;5\/12&#8243;][vc_column_text]<div class=\"wrapper-estrelles\"><img decoding=\"async\" src=\"https:\/\/pensium.es\/wp-content\/themes\/DynamiX\/images\/fullstar.png\" width=\"35\" height=\"34\" class=\"left-align\" \/><img decoding=\"async\" src=\"https:\/\/pensium.es\/wp-content\/themes\/DynamiX\/images\/fullstar.png\" width=\"35\" height=\"34\" class=\"left-align\" \/><img decoding=\"async\" src=\"https:\/\/pensium.es\/wp-content\/themes\/DynamiX\/images\/fullstar.png\" width=\"35\" height=\"34\" class=\"left-align\" \/><img decoding=\"async\" src=\"https:\/\/pensium.es\/wp-content\/themes\/DynamiX\/images\/fullstar.png\" width=\"35\" height=\"34\" class=\"left-align\" \/><img decoding=\"async\" src=\"https:\/\/pensium.es\/wp-content\/themes\/DynamiX\/images\/halfstar.png\" width=\"35\" height=\"34\" class=\"left-align\" \/><\/div>\n<div class=\"star_num\"><label>8,50<\/label><\/div>\n<p>[\/vc_column_text][\/vc_column_inner][\/vc_row_inner][vc_row_inner el_class=&#8221;valoraciones-opiniones&#8221;][vc_column_inner width=&#8221;7\/12&#8243;][vc_column_text el_class=&#8221;text-right&#8221;]<\/p>\n<h2>TRAMITACI\u00d3N DO PROGRAMA<\/h2>\n<p>[\/vc_column_text][\/vc_column_inner][vc_column_inner el_class=&#8221;rating&#8221; width=&#8221;5\/12&#8243;][vc_column_text]<div class=\"wrapper-estrelles\"><img decoding=\"async\" src=\"https:\/\/pensium.es\/wp-content\/themes\/DynamiX\/images\/fullstar.png\" width=\"35\" height=\"34\" class=\"left-align\" \/><img decoding=\"async\" src=\"https:\/\/pensium.es\/wp-content\/themes\/DynamiX\/images\/fullstar.png\" width=\"35\" height=\"34\" class=\"left-align\" \/><img decoding=\"async\" src=\"https:\/\/pensium.es\/wp-content\/themes\/DynamiX\/images\/fullstar.png\" width=\"35\" height=\"34\" class=\"left-align\" \/><img decoding=\"async\" src=\"https:\/\/pensium.es\/wp-content\/themes\/DynamiX\/images\/fullstar.png\" width=\"35\" height=\"34\" class=\"left-align\" \/><img decoding=\"async\" src=\"https:\/\/pensium.es\/wp-content\/themes\/DynamiX\/images\/halfstar.png\" width=\"35\" height=\"34\" class=\"left-align\" \/><\/div>\n<div class=\"star_num\"><label>9,00<\/label><\/div>\n<p>[\/vc_column_text][\/vc_column_inner][\/vc_row_inner][vc_row_inner el_class=&#8221;valoraciones-opiniones&#8221;][vc_column_inner width=&#8221;7\/12&#8243;][vc_column_text el_class=&#8221;text-right&#8221;]<\/p>\n<h2>IMPORTE DAS APORTACI\u00d3NS<\/h2>\n<p>[\/vc_column_text][\/vc_column_inner][vc_column_inner el_class=&#8221;rating&#8221; width=&#8221;5\/12&#8243;][vc_column_text]<div class=\"wrapper-estrelles\"><img decoding=\"async\" src=\"https:\/\/pensium.es\/wp-content\/themes\/DynamiX\/images\/fullstar.png\" width=\"35\" height=\"34\" class=\"left-align\" \/><img decoding=\"async\" src=\"https:\/\/pensium.es\/wp-content\/themes\/DynamiX\/images\/fullstar.png\" width=\"35\" height=\"34\" class=\"left-align\" \/><img decoding=\"async\" src=\"https:\/\/pensium.es\/wp-content\/themes\/DynamiX\/images\/fullstar.png\" width=\"35\" height=\"34\" class=\"left-align\" \/><img decoding=\"async\" src=\"https:\/\/pensium.es\/wp-content\/themes\/DynamiX\/images\/fullstar.png\" width=\"35\" height=\"34\" class=\"left-align\" \/><img decoding=\"async\" src=\"https:\/\/pensium.es\/wp-content\/themes\/DynamiX\/images\/halfstar.png\" width=\"35\" height=\"34\" class=\"left-align\" \/><\/div>\n<div class=\"star_num\"><label>8,38<\/label><\/div>\n<p>[\/vc_column_text][\/vc_column_inner][\/vc_row_inner][vc_row_inner el_class=&#8221;valoraciones-opiniones&#8221;][vc_column_inner width=&#8221;7\/12&#8243;][vc_column_text el_class=&#8221;text-right&#8221;]<\/p>\n<h2>ASESORAMENTO PERSONALIZADO<\/h2>\n<p>[\/vc_column_text][\/vc_column_inner][vc_column_inner el_class=&#8221;rating&#8221; width=&#8221;5\/12&#8243;][vc_column_text]<div class=\"wrapper-estrelles\"><img decoding=\"async\" src=\"https:\/\/pensium.es\/wp-content\/themes\/DynamiX\/images\/fullstar.png\" width=\"35\" height=\"34\" class=\"left-align\" \/><img decoding=\"async\" src=\"https:\/\/pensium.es\/wp-content\/themes\/DynamiX\/images\/fullstar.png\" width=\"35\" height=\"34\" class=\"left-align\" \/><img decoding=\"async\" src=\"https:\/\/pensium.es\/wp-content\/themes\/DynamiX\/images\/fullstar.png\" width=\"35\" height=\"34\" class=\"left-align\" \/><img decoding=\"async\" src=\"https:\/\/pensium.es\/wp-content\/themes\/DynamiX\/images\/fullstar.png\" width=\"35\" height=\"34\" class=\"left-align\" \/><img decoding=\"async\" src=\"https:\/\/pensium.es\/wp-content\/themes\/DynamiX\/images\/halfstar.png\" width=\"35\" height=\"34\" class=\"left-align\" \/><\/div>\n<div class=\"star_num\"><label>8,96<\/label><\/div>\n<p>[\/vc_column_text][\/vc_column_inner][\/vc_row_inner][vc_row_inner el_class=&#8221;valoraciones-opiniones&#8221;][vc_column_inner width=&#8221;7\/12&#8243;][vc_column_text el_class=&#8221;text-right&#8221;]<\/p>\n<h2>RECOMENDAR\u00cdA PENSIUM?<\/h2>\n<p>[\/vc_column_text][\/vc_column_inner][vc_column_inner el_class=&#8221;rating&#8221; width=&#8221;5\/12&#8243;][vc_column_text]<div class=\"wrapper-estrelles\"><img decoding=\"async\" src=\"https:\/\/pensium.es\/wp-content\/themes\/DynamiX\/images\/fullstar.png\" width=\"35\" height=\"34\" class=\"left-align\" \/><img decoding=\"async\" src=\"https:\/\/pensium.es\/wp-content\/themes\/DynamiX\/images\/fullstar.png\" width=\"35\" height=\"34\" class=\"left-align\" \/><img decoding=\"async\" src=\"https:\/\/pensium.es\/wp-content\/themes\/DynamiX\/images\/fullstar.png\" width=\"35\" height=\"34\" class=\"left-align\" \/><img decoding=\"async\" src=\"https:\/\/pensium.es\/wp-content\/themes\/DynamiX\/images\/fullstar.png\" width=\"35\" height=\"34\" class=\"left-align\" \/><img decoding=\"async\" src=\"https:\/\/pensium.es\/wp-content\/themes\/DynamiX\/images\/halfstar.png\" width=\"35\" height=\"34\" class=\"left-align\" \/><\/div>\n<div class=\"star_num\"><label>9,37<\/label><\/div>\n<p>[\/vc_column_text][\/vc_column_inner][\/vc_row_inner][vc_row_inner][vc_column_inner][vc_empty_space][vc_column_text el_id=&#8221;resultados-obtenidos-p&#8221;]<\/p>\n<p style=\"text-align: center;\">Resultados obtenidos a partir de encuestas peri\u00f3dicas a usuarios del Programa Pensium.<\/p>\n<p style=\"text-align: center;\">\u00daltima actualizaci\u00f3n: Marzo 2026<\/p>\n<p>[\/vc_column_text][\/vc_column_inner][\/vc_row_inner][\/vc_column][\/vc_row][vc_row el_class=&#8221;texto-opiniones&#8221;][vc_column][vc_empty_space height=&#8221;80px&#8221;][vc_column_text el_class=&#8221;text-taronja&#8221;]<\/p>\n<h3>G.A.<\/h3>\n<p>Barcelona[\/vc_column_text][vc_column_text]\u201cLo novedoso que es y que se aparta totalmente de las opciones disponibles conocidas.\u201d[\/vc_column_text][vc_column_text el_class=&#8221;text-taronja&#8221;]<\/p>\n<h3>J.C.P.<\/h3>\n<p>Barcelona[\/vc_column_text][vc_column_text]\u201cQue conservo la vivienda, no he de malvenderla y dispongo del dinero que necesito en el a\u00f1o para cubrir los gastos. Tampoco he de preocuparme de los inquilinos.\u201d[\/vc_column_text][vc_column_text el_class=&#8221;text-taronja&#8221;]<\/p>\n<h3>C.S.<\/h3>\n<p>Madrid[\/vc_column_text][vc_column_text]<span class=\"\">\u201cLo m\u00e1s destacable es la ayuda a las personas mayores y sus familiares.<\/span><span class=\"\">\u201d<\/span>[\/vc_column_text][vc_column_text el_class=&#8221;text-taronja&#8221;]<\/p>\n<h3>E.B.E.<\/h3>\n<p>Valencia[\/vc_column_text][vc_column_text]<span class=\"\">\u201cGracias a Pensium mi madre ha podido ingresar en la residencia. Estamos muy contentos con el cambio. Nos ha brindado la soluci\u00f3n ideal.&#8221;<\/span>[\/vc_column_text][vc_column_text el_class=&#8221;text-taronja&#8221;]<\/p>\n<h3>E.T.<\/h3>\n<p>Palencia[\/vc_column_text][vc_column_text]<span class=\"\">\u201cPor supuesto que la financiaci\u00f3n es importante porque para eso hemos acudido al programa, pero yo destacar\u00eda la comprension y el trato humano que he recibido. Gracias L.P. y sobre todo S.P. con la que he mantenido el mayor contacto. Su calidez en los momentos dif\u00edciles ha sido de gran ayuda. Tambi\u00e9n se\u00f1alar que me han facilitado todas las gestiones al m\u00e1ximo.\u201d<\/span>[\/vc_column_text][vc_column_text el_class=&#8221;text-taronja&#8221;]<\/p>\n<h3>P.F.<\/h3>\n<p>Madrid[\/vc_column_text][vc_column_text]<span class=\"\">\u201cQuiero agradeceros y reconocer al equipo Pensium y especialmente a L.P. y a S.P. por el trabajo que hab\u00e9is realizado. Trabajar con vosotras ha sido super agradable y en todo momento nos hemos sentido muy c\u00f3modos con vuestra gesti\u00f3n. Sois un equipo alucinante.\u201d<\/span>[\/vc_column_text][vc_column_text]<span class=\"\">Resultados obtidos de enquisas peri\u00f3dicas a usuarios do Programa Pensium.<\/span><\/p>\n<p><span class=\"\">\u00daltima actualizacion: Octubre 2025<\/span>[\/vc_column_text][vc_empty_space height=&#8221;40px&#8221;][\/vc_column][\/vc_row][vc_row full_width=&#8221;stretch_row&#8221; custom_background=&#8221;&#8221; row_height=&#8221;custom&#8221; css=&#8221;.vc_custom_1486577350202{margin-bottom: 0px !important;padding-top: 60px !important;padding-bottom: 50px !important;background-color: #361251 !important;}&#8221; font_color=&#8221;#ffffff&#8221; el_class=&#8221;informese&#8221;][vc_column][vc_btn title=&#8221;INF\u00d3RMESE SEN COMPROMISO&#8221; style=&#8221;outline&#8221; color=&#8221;white&#8221; size=&#8221;lg&#8221; align=&#8221;center&#8221; link=&#8221;url:http%3A%2F%2Fpensium.es%2Fgl%2Fcontacto%2F||&#8221; el_class=&#8221;extra-large-button&#8221;][\/vc_column][\/vc_row]<\/p>\n<\/section>","protected":false},"excerpt":{"rendered":"<p>[vc_row full_width=&#8221;stretch_row&#8221; parallax=&#8221;yes&#8221; el_class=&#8221;no-margin-top&#8221; css=&#8221;.vc_custom_1485199537778{padding-top: 125px !important;padding-bottom: 50px !important;background-image: url(http:\/\/pensium.es\/wp-content\/uploads\/2017\/01\/pensium-back1.jpg?id=4188) !important;background-position: center;background-repeat: no-repeat;background-size:cover;}&#8221;][vc_column][\/vc_column][\/vc_row][vc_row full_width=&#8221;stretch_row&#8221; row_height=&#8221;custom&#8221; css=&#8221;.vc_custom_1545214472617{padding-top: 20px !important;padding-bottom: 20px !important;}&#8221; custom_background=&#8221;inherit&#8221; anchor_link=&#8221;intro&#8221; el_class=&#8221;opiniones-usuarios&#8221;][vc_column][vc_empty_space height=&#8221;55px&#8221;][vc_column_text] AS OPINI\u00d3NS DOS NOSOS USUARIOS [\/vc_column_text][vc_empty_space height=&#8221;55px&#8221;][\/vc_column][\/vc_row][vc_row][vc_column][vc_row_inner el_class=&#8221;valoraciones-opiniones&#8221;][vc_column_inner width=&#8221;7\/12&#8243;][vc_column_text el_class=&#8221;text-right&#8221;] VALORACI\u00d3N GLOBAL DO SERVIZO [\/vc_column_text][\/vc_column_inner][vc_column_inner el_class=&#8221;rating&#8221; width=&#8221;5\/12&#8243;][vc_column_text] 9,65 [\/vc_column_text][\/vc_column_inner][\/vc_row_inner][vc_row_inner el_class=&#8221;valoraciones-opiniones&#8221;][vc_column_inner width=&#8221;7\/12&#8243;][vc_column_text el_class=&#8221;text-right&#8221;] INFORMACI\u00d3N DO PROGRAMA [\/vc_column_text][\/vc_column_inner][vc_column_inner el_class=&#8221;rating&#8221; width=&#8221;5\/12&#8243;][vc_column_text] 8,50 [\/vc_column_text][\/vc_column_inner][\/vc_row_inner][vc_row_inner el_class=&#8221;valoraciones-opiniones&#8221;][vc_column_inner &#8230; <a class=\"excerpt-readmore\" href=\"https:\/\/pensium.es\/gl\/opinions-2\/\">Read More<\/a><\/p>\n","protected":false},"author":1,"featured_media":0,"parent":0,"menu_order":0,"comment_status":"open","ping_status":"closed","template":"","meta":{"footnotes":""},"class_list":["post-9517","page","type-page","status-publish","hentry"],"yoast_head":"<!-- This site is optimized with the Yoast SEO plugin v27.3 - https:\/\/yoast.com\/product\/yoast-seo-wordpress\/ -->\n<title>Comentarios e opini\u00f3ns dos nosos usuarios sobre Pensium | Pensium<\/title>\n<meta name=\"description\" content=\"Pedimos aos nosos usuarios a s\u00faa opini\u00f3n sobre o programa Pensium para pagar a residencia xeri\u00e1trica. \u00bfQueres ler os seus comentarios?\" \/>\n<meta name=\"robots\" content=\"index, follow, max-snippet:-1, max-image-preview:large, max-video-preview:-1\" \/>\n<link rel=\"canonical\" href=\"https:\/\/pensium.es\/gl\/opinions-2\/\" \/>\n<meta property=\"og:locale\" content=\"gl_ES\" \/>\n<meta property=\"og:type\" content=\"article\" \/>\n<meta property=\"og:title\" content=\"Comentarios e opini\u00f3ns dos nosos usuarios sobre Pensium | Pensium\" \/>\n<meta property=\"og:description\" content=\"Pedimos aos nosos usuarios a s\u00faa opini\u00f3n sobre o programa Pensium para pagar a residencia xeri\u00e1trica. \u00bfQueres ler os seus comentarios?\" \/>\n<meta property=\"og:url\" content=\"https:\/\/pensium.es\/gl\/opinions-2\/\" \/>\n<meta property=\"og:site_name\" content=\"Pensium\" \/>\n<meta property=\"article:publisher\" content=\"https:\/\/www.facebook.com\/pensium.es\/\" \/>\n<meta property=\"article:modified_time\" content=\"2026-04-07T16:17:18+00:00\" \/>\n<meta name=\"twitter:card\" content=\"summary_large_image\" \/>\n<meta name=\"twitter:label1\" content=\"Tempo de lectura\" \/>\n\t<meta name=\"twitter:data1\" content=\"2 minutos\" \/>\n<script type=\"application\/ld+json\" class=\"yoast-schema-graph\">{\"@context\":\"https:\\\/\\\/schema.org\",\"@graph\":[{\"@type\":\"WebPage\",\"@id\":\"https:\\\/\\\/pensium.es\\\/gl\\\/opinions-2\\\/\",\"url\":\"https:\\\/\\\/pensium.es\\\/gl\\\/opinions-2\\\/\",\"name\":\"Comentarios e opini\u00f3ns dos nosos usuarios sobre Pensium | Pensium\",\"isPartOf\":{\"@id\":\"https:\\\/\\\/pensium.es\\\/gl\\\/#website\"},\"datePublished\":\"2018-12-19T09:54:45+00:00\",\"dateModified\":\"2026-04-07T16:17:18+00:00\",\"description\":\"Pedimos aos nosos usuarios a s\u00faa opini\u00f3n sobre o programa Pensium para pagar a residencia xeri\u00e1trica. \u00bfQueres ler os seus comentarios?\",\"breadcrumb\":{\"@id\":\"https:\\\/\\\/pensium.es\\\/gl\\\/opinions-2\\\/#breadcrumb\"},\"inLanguage\":\"gl-ES\",\"potentialAction\":[{\"@type\":\"ReadAction\",\"target\":[\"https:\\\/\\\/pensium.es\\\/gl\\\/opinions-2\\\/\"]}]},{\"@type\":\"BreadcrumbList\",\"@id\":\"https:\\\/\\\/pensium.es\\\/gl\\\/opinions-2\\\/#breadcrumb\",\"itemListElement\":[{\"@type\":\"ListItem\",\"position\":1,\"name\":\"Inicio\",\"item\":\"https:\\\/\\\/pensium.es\\\/gl\\\/\"},{\"@type\":\"ListItem\",\"position\":2,\"name\":\"Opini\u00f3ns\"}]},{\"@type\":\"WebSite\",\"@id\":\"https:\\\/\\\/pensium.es\\\/gl\\\/#website\",\"url\":\"https:\\\/\\\/pensium.es\\\/gl\\\/\",\"name\":\"Pensium\",\"description\":\"Pagar a residencia de maiores co pago anticipado do alugueiro\",\"potentialAction\":[{\"@type\":\"SearchAction\",\"target\":{\"@type\":\"EntryPoint\",\"urlTemplate\":\"https:\\\/\\\/pensium.es\\\/gl\\\/?s={search_term_string}\"},\"query-input\":{\"@type\":\"PropertyValueSpecification\",\"valueRequired\":true,\"valueName\":\"search_term_string\"}}],\"inLanguage\":\"gl-ES\"}]}<\/script>\n<!-- \/ Yoast SEO plugin. -->","yoast_head_json":{"title":"Comentarios e opini\u00f3ns dos nosos usuarios sobre Pensium | Pensium","description":"Pedimos aos nosos usuarios a s\u00faa opini\u00f3n sobre o programa Pensium para pagar a residencia xeri\u00e1trica. \u00bfQueres ler os seus comentarios?","robots":{"index":"index","follow":"follow","max-snippet":"max-snippet:-1","max-image-preview":"max-image-preview:large","max-video-preview":"max-video-preview:-1"},"canonical":"https:\/\/pensium.es\/gl\/opinions-2\/","og_locale":"gl_ES","og_type":"article","og_title":"Comentarios e opini\u00f3ns dos nosos usuarios sobre Pensium | Pensium","og_description":"Pedimos aos nosos usuarios a s\u00faa opini\u00f3n sobre o programa Pensium para pagar a residencia xeri\u00e1trica. \u00bfQueres ler os seus comentarios?","og_url":"https:\/\/pensium.es\/gl\/opinions-2\/","og_site_name":"Pensium","article_publisher":"https:\/\/www.facebook.com\/pensium.es\/","article_modified_time":"2026-04-07T16:17:18+00:00","twitter_card":"summary_large_image","twitter_misc":{"Tempo de lectura":"2 minutos"},"schema":{"@context":"https:\/\/schema.org","@graph":[{"@type":"WebPage","@id":"https:\/\/pensium.es\/gl\/opinions-2\/","url":"https:\/\/pensium.es\/gl\/opinions-2\/","name":"Comentarios e opini\u00f3ns dos nosos usuarios sobre Pensium | Pensium","isPartOf":{"@id":"https:\/\/pensium.es\/gl\/#website"},"datePublished":"2018-12-19T09:54:45+00:00","dateModified":"2026-04-07T16:17:18+00:00","description":"Pedimos aos nosos usuarios a s\u00faa opini\u00f3n sobre o programa Pensium para pagar a residencia xeri\u00e1trica. \u00bfQueres ler os seus comentarios?","breadcrumb":{"@id":"https:\/\/pensium.es\/gl\/opinions-2\/#breadcrumb"},"inLanguage":"gl-ES","potentialAction":[{"@type":"ReadAction","target":["https:\/\/pensium.es\/gl\/opinions-2\/"]}]},{"@type":"BreadcrumbList","@id":"https:\/\/pensium.es\/gl\/opinions-2\/#breadcrumb","itemListElement":[{"@type":"ListItem","position":1,"name":"Inicio","item":"https:\/\/pensium.es\/gl\/"},{"@type":"ListItem","position":2,"name":"Opini\u00f3ns"}]},{"@type":"WebSite","@id":"https:\/\/pensium.es\/gl\/#website","url":"https:\/\/pensium.es\/gl\/","name":"Pensium","description":"Pagar a residencia de maiores co pago anticipado do alugueiro","potentialAction":[{"@type":"SearchAction","target":{"@type":"EntryPoint","urlTemplate":"https:\/\/pensium.es\/gl\/?s={search_term_string}"},"query-input":{"@type":"PropertyValueSpecification","valueRequired":true,"valueName":"search_term_string"}}],"inLanguage":"gl-ES"}]}},"_links":{"self":[{"href":"https:\/\/pensium.es\/gl\/wp-json\/wp\/v2\/pages\/9517","targetHints":{"allow":["GET"]}}],"collection":[{"href":"https:\/\/pensium.es\/gl\/wp-json\/wp\/v2\/pages"}],"about":[{"href":"https:\/\/pensium.es\/gl\/wp-json\/wp\/v2\/types\/page"}],"author":[{"embeddable":true,"href":"https:\/\/pensium.es\/gl\/wp-json\/wp\/v2\/users\/1"}],"replies":[{"embeddable":true,"href":"https:\/\/pensium.es\/gl\/wp-json\/wp\/v2\/comments?post=9517"}],"version-history":[{"count":21,"href":"https:\/\/pensium.es\/gl\/wp-json\/wp\/v2\/pages\/9517\/revisions"}],"predecessor-version":[{"id":18628,"href":"https:\/\/pensium.es\/gl\/wp-json\/wp\/v2\/pages\/9517\/revisions\/18628"}],"wp:attachment":[{"href":"https:\/\/pensium.es\/gl\/wp-json\/wp\/v2\/media?parent=9517"}],"curies":[{"name":"wp","href":"https:\/\/api.w.org\/{rel}","templated":true}]}}