{"id":9608,"date":"2017-02-28T17:57:49","date_gmt":"2017-02-28T15:57:49","guid":{"rendered":"https:\/\/pensium.es\/solicitud-de-guia-pensium\/"},"modified":"2025-01-20T13:12:57","modified_gmt":"2025-01-20T11:12:57","slug":"solicitude-de-guia-pensium","status":"publish","type":"page","link":"https:\/\/pensium.es\/gl\/solicitude-de-guia-pensium\/","title":{"rendered":"Solicitude de Guia Pensium"},"content":{"rendered":"<section class=\"wpb-content-wrapper\"><p>[vc_row full_width=&#8221;stretch_row&#8221; parallax=&#8221;yes&#8221; el_class=&#8221;no-margin-top&#8221; css=&#8221;.vc_custom_1485199511507{padding-top: 125px !important;padding-bottom: 50px !important;background-image: url(http:\/\/pensium.es\/wp-content\/uploads\/2017\/01\/pensium-back1.jpg?id=4188) !important;background-position: center;background-repeat: no-repeat !important;background-size: cover !important;}&#8221;][vc_column][\/vc_column][\/vc_row][vc_row full_width=&#8221;stretch_row&#8221; row_height=&#8221;custom&#8221; css=&#8221;.vc_custom_1485277569788{padding-top: 20px !important;padding-bottom: 20px !important;}&#8221; custom_background=&#8221;inherit&#8221; anchor_link=&#8221;intro&#8221;][vc_column][vc_column_text]<\/p>\n<h1 style=\"text-align: center;\"><span class=\"xlarge-text semi-font-weight\">FORMULARIO DE SOLICITUDE DE GU\u00cdA DE PENSIUM:<\/span><\/h1>\n<h2 style=\"text-align: center;\"><span class=\"xlarge-text semi-font-weight\"><br \/>\nA nova soluci\u00f3n para pagar a residencia de maiores<br \/>\n<\/span><\/h2>\n<p>[\/vc_column_text][vc_empty_space height=&#8221;10px&#8221;][\/vc_column][\/vc_row][vc_row full_width=&#8221;stretch_row&#8221; row_height=&#8221;custom&#8221; css=&#8221;.vc_custom_1485277628490{padding-top: 0px !important;padding-bottom: 20px !important;}&#8221; custom_background=&#8221;inherit&#8221; anchor_link=&#8221;intro&#8221;][vc_column][vc_empty_space height=&#8221;10px&#8221;]\n<div class=\"wpcf7 no-js\" id=\"wpcf7-f4471-o1\" lang=\"es-ES\" dir=\"ltr\" data-wpcf7-id=\"4471\">\n<div class=\"screen-reader-response\"><p role=\"status\" aria-live=\"polite\" aria-atomic=\"true\"><\/p> <ul><\/ul><\/div>\n<form action=\"\/gl\/wp-json\/wp\/v2\/pages\/9608#wpcf7-f4471-o1\" method=\"post\" class=\"wpcf7-form init wpcf7-acceptance-as-validation\" aria-label=\"Formulario de contacto\" novalidate=\"novalidate\" data-status=\"init\">\n<fieldset class=\"hidden-fields-container\"><input type=\"hidden\" name=\"_wpcf7\" value=\"4471\" \/><input type=\"hidden\" name=\"_wpcf7_version\" value=\"6.1.5\" \/><input type=\"hidden\" name=\"_wpcf7_locale\" value=\"es_ES\" \/><input type=\"hidden\" name=\"_wpcf7_unit_tag\" value=\"wpcf7-f4471-o1\" \/><input type=\"hidden\" name=\"_wpcf7_container_post\" value=\"0\" \/><input type=\"hidden\" name=\"_wpcf7_posted_data_hash\" value=\"\" \/><input type=\"hidden\" name=\"_wpcf7dtx_version\" value=\"5.0.5\" \/><input type=\"hidden\" name=\"_wpcf7_recaptcha_response\" value=\"\" \/>\n<\/fieldset>\n<p><span class=\"wpcf7-form-control-wrap\" data-name=\"your-name\"><input size=\"40\" maxlength=\"400\" class=\"wpcf7-form-control wpcf7-text wpcf7-validates-as-required\" aria-required=\"true\" aria-invalid=\"false\" placeholder=\"Nombre y apellidos*\" value=\"\" type=\"text\" name=\"your-name\" \/><\/span>\n<\/p>\n<p><span class=\"wpcf7-form-control-wrap\" data-name=\"your-email\"><input size=\"40\" maxlength=\"400\" class=\"wpcf7-form-control wpcf7-email wpcf7-validates-as-required wpcf7-text wpcf7-validates-as-email\" aria-required=\"true\" aria-invalid=\"false\" placeholder=\"E-mail*\" value=\"\" type=\"email\" name=\"your-email\" \/><\/span>\n<\/p>\n<p><span class=\"wpcf7-form-control-wrap\" data-name=\"your-phone\"><input size=\"40\" maxlength=\"400\" class=\"wpcf7-form-control wpcf7-text wpcf7-validates-as-required\" aria-required=\"true\" aria-invalid=\"false\" placeholder=\"Tel\u00e9fono*\" value=\"\" type=\"text\" name=\"your-phone\" \/><\/span>\n<\/p>\n<p><span class=\"wpcf7-form-control-wrap\" data-name=\"email-to\"><select class=\"wpcf7-form-control wpcf7-select wpcf7-validates-as-required your-province\" aria-required=\"true\" aria-invalid=\"false\" name=\"email-to\"><option value=\"\">Provincia*<\/option><option value=\"01 \u00c1lava\">01 \u00c1lava<\/option><option value=\"02 Albacete\">02 Albacete<\/option><option value=\"03 Alicante\">03 Alicante<\/option><option value=\"04 Almer\u00cda\">04 Almer\u00cda<\/option><option value=\"05 \u00c1vila\">05 \u00c1vila<\/option><option value=\"06 Badajoz\">06 Badajoz<\/option><option value=\"08 Barcelona\">08 Barcelona<\/option><option value=\"09 Burgos\">09 Burgos<\/option><option value=\"10 C\u00e1ceres\">10 C\u00e1ceres<\/option><option value=\"11 C\u00e1diz\">11 C\u00e1diz<\/option><option value=\"12 Castell\u00f3n\">12 Castell\u00f3n<\/option><option value=\"13 Ciudad Real\">13 Ciudad Real<\/option><option value=\"14 C\u00f3rdoba\">14 C\u00f3rdoba<\/option><option value=\"15 La Coru\u00f1a\">15 La Coru\u00f1a<\/option><option value=\"16 Cuenca\">16 Cuenca<\/option><option value=\"17 Gerona\">17 Gerona<\/option><option value=\"18 Granada\">18 Granada<\/option><option value=\"19 Guadalajara\">19 Guadalajara<\/option><option value=\"20 Guipoezcoa\">20 Guipoezcoa<\/option><option value=\"21 Huelva\">21 Huelva<\/option><option value=\"22 Huesca\">22 Huesca<\/option><option value=\"23 Ja\u00e9n\">23 Ja\u00e9n<\/option><option value=\"24 Le\u00f3n\">24 Le\u00f3n<\/option><option value=\"25 L\u00e9rida\">25 L\u00e9rida<\/option><option value=\"26 La Rioja\">26 La Rioja<\/option><option value=\"27 Lugo\">27 Lugo<\/option><option value=\"28 Madrid\">28 Madrid<\/option><option value=\"29 M\u00e1laga\">29 M\u00e1laga<\/option><option value=\"30 Murcia\">30 Murcia<\/option><option value=\"31 Navarra\">31 Navarra<\/option><option value=\"32 Orense\">32 Orense<\/option><option value=\"33 Asturias\">33 Asturias<\/option><option value=\"34 Palencia\">34 Palencia<\/option><option value=\"35 Las Palmas\">35 Las Palmas<\/option><option value=\"36 Pontevedra\">36 Pontevedra<\/option><option value=\"37 Salamanca\">37 Salamanca<\/option><option value=\"38 Santa Cruz de Tenerife\">38 Santa Cruz de Tenerife<\/option><option value=\"39 Cantabria\">39 Cantabria<\/option><option value=\"40 Segovia\">40 Segovia<\/option><option value=\"41 Sevilla\">41 Sevilla<\/option><option value=\"42 Soria\">42 Soria<\/option><option value=\"43 Tarragona\">43 Tarragona<\/option><option value=\"44 Teruel\">44 Teruel<\/option><option value=\"45 Toledo\">45 Toledo<\/option><option value=\"46 Valencia\">46 Valencia<\/option><option value=\"47 Valladolid\">47 Valladolid<\/option><option value=\"48 Vizcaya\">48 Vizcaya<\/option><option value=\"49 Zamora\">49 Zamora<\/option><option value=\"50 Zaragoza\">50 Zaragoza<\/option><option value=\"51 Ceuta\">51 Ceuta<\/option><option value=\"52 Melilla\">52 Melilla<\/option><\/select><\/span>\n<\/p>\n<input class=\"wpcf7-form-control wpcf7-hidden\" value=\"\" type=\"hidden\" name=\"your-province\" \/>\n<p>&nbsp;\n<\/p>\n<div class=\"wpb_column vc_column_container vc_col-sm-8\">\n\t<p><span class=\"wpcf7-form-control-wrap\" data-name=\"acepto-terminos\"><span class=\"wpcf7-form-control wpcf7-acceptance\"><span class=\"wpcf7-list-item\"><input type=\"checkbox\" name=\"acepto-terminos\" value=\"1\" aria-invalid=\"false\" \/><\/span><\/span><\/span>&nbsp;He le\u00eddo y acepto los <a href=\"\/informacion-legal\" target=\"_blank\">t\u00e9rminos y condiciones generales<\/a><br \/>\n<span class=\"wpcf7-form-control-wrap\" data-name=\"acepto-politica\"><span class=\"wpcf7-form-control wpcf7-acceptance\"><span class=\"wpcf7-list-item\"><input type=\"checkbox\" name=\"acepto-politica\" value=\"1\" aria-invalid=\"false\" \/><\/span><\/span><\/span>&nbsp;He le\u00eddo y acepto la <a href=\"\/politica-de-privacidad\" target=\"_blank\">pol\u00edtica de privacidad<\/a>\n\t<\/p>\n<\/div>\n<div class=\"wpb_column vc_column_container vc_col-sm-4\">\n\t<p><input class=\"wpcf7-form-control wpcf7-submit has-spinner\" type=\"submit\" value=\"ENVIAR\" \/>\n\t<\/p>\n<\/div>\n<p>&nbsp;\n<\/p>\n<div style=\"clear:both\">\n<\/div>\n<p style=\"color:#E95A13\">*Obligatorios\n<\/p><div class=\"wpcf7-form-control-wrap maspik-field\">\n                <label for=\"full-name-maspik-hp\" class=\"wpcf7-form-control-label\">Leave this field empty<\/label>\n                <input size=\"1\" type=\"text\" autocomplete=\"off\" aria-hidden=\"true\" tabindex=\"-1\" aria-label=\"Leave this field empty\" name=\"full-name-maspik-hp\" id=\"full-name-maspik-hp\" class=\"wpcf7-form-control wpcf7-text\" placeholder=\"Leave this field empty\">\n            <\/div><div class=\"wpcf7-response-output\" aria-hidden=\"true\"><\/div>\n<\/form>\n<\/div>\n[\/vc_column][\/vc_row][vc_row full_width=&#8221;stretch_row&#8221; custom_background=&#8221;&#8221; row_height=&#8221;custom&#8221; css=&#8221;.vc_custom_1486577314528{margin-bottom: 0px !important;padding-top: 60px !important;padding-bottom: 50px !important;background-color: #361251 !important;}&#8221; font_color=&#8221;#ffffff&#8221; el_class=&#8221;informese&#8221;][vc_column][vc_btn title=&#8221;INF\u00d3RMESE SIN COMPROMISO&#8221; style=&#8221;outline&#8221; color=&#8221;white&#8221; size=&#8221;lg&#8221; align=&#8221;center&#8221; link=&#8221;url:http%3A%2F%2Fpensium.es%2Fcontacto%2F||&#8221; el_class=&#8221;extra-large-button&#8221;][\/vc_column][\/vc_row]<\/p>\n<\/section>","protected":false},"excerpt":{"rendered":"<p>[vc_row full_width=&#8221;stretch_row&#8221; parallax=&#8221;yes&#8221; el_class=&#8221;no-margin-top&#8221; css=&#8221;.vc_custom_1485199511507{padding-top: 125px !important;padding-bottom: 50px !important;background-image: url(http:\/\/pensium.es\/wp-content\/uploads\/2017\/01\/pensium-back1.jpg?id=4188) !important;background-position: center;background-repeat: no-repeat !important;background-size: cover !important;}&#8221;][vc_column][\/vc_column][\/vc_row][vc_row full_width=&#8221;stretch_row&#8221; row_height=&#8221;custom&#8221; css=&#8221;.vc_custom_1485277569788{padding-top: 20px !important;padding-bottom: 20px !important;}&#8221; custom_background=&#8221;inherit&#8221; anchor_link=&#8221;intro&#8221;][vc_column][vc_column_text] FORMULARIO DE SOLICITUDE DE GU\u00cdA DE PENSIUM: A nova soluci\u00f3n para pagar a residencia de maiores [\/vc_column_text][vc_empty_space height=&#8221;10px&#8221;][\/vc_column][\/vc_row][vc_row full_width=&#8221;stretch_row&#8221; row_height=&#8221;custom&#8221; css=&#8221;.vc_custom_1485277628490{padding-top: 0px !important;padding-bottom: 20px !important;}&#8221; custom_background=&#8221;inherit&#8221; anchor_link=&#8221;intro&#8221;][vc_column][vc_empty_space height=&#8221;10px&#8221;][\/vc_column][\/vc_row][vc_row full_width=&#8221;stretch_row&#8221; custom_background=&#8221;&#8221; &#8230; <a class=\"excerpt-readmore\" href=\"https:\/\/pensium.es\/gl\/solicitude-de-guia-pensium\/\">Read More<\/a><\/p>\n","protected":false},"author":1,"featured_media":0,"parent":0,"menu_order":0,"comment_status":"open","ping_status":"closed","template":"","meta":{"footnotes":""},"class_list":["post-9608","page","type-page","status-publish","hentry"],"yoast_head":"<!-- This site is optimized with the Yoast SEO plugin v27.3 - https:\/\/yoast.com\/product\/yoast-seo-wordpress\/ -->\n<title>Guia Pensium, la soluci\u00f3n para pagar su plaza en una residencia<\/title>\n<meta name=\"description\" content=\"A Gu\u00eda Pensium para ter todos os detalles desta nova soluci\u00f3n para pagar unha praza nunha residencia de maiores, sen hipotecas nin garant\u00edas\" \/>\n<meta name=\"robots\" content=\"index, follow, max-snippet:-1, max-image-preview:large, max-video-preview:-1\" \/>\n<link rel=\"canonical\" href=\"https:\/\/pensium.es\/gl\/solicitude-de-guia-pensium\/\" \/>\n<meta property=\"og:locale\" content=\"gl_ES\" \/>\n<meta property=\"og:type\" content=\"article\" \/>\n<meta property=\"og:title\" content=\"Guia Pensium, la soluci\u00f3n para pagar su plaza en una residencia\" \/>\n<meta property=\"og:description\" content=\"A Gu\u00eda Pensium para ter todos os detalles desta nova soluci\u00f3n para pagar unha praza nunha residencia de maiores, sen hipotecas nin garant\u00edas\" \/>\n<meta property=\"og:url\" content=\"https:\/\/pensium.es\/gl\/solicitude-de-guia-pensium\/\" \/>\n<meta property=\"og:site_name\" content=\"Pensium\" \/>\n<meta property=\"article:publisher\" content=\"https:\/\/www.facebook.com\/pensium.es\/\" \/>\n<meta property=\"article:modified_time\" content=\"2025-01-20T11:12:57+00:00\" \/>\n<meta name=\"twitter:card\" content=\"summary_large_image\" \/>\n<meta name=\"twitter:label1\" content=\"Tempo de lectura\" \/>\n\t<meta name=\"twitter:data1\" content=\"1 minuto\" \/>\n<script type=\"application\/ld+json\" class=\"yoast-schema-graph\">{\"@context\":\"https:\\\/\\\/schema.org\",\"@graph\":[{\"@type\":\"WebPage\",\"@id\":\"https:\\\/\\\/pensium.es\\\/gl\\\/solicitude-de-guia-pensium\\\/\",\"url\":\"https:\\\/\\\/pensium.es\\\/gl\\\/solicitude-de-guia-pensium\\\/\",\"name\":\"Guia Pensium, la soluci\u00f3n para pagar su plaza en una residencia\",\"isPartOf\":{\"@id\":\"https:\\\/\\\/pensium.es\\\/gl\\\/#website\"},\"datePublished\":\"2017-02-28T15:57:49+00:00\",\"dateModified\":\"2025-01-20T11:12:57+00:00\",\"description\":\"A Gu\u00eda Pensium para ter todos os detalles desta nova soluci\u00f3n para pagar unha praza nunha residencia de maiores, sen hipotecas nin garant\u00edas\",\"breadcrumb\":{\"@id\":\"https:\\\/\\\/pensium.es\\\/gl\\\/solicitude-de-guia-pensium\\\/#breadcrumb\"},\"inLanguage\":\"gl-ES\",\"potentialAction\":[{\"@type\":\"ReadAction\",\"target\":[\"https:\\\/\\\/pensium.es\\\/gl\\\/solicitude-de-guia-pensium\\\/\"]}]},{\"@type\":\"BreadcrumbList\",\"@id\":\"https:\\\/\\\/pensium.es\\\/gl\\\/solicitude-de-guia-pensium\\\/#breadcrumb\",\"itemListElement\":[{\"@type\":\"ListItem\",\"position\":1,\"name\":\"Inicio\",\"item\":\"https:\\\/\\\/pensium.es\\\/gl\\\/\"},{\"@type\":\"ListItem\",\"position\":2,\"name\":\"Solicitude de Guia Pensium\"}]},{\"@type\":\"WebSite\",\"@id\":\"https:\\\/\\\/pensium.es\\\/gl\\\/#website\",\"url\":\"https:\\\/\\\/pensium.es\\\/gl\\\/\",\"name\":\"Pensium\",\"description\":\"Pagar a residencia de maiores co pago anticipado do alugueiro\",\"potentialAction\":[{\"@type\":\"SearchAction\",\"target\":{\"@type\":\"EntryPoint\",\"urlTemplate\":\"https:\\\/\\\/pensium.es\\\/gl\\\/?s={search_term_string}\"},\"query-input\":{\"@type\":\"PropertyValueSpecification\",\"valueRequired\":true,\"valueName\":\"search_term_string\"}}],\"inLanguage\":\"gl-ES\"}]}<\/script>\n<!-- \/ Yoast SEO plugin. -->","yoast_head_json":{"title":"Guia Pensium, la soluci\u00f3n para pagar su plaza en una residencia","description":"A Gu\u00eda Pensium para ter todos os detalles desta nova soluci\u00f3n para pagar unha praza nunha residencia de maiores, sen hipotecas nin garant\u00edas","robots":{"index":"index","follow":"follow","max-snippet":"max-snippet:-1","max-image-preview":"max-image-preview:large","max-video-preview":"max-video-preview:-1"},"canonical":"https:\/\/pensium.es\/gl\/solicitude-de-guia-pensium\/","og_locale":"gl_ES","og_type":"article","og_title":"Guia Pensium, la soluci\u00f3n para pagar su plaza en una residencia","og_description":"A Gu\u00eda Pensium para ter todos os detalles desta nova soluci\u00f3n para pagar unha praza nunha residencia de maiores, sen hipotecas nin garant\u00edas","og_url":"https:\/\/pensium.es\/gl\/solicitude-de-guia-pensium\/","og_site_name":"Pensium","article_publisher":"https:\/\/www.facebook.com\/pensium.es\/","article_modified_time":"2025-01-20T11:12:57+00:00","twitter_card":"summary_large_image","twitter_misc":{"Tempo de lectura":"1 minuto"},"schema":{"@context":"https:\/\/schema.org","@graph":[{"@type":"WebPage","@id":"https:\/\/pensium.es\/gl\/solicitude-de-guia-pensium\/","url":"https:\/\/pensium.es\/gl\/solicitude-de-guia-pensium\/","name":"Guia Pensium, la soluci\u00f3n para pagar su plaza en una residencia","isPartOf":{"@id":"https:\/\/pensium.es\/gl\/#website"},"datePublished":"2017-02-28T15:57:49+00:00","dateModified":"2025-01-20T11:12:57+00:00","description":"A Gu\u00eda Pensium para ter todos os detalles desta nova soluci\u00f3n para pagar unha praza nunha residencia de maiores, sen hipotecas nin garant\u00edas","breadcrumb":{"@id":"https:\/\/pensium.es\/gl\/solicitude-de-guia-pensium\/#breadcrumb"},"inLanguage":"gl-ES","potentialAction":[{"@type":"ReadAction","target":["https:\/\/pensium.es\/gl\/solicitude-de-guia-pensium\/"]}]},{"@type":"BreadcrumbList","@id":"https:\/\/pensium.es\/gl\/solicitude-de-guia-pensium\/#breadcrumb","itemListElement":[{"@type":"ListItem","position":1,"name":"Inicio","item":"https:\/\/pensium.es\/gl\/"},{"@type":"ListItem","position":2,"name":"Solicitude de Guia Pensium"}]},{"@type":"WebSite","@id":"https:\/\/pensium.es\/gl\/#website","url":"https:\/\/pensium.es\/gl\/","name":"Pensium","description":"Pagar a residencia de maiores co pago anticipado do alugueiro","potentialAction":[{"@type":"SearchAction","target":{"@type":"EntryPoint","urlTemplate":"https:\/\/pensium.es\/gl\/?s={search_term_string}"},"query-input":{"@type":"PropertyValueSpecification","valueRequired":true,"valueName":"search_term_string"}}],"inLanguage":"gl-ES"}]}},"_links":{"self":[{"href":"https:\/\/pensium.es\/gl\/wp-json\/wp\/v2\/pages\/9608","targetHints":{"allow":["GET"]}}],"collection":[{"href":"https:\/\/pensium.es\/gl\/wp-json\/wp\/v2\/pages"}],"about":[{"href":"https:\/\/pensium.es\/gl\/wp-json\/wp\/v2\/types\/page"}],"author":[{"embeddable":true,"href":"https:\/\/pensium.es\/gl\/wp-json\/wp\/v2\/users\/1"}],"replies":[{"embeddable":true,"href":"https:\/\/pensium.es\/gl\/wp-json\/wp\/v2\/comments?post=9608"}],"version-history":[{"count":6,"href":"https:\/\/pensium.es\/gl\/wp-json\/wp\/v2\/pages\/9608\/revisions"}],"predecessor-version":[{"id":15082,"href":"https:\/\/pensium.es\/gl\/wp-json\/wp\/v2\/pages\/9608\/revisions\/15082"}],"wp:attachment":[{"href":"https:\/\/pensium.es\/gl\/wp-json\/wp\/v2\/media?parent=9608"}],"curies":[{"name":"wp","href":"https:\/\/api.w.org\/{rel}","templated":true}]}}