{"id":9626,"date":"2017-01-24T16:18:52","date_gmt":"2017-01-24T16:18:52","guid":{"rendered":"https:\/\/pensium.es\/informacion-legal\/"},"modified":"2022-12-06T18:34:47","modified_gmt":"2022-12-06T16:34:47","slug":"informacion-legal","status":"publish","type":"page","link":"https:\/\/pensium.es\/gl\/informacion-legal\/","title":{"rendered":"Informaci\u00f3n legal"},"content":{"rendered":"<section class=\"wpb-content-wrapper\"><p>[vc_row full_width=&#8221;stretch_row&#8221; parallax=&#8221;yes&#8221; el_class=&#8221;no-margin-top&#8221; css=&#8221;.vc_custom_1485199511507{padding-top: 125px !important;padding-bottom: 50px !important;background-image: url(http:\/\/pensium.es\/wp-content\/uploads\/2017\/01\/pensium-back1.jpg?id=4188) !important;background-position: center;background-repeat: no-repeat;background-size:cover;}&#8221;][vc_column][\/vc_column][\/vc_row][vc_row full_width=&#8221;stretch_row&#8221; row_height=&#8221;custom&#8221; css=&#8221;.vc_custom_1485190972745{padding-top: 20px !important;padding-bottom: 20px !important;}&#8221; custom_background=&#8221;inherit&#8221; anchor_link=&#8221;intro&#8221;][vc_column][vc_column_text]<\/p>\n<h2 style=\"text-align: left;\"><span class=\"xlarge-text light-font-weight\">INFORMACI\u00d3N XUR\u00cdDICA<\/span><\/h2>\n<p>[\/vc_column_text][vc_empty_space height=&#8221;10px&#8221;][\/vc_column][\/vc_row][vc_row full_width=&#8221;stretch_row&#8221; row_height=&#8221;custom&#8221; css=&#8221;.vc_custom_1485274768928{padding-top: 0px !important;padding-bottom: 20px !important;}&#8221; custom_background=&#8221;inherit&#8221; anchor_link=&#8221;intro&#8221;][vc_column][vc_column_text]DATOS XERAIS<\/p>\n<p>De conformidade co artigo 10 da Lei 34\/2002, do 11 de xullo, de servizos da sociedade da informaci\u00f3n e comercio electr\u00f3nico, proporcion\u00e1moslle a seguinte informaci\u00f3n:<\/p>\n<p>O grupo PENSIUM est\u00e1 formado por PENSIUM SL, que realiza as funci\u00f3ns comerciais e informativas, e por PENSIUM DIRECT SL, que realiza as funci\u00f3ns operativas e de financiamento.<\/p>\n<p>Pensium SL ten o seu domicilio na r\u00faa Mallorca 214, 2\u00ba 1\u00aa puerta B, de Barcelona (08008), con CIF B66834904. Inscrito no Rexistro Mercantil de Barcelona Tomo 45565, Folio 78, P\u00e1xina 492017, Inscrici\u00f3n 1. Pensium SL est\u00e1 rexistrado como ICI no Rexistro de intermediarios de Cr\u00e9dito Inmobiliario e Prestamistas Inmobiliarios do Banco de Espa\u00f1a (c\u00f3digo D037).<\/p>\n<p>Pensium Direct SL ten o seu domicilio na r\u00faa Mallorca 214, 2\u00ba 1\u00aa puerta B, de Barcelona (08008), con CIF B66990086. Inscrito no Rexistro mercantil de Barcelona Tomo 45953, Folio 17, p\u00e1xina B 503979, inscrici\u00f3n 11. Pensium Direct SL est\u00e1 rexistrado como PI no Rexistro de intermediarios de Cr\u00e9dito Inmobiliario e Prestamistas Inmobiliarios do Banco de Espa\u00f1a (c\u00f3digo D036).<\/p>\n<p>Podes contactar connosco a trav\u00e9s do enderezo r\u00faa Mallorca 214, 2\u00ba 1\u00aa puerta B, de Barcelona (08008), a trav\u00e9s do formulario de contacto inclu\u00eddo na p\u00e1xina web ou enviando un correo electr\u00f3nico ao seguinte enderezo: info@pensium.es<\/p>\n<p>&nbsp;<\/p>\n<p>CONDICI\u00d3NS DE USO<\/p>\n<p>As condici\u00f3ns de acceso e uso deste sitio web r\u00e9xense pola lexislaci\u00f3n vixente e polo principio de boa fe, compromet\u00e9ndose o usuario a facer un bo uso do sitio web. Non se permiten condutas que van en contra da lei, dos dereitos ou intereses de terceiros.<\/p>\n<p>Ser usuario do sitio web de Pensium SL implica que reco\u00f1ece ter lido e aceptado estas condici\u00f3ns e o que estende a normativa legal aplicable nesta materia. Se por calquera motivo non est\u00e1 de acordo con estas condici\u00f3ns, non contin\u00fae usando este sitio web.<\/p>\n<p>Calquera tipo de notificaci\u00f3n e \/ ou reclamaci\u00f3n s\u00f3 ser\u00e1 v\u00e1lida mediante notificaci\u00f3n escrita e \/ ou correo certificado.<\/p>\n<p>&nbsp;<\/p>\n<p>RESPONSABILIDADES<\/p>\n<p>Pensium SL non se fai responsable da informaci\u00f3n e contidos almacenados en foros, redes sociais ou calquera outro medio que permita a terceiros publicar contido de forma independente na p\u00e1xina web do provedor.<\/p>\n<p>Non obstante, tendo en conta o art. 11 e 16 da LSSI-CE, Pensium SL comprom\u00e9tese a retirar ou, no seu caso, bloquear aqueles contidos que poidan afectar ou contravir a lexislaci\u00f3n nacional ou internacional, os dereitos de terceiros ou a moral e a orde p\u00fablica.<\/p>\n<p>A empresa tampouco ser\u00e1 responsable dos danos causados por fallos ou malas configuraci\u00f3ns do software instalado no ordenador do usuario de Internet. Queda exclu\u00edda toda responsabilidade por calquera incidente ou fallo t\u00e9cnico que se produza cando o usuario se conecta a internet. Do mesmo xeito, non se garante a ausencia de interrupci\u00f3ns ou erros no acceso ao sitio web.<\/p>\n<p>As\u00ed mesmo, Pensium SL res\u00e9rvase o dereito de actualizar, modificar ou eliminar a informaci\u00f3n contida no seu sitio web, as\u00ed como a s\u00faa configuraci\u00f3n ou presentaci\u00f3n, en calquera momento sen asumir ningunha responsabilidade por iso.<\/p>\n<p>Inform\u00e1moslle que calquera prezo ou c\u00e1lculo que poida ver na nosa p\u00e1xina web s\u00f3 ser\u00e1 orientativo. Se o usuario quere saber o prezo exacto ou se o produto ten actualmente unha oferta da que pode beneficiarse, debe contactar connosco directamente a trav\u00e9s de calquera das canles que ofrecemos.<\/p>\n<p>&nbsp;<\/p>\n<p>PROPIEDADE INTELECTUAL E INDUSTRIAL<\/p>\n<p>Pensium SL \u00e9 o propietario de todos os dereitos sobre o software da publicaci\u00f3n dixital, as\u00ed como dos dereitos de propiedade industrial e intelectual relacionados cos contidos inclu\u00eddos, coa excepci\u00f3n dos dereitos sobre produtos e servizos de car\u00e1cter p\u00fablico que son desta empresa.<\/p>\n<p>Non se pode reproducir, copiar ou publicar ning\u00fan material publicado neste sitio web sen o consentimento por escrito de Pensium SL.<\/p>\n<p>Toda a informaci\u00f3n recibida na web, como comentarios, suxesti\u00f3ns ou ideas, considerarase asignada a Pensium SL de balde. Non se debe enviar informaci\u00f3n que non se poida tratar deste xeito.<\/p>\n<p>Todos os produtos e servizos destas p\u00e1xinas que non son propiedade de Pensium, SL son marcas rexistradas dos seus respectivos propietarios e son reco\u00f1ecidos como tales pola nosa empresa. S\u00f3 aparecen no sitio web de Pensium SL para fins de promoci\u00f3n e recollida de informaci\u00f3n. Estes propietarios poden solicitar a modificaci\u00f3n ou eliminaci\u00f3n da informaci\u00f3n que lles pertence.<\/p>\n<p>&nbsp;<\/p>\n<p>LEI APLICABLE E XURISDICCI\u00d3N<\/p>\n<p>Estas condici\u00f3ns xerais r\u00e9xense pola lexislaci\u00f3n espa\u00f1ola. Para calquera litixio que poida xurdir relacionado coa p\u00e1xina web ou a actividade que se desenvolva nela, ser\u00e1n competentes os Xulgados de Barcelona, renunciando expresamente o usuario a calquera outra xurisdici\u00f3n que poida corresponder.<\/p>\n<p>&nbsp;<\/p>\n<p>SERVIZO DE RECLAMACI\u00d3NS<\/p>\n<p>Calquera usuario pode po\u00f1erse en contacto co Servizo de Reclamaci\u00f3ns a trav\u00e9s de calquera oficina de PENSIUM aberta ao p\u00fablico, por correo postal ou enviando un correo electr\u00f3nico a: <a href=\"mailto:reclamaciones@pensium.es\" target=\"_blank\" rel=\"noopener noreferrer\">reclamaciones@pensium.es<\/a><\/p>\n<p>Consulta <a href=\"https:\/\/pensium.es\/wp-content\/uploads\/2020\/03\/Normas-Servicio-Reclamaciones-Grupo-Pensium-Web-.pdf\" target=\"_blank\" rel=\"noopener noreferrer\">aqu\u00ed<\/a> as bases do Servizo de Reclamaci\u00f3ns do Grupo Pensium.[\/vc_column_text][\/vc_column][\/vc_row]<\/p>\n<\/section>","protected":false},"excerpt":{"rendered":"<p>[vc_row full_width=&#8221;stretch_row&#8221; parallax=&#8221;yes&#8221; el_class=&#8221;no-margin-top&#8221; css=&#8221;.vc_custom_1485199511507{padding-top: 125px !important;padding-bottom: 50px !important;background-image: url(http:\/\/pensium.es\/wp-content\/uploads\/2017\/01\/pensium-back1.jpg?id=4188) !important;background-position: center;background-repeat: no-repeat;background-size:cover;}&#8221;][vc_column][\/vc_column][\/vc_row][vc_row full_width=&#8221;stretch_row&#8221; row_height=&#8221;custom&#8221; css=&#8221;.vc_custom_1485190972745{padding-top: 20px !important;padding-bottom: 20px !important;}&#8221; custom_background=&#8221;inherit&#8221; anchor_link=&#8221;intro&#8221;][vc_column][vc_column_text] INFORMACI\u00d3N XUR\u00cdDICA [\/vc_column_text][vc_empty_space height=&#8221;10px&#8221;][\/vc_column][\/vc_row][vc_row full_width=&#8221;stretch_row&#8221; row_height=&#8221;custom&#8221; css=&#8221;.vc_custom_1485274768928{padding-top: 0px !important;padding-bottom: 20px !important;}&#8221; custom_background=&#8221;inherit&#8221; anchor_link=&#8221;intro&#8221;][vc_column][vc_column_text]DATOS XERAIS De conformidade co artigo 10 da Lei 34\/2002, do 11 de xullo, de servizos da sociedade da informaci\u00f3n e &#8230; <a class=\"excerpt-readmore\" href=\"https:\/\/pensium.es\/gl\/informacion-legal\/\">Read More<\/a><\/p>\n","protected":false},"author":1,"featured_media":0,"parent":0,"menu_order":0,"comment_status":"open","ping_status":"closed","template":"","meta":{"footnotes":""},"class_list":["post-9626","page","type-page","status-publish","hentry"],"yoast_head":"<!-- This site is optimized with the Yoast SEO plugin v27.3 - https:\/\/yoast.com\/product\/yoast-seo-wordpress\/ -->\n<title>Informaci\u00f3n legal<\/title>\n<meta name=\"robots\" content=\"noindex, nofollow\" \/>\n<meta property=\"og:locale\" content=\"gl_ES\" \/>\n<meta property=\"og:type\" content=\"article\" \/>\n<meta property=\"og:title\" content=\"Informaci\u00f3n legal\" \/>\n<meta property=\"og:url\" content=\"https:\/\/pensium.es\/gl\/informacion-legal\/\" \/>\n<meta property=\"og:site_name\" content=\"Pensium\" \/>\n<meta property=\"article:publisher\" content=\"https:\/\/www.facebook.com\/pensium.es\/\" \/>\n<meta property=\"article:modified_time\" content=\"2022-12-06T16:34:47+00:00\" \/>\n<meta name=\"twitter:card\" content=\"summary_large_image\" \/>\n<meta name=\"twitter:label1\" content=\"Tempo de lectura\" \/>\n\t<meta name=\"twitter:data1\" content=\"5 minutos\" \/>\n<script type=\"application\/ld+json\" class=\"yoast-schema-graph\">{\"@context\":\"https:\\\/\\\/schema.org\",\"@graph\":[{\"@type\":\"WebPage\",\"@id\":\"https:\\\/\\\/pensium.es\\\/gl\\\/informacion-legal\\\/\",\"url\":\"https:\\\/\\\/pensium.es\\\/gl\\\/informacion-legal\\\/\",\"name\":\"Informaci\u00f3n legal\",\"isPartOf\":{\"@id\":\"https:\\\/\\\/pensium.es\\\/gl\\\/#website\"},\"datePublished\":\"2017-01-24T16:18:52+00:00\",\"dateModified\":\"2022-12-06T16:34:47+00:00\",\"breadcrumb\":{\"@id\":\"https:\\\/\\\/pensium.es\\\/gl\\\/informacion-legal\\\/#breadcrumb\"},\"inLanguage\":\"gl-ES\",\"potentialAction\":[{\"@type\":\"ReadAction\",\"target\":[\"https:\\\/\\\/pensium.es\\\/gl\\\/informacion-legal\\\/\"]}]},{\"@type\":\"BreadcrumbList\",\"@id\":\"https:\\\/\\\/pensium.es\\\/gl\\\/informacion-legal\\\/#breadcrumb\",\"itemListElement\":[{\"@type\":\"ListItem\",\"position\":1,\"name\":\"Inicio\",\"item\":\"https:\\\/\\\/pensium.es\\\/gl\\\/\"},{\"@type\":\"ListItem\",\"position\":2,\"name\":\"Informaci\u00f3n legal\"}]},{\"@type\":\"WebSite\",\"@id\":\"https:\\\/\\\/pensium.es\\\/gl\\\/#website\",\"url\":\"https:\\\/\\\/pensium.es\\\/gl\\\/\",\"name\":\"Pensium\",\"description\":\"Pagar a residencia de maiores co pago anticipado do alugueiro\",\"potentialAction\":[{\"@type\":\"SearchAction\",\"target\":{\"@type\":\"EntryPoint\",\"urlTemplate\":\"https:\\\/\\\/pensium.es\\\/gl\\\/?s={search_term_string}\"},\"query-input\":{\"@type\":\"PropertyValueSpecification\",\"valueRequired\":true,\"valueName\":\"search_term_string\"}}],\"inLanguage\":\"gl-ES\"}]}<\/script>\n<!-- \/ Yoast SEO plugin. -->","yoast_head_json":{"title":"Informaci\u00f3n legal","robots":{"index":"noindex","follow":"nofollow"},"og_locale":"gl_ES","og_type":"article","og_title":"Informaci\u00f3n legal","og_url":"https:\/\/pensium.es\/gl\/informacion-legal\/","og_site_name":"Pensium","article_publisher":"https:\/\/www.facebook.com\/pensium.es\/","article_modified_time":"2022-12-06T16:34:47+00:00","twitter_card":"summary_large_image","twitter_misc":{"Tempo de lectura":"5 minutos"},"schema":{"@context":"https:\/\/schema.org","@graph":[{"@type":"WebPage","@id":"https:\/\/pensium.es\/gl\/informacion-legal\/","url":"https:\/\/pensium.es\/gl\/informacion-legal\/","name":"Informaci\u00f3n legal","isPartOf":{"@id":"https:\/\/pensium.es\/gl\/#website"},"datePublished":"2017-01-24T16:18:52+00:00","dateModified":"2022-12-06T16:34:47+00:00","breadcrumb":{"@id":"https:\/\/pensium.es\/gl\/informacion-legal\/#breadcrumb"},"inLanguage":"gl-ES","potentialAction":[{"@type":"ReadAction","target":["https:\/\/pensium.es\/gl\/informacion-legal\/"]}]},{"@type":"BreadcrumbList","@id":"https:\/\/pensium.es\/gl\/informacion-legal\/#breadcrumb","itemListElement":[{"@type":"ListItem","position":1,"name":"Inicio","item":"https:\/\/pensium.es\/gl\/"},{"@type":"ListItem","position":2,"name":"Informaci\u00f3n legal"}]},{"@type":"WebSite","@id":"https:\/\/pensium.es\/gl\/#website","url":"https:\/\/pensium.es\/gl\/","name":"Pensium","description":"Pagar a residencia de maiores co pago anticipado do alugueiro","potentialAction":[{"@type":"SearchAction","target":{"@type":"EntryPoint","urlTemplate":"https:\/\/pensium.es\/gl\/?s={search_term_string}"},"query-input":{"@type":"PropertyValueSpecification","valueRequired":true,"valueName":"search_term_string"}}],"inLanguage":"gl-ES"}]}},"_links":{"self":[{"href":"https:\/\/pensium.es\/gl\/wp-json\/wp\/v2\/pages\/9626","targetHints":{"allow":["GET"]}}],"collection":[{"href":"https:\/\/pensium.es\/gl\/wp-json\/wp\/v2\/pages"}],"about":[{"href":"https:\/\/pensium.es\/gl\/wp-json\/wp\/v2\/types\/page"}],"author":[{"embeddable":true,"href":"https:\/\/pensium.es\/gl\/wp-json\/wp\/v2\/users\/1"}],"replies":[{"embeddable":true,"href":"https:\/\/pensium.es\/gl\/wp-json\/wp\/v2\/comments?post=9626"}],"version-history":[{"count":5,"href":"https:\/\/pensium.es\/gl\/wp-json\/wp\/v2\/pages\/9626\/revisions"}],"predecessor-version":[{"id":12902,"href":"https:\/\/pensium.es\/gl\/wp-json\/wp\/v2\/pages\/9626\/revisions\/12902"}],"wp:attachment":[{"href":"https:\/\/pensium.es\/gl\/wp-json\/wp\/v2\/media?parent=9626"}],"curies":[{"name":"wp","href":"https:\/\/api.w.org\/{rel}","templated":true}]}}