{"id":9631,"date":"2017-03-29T10:08:11","date_gmt":"2017-03-29T08:08:11","guid":{"rendered":"https:\/\/pensium.es\/politica-de-privacidad\/"},"modified":"2024-01-19T15:41:52","modified_gmt":"2024-01-19T13:41:52","slug":"politica-de-privacidade-2-2","status":"publish","type":"page","link":"https:\/\/pensium.es\/gl\/politica-de-privacidade-2-2\/","title":{"rendered":"Pol\u00edtica de Privacidade"},"content":{"rendered":"<section class=\"wpb-content-wrapper\"><p>[vc_row full_width=&#8221;stretch_row&#8221; parallax=&#8221;yes&#8221; el_class=&#8221;no-margin-top&#8221; css=&#8221;.vc_custom_1485199511507{padding-top: 125px !important;padding-bottom: 50px !important;background-image: url(http:\/\/pensium.es\/wp-content\/uploads\/2017\/01\/pensium-back1.jpg?id=4188) !important;background-position: center;background-repeat: no-repeat;background-size:cover;}&#8221;][vc_column][\/vc_column][\/vc_row][vc_row full_width=&#8221;stretch_row&#8221; row_height=&#8221;custom&#8221; css=&#8221;.vc_custom_1485190972745{padding-top: 20px !important;padding-bottom: 20px !important;}&#8221; custom_background=&#8221;inherit&#8221; anchor_link=&#8221;intro&#8221;][vc_column][vc_column_text]<\/p>\n<h2 style=\"text-align: left;\"><span class=\"xlarge-text light-font-weight\">Pol\u00edtica de privacidade<\/span><\/h2>\n<p>[\/vc_column_text][vc_empty_space height=&#8221;10px&#8221;][\/vc_column][\/vc_row][vc_row full_width=&#8221;stretch_row&#8221; row_height=&#8221;custom&#8221; css=&#8221;.vc_custom_1485274768928{padding-top: 0px !important;padding-bottom: 20px !important;}&#8221; custom_background=&#8221;inherit&#8221; anchor_link=&#8221;intro&#8221;][vc_column][vc_column_text]<strong>1. Obxecto<\/strong><\/p>\n<p>&nbsp;<\/p>\n<p>O prop\u00f3sito desta pol\u00edtica de privacidade \u00e9 informar a todos aqueles que acceden e navegan polo sitio web (en diante, o &#8220;usuario&#8221;) accesible a trav\u00e9s do nome de dominio <a href=\"http:\/\/www.pensium.es\">www.pensium.es<\/a> e os seus subdominios (en diante, &#8220;o sitio web&#8221;) sobre o procesamento de datos que PENSIUM, SL realizado a trav\u00e9s deste sitio web.<\/p>\n<p>O acceso ao noso sitio web non require o seu rexistro previo como usuario. Non obstante, acceder e navegar a trav\u00e9s dela implica que o usuario acepta plenamente esta pol\u00edtica de privacidade e a de cookies, as\u00ed como o aviso legal do sitio web.<\/p>\n<p>&nbsp;<\/p>\n<p><strong>2. Responsable do ficheiro e tratamento<\/strong><\/p>\n<p><strong>Propietario:<\/strong>\u00a0 PENSIUM, S.L. (En diante, \u201cPENSIUM\u201d).<\/p>\n<p><strong>Sede e establecemento:<\/strong> R\u00faa Mallorca 214, 2\u00ba 1\u00aa puerta B, 08008 Barcelona.<\/p>\n<p><strong>C.I.F.:<\/strong>\u00a0B-66834904<\/p>\n<p><strong>Tel\u00e9fono: <\/strong>93 880 64 80<\/p>\n<p><strong>Informaci\u00f3n de contacto para exercer os dereitos: correo electr\u00f3nico: <\/strong><a href=\"mailto:info@pensium.es\">info@pensium.es<\/a><\/p>\n<p>&nbsp;<\/p>\n<p><strong>3. Fins do tratamento de datos<\/strong><\/p>\n<p>&nbsp;<\/p>\n<p>De conformidade co disposto no Regulamento 2016\/679 do Parlamento Europeo e do Consello, do 27 de abril de 2016, relativo \u00e1 protecci\u00f3n das persoas f\u00edsicas no que respecta ao tratamento de datos persoais e \u00e1 libre circulaci\u00f3n destes datos (en diante, &#8220;O RGPD &#8220;) e calquera outra norma que a modifique e \/ ou substit\u00faa no futuro, informamos ao Usuario de que os datos proporcionados a PENSIUM mediante calquera formulario de recollida de datos en li\u00f1a incorporaranse a un ficheiro de datos de car\u00e1cter persoal propiedade de PENSIUM e ser\u00e1n tratados segundo os seguintes fins:<\/p>\n<p>&nbsp;<\/p>\n<ol>\n<li>1. Permitir o uso das funcionalidades dispo\u00f1ibles no sitio web, as\u00ed como a atenci\u00f3n \u00e1s solicitudes que o usuario dirixe a PENSIUM.<\/li>\n<\/ol>\n<p>&nbsp;<\/p>\n<p>Os datos procesados para tal efecto conservaranse ata que se resolvan tales solicitudes.<\/p>\n<p>&nbsp;<\/p>\n<ol start=\"2\">\n<li>No caso de que o Usuario env\u00ede a PENSIUM o seu CV e \/ ou solicitude de traballo, os seus datos procesaranse para atender a dita solicitude e, no seu caso, permitirlles participar nun proceso de selecci\u00f3n para un posto de traballo en PENSIUM.<\/li>\n<\/ol>\n<p>&nbsp;<\/p>\n<ol start=\"3\">\n<li>Xestionar as interacci\u00f3ns do usuario con PENSIUM a trav\u00e9s dos perf\u00eds de redes sociais de PENSIUM como YouTube, Facebook, Google+ e Linkedin. Os datos procesados para tal efecto ser\u00e1n os introducidos polo Usuario no seu perfil correspondente a cada rede social, polo tanto, regulados pola pol\u00edtica de privacidade da devandita rede social, da que PENSIUM non se fai responsable.<\/li>\n<\/ol>\n<p>&nbsp;<\/p>\n<p>Os datos procesados para este efecto conservaranse durante a duraci\u00f3n do perfil PENSIUM na rede social.<\/p>\n<p>&nbsp;<\/p>\n<ol start=\"4\">\n<li>anter informado ao Usuario, incluso por medios electr\u00f3nicos, sobre os servizos e novas de PENSIUM a trav\u00e9s de comunicaci\u00f3ns e \/ ou Bolet\u00edns comerciais. Se non desexa recibir este tipo de comunicaci\u00f3n, deber\u00e1 marcar a caixa correspondente na parte inferior dos formularios de recollida de datos.<\/li>\n<\/ol>\n<p>&nbsp;<\/p>\n<p>Os datos procesados para tal efecto conservaranse ata o momento en que o Usuario retire o seu consentimento para recibir esas comunicaci\u00f3ns ou exerza o dereito de oposici\u00f3n.<\/p>\n<p>&nbsp;<\/p>\n<p>5. Ter a posibilidade de que o usuario responda a enquisas de satisfacci\u00f3n, avaliaci\u00f3ns de servizos ou cuestionarios de calidade, con fins estat\u00edsticos e para identificar aspectos de mellora na calidade do servizo ofrecido e \/ ou na atenci\u00f3n ao cliente. Os datos indicados polos usuarios ser\u00e1n tratados segundo a normativa vixente de protecci\u00f3n de datos.<\/p>\n<p>&nbsp;<\/p>\n<p>Salvo nos campos onde se indique expresamente o contrario, a entrega da informaci\u00f3n requirida sobre datos persoais ser\u00e1 voluntaria, sen que a negativa a subministrar a devandita informaci\u00f3n implique unha diminuci\u00f3n da calidade ou cantidade dos servizos que o Usuario solicita. O non cumprimento dos campos determinados como obrigatorios mediante * ou a subministraci\u00f3n de datos incorrectos far\u00e1 imposible a PENSIUM prestar os servizos que selecciona, xestionar a s\u00faa solicitude ou enviarlle a informaci\u00f3n solicitada.<\/p>\n<p><strong>O Usuario declara que os datos acheg\u00e1ronse son veraces e que, en caso de contrataci\u00f3n dos servizos, est\u00e1 actuando por conta propia. <\/strong><\/p>\n<p>En cumprimento da normativa aplicable en materia de prevenci\u00f3n do branqueo de capitais e financiamento do terrorismo que establece a obriga de GRUPO PENSIUM de soliciten dos seus clientes informaci\u00f3n sobre a s\u00faa actividade profesional ou empresarial, as\u00ed como outras informaci\u00f3ns, o usuario subscribe esta declaraci\u00f3n e se responsabiliza da veracidade dos datos nela reflicten.<\/p>\n<p>O usuario manifesta que a seguinte declaraci\u00f3n reflicte a s\u00faa situaci\u00f3n actual e en caso de contrataci\u00f3n dos servizos de PENSIUM, comprom\u00e9tese a comunicarlle ao GRUPO PENSIUM, \u00e1 maior brevidade posible, calquera modificaci\u00f3n que se produza mentres se mante\u00f1a a relaci\u00f3n contractual e a achegar documentaci\u00f3n adicional en caso de ser necesaria conforme a normativa de prevenci\u00f3n do branqueo de capitais e financiamento do terrorismo.<\/p>\n<p>As\u00ed mesmo, o declarante manifesta que a s\u00faa persoa non \u00e9 ou non est\u00e1 relacionada con pol\u00edticos, funcionarios p\u00fablicos ou persoas de alto nivel que desempe\u00f1asen, nos dous \u00faltimos anos, ou estea desempe\u00f1ando actualmente, funci\u00f3ns p\u00fablicas importantes, inclu\u00edndo os cargos de alta direcci\u00f3n en organizaci\u00f3ns sindicais ou empresariais ou partidos pol\u00edticos en Estados membros da Uni\u00f3n Europea ou pa\u00edses terceiros,\u00a0 nin no Estado espa\u00f1ol, as\u00ed como tampouco no \u00e1mbito auton\u00f3mico e no \u00e1mbito local (capitais de provincia ou de CCAA, ou entidades locais de m\u00e1is de 50.000 habitantes). En caso contrario, o Cliente comprom\u00e9tese a avisar expresamente ao GRUPO PENSIUM.<\/p>\n<p>Que, en caso de contrataci\u00f3n, a operaci\u00f3n levada a cabo non est\u00e1 vinculada con calquera tipo de operaci\u00f3n relacionada co branqueo de capitais ou co financiamento do terrorismo, nin se ten sospeita de que puidese estalo. Ademais, este manifesta que a orixe dos fondos empregados para a operaci\u00f3n prov\u00e9n de actividades l\u00edcitas correctamente declaradas.<\/p>\n<p>GRUPO PENSIUM poder\u00eda deixar de executar calquera operaci\u00f3n ou de prestar os servizos previstos na proposta de servizos ata non dispo\u00f1er no seu poder da documentaci\u00f3n solicitada, para os efectos da Prevenci\u00f3n do Branqueo de Capitais e do Financiamento do Terrorismo. De igual forma, GRUPO<\/p>\n<p>PENSIUM poder\u00eda interromper a prestaci\u00f3n dos servizos no caso de que, durante o transcurso da s\u00faa execuci\u00f3n, se detectasen acontecementos dos que desprenda que o nivel de risco do Cliente ou da operaci\u00f3n \u00e9 contrario coa citada normativa, non consider\u00e1ndose, en ning\u00fan caso, un incumprimento contractual por parte de GRUPO PENSIUM.<\/p>\n<p><strong>4. Transferencias internacionais de datos<\/strong><\/p>\n<p>PENSIUM SL non comunica datos a terceiros pa\u00edses, pero no caso de que requira alg\u00fan Servizo de empresas situadas en zonas f\u00f3ra da Uni\u00f3n Europea ou sen as medidas adecuadas de protecci\u00f3n de datos, seguirase o disposto no Cap\u00edtulo V do GDPR.<\/p>\n<p><strong>5. Lexitimaci\u00f3n<\/strong><\/p>\n<p>A base legal para realizar o tratamento de datos especificado no apartado anterior \u00e9 a seguinte:<\/p>\n<ol>\n<li>O consentimento impl\u00edcito do usuario na s\u00faa solicitude para que PENSIUM poida asistir a ela..<\/li>\n<\/ol>\n<p>&nbsp;<\/p>\n<ol start=\"2\">\n<li>O consentimento impl\u00edcito do usuario na presentaci\u00f3n do seu CV e \/ ou solicitude de traballo.<\/li>\n<\/ol>\n<p>&nbsp;<\/p>\n<ol start=\"3\">\n<li>O consentimento impl\u00edcito do usuario cando segue e interact\u00faa co perfil PENSIUM na rede social.<\/li>\n<\/ol>\n<p>&nbsp;<\/p>\n<ol start=\"4\">\n<li>O consentimento expl\u00edcito do Usuario marcando a caixa correspondente para recibir as devanditas comunicaci\u00f3ns.<\/li>\n<\/ol>\n<p>&nbsp;<\/p>\n<p><strong>6. Destinatarios<\/strong><\/p>\n<p>De conformidade co disposto nos fins de tratamento anteriores, os datos do Usuario comunicaranse \u00e1 empresa PENSIUM DIRECT, S.L. para fins administrativos internos baseados no interese lex\u00edtimo de PENSIUM e de conformidade co considerando 48 do RGPD, que establece que os responsables que forman parte dun grupo empresarial poden ter un interese lex\u00edtimo en transmitir datos persoais dentro do grupo empresarial con fins administrativos internos. procedementos, inclu\u00eddo o tratamento de datos persoais de clientes ou empregados.<\/p>\n<p>&nbsp;<\/p>\n<p>As\u00ed mesmo, inf\u00f3rmao de que os seus datos persoais non se comunicar\u00e1n a terceiros a menos que a devandita comunicaci\u00f3n cumpra unha obriga legal ou lle preste un servizo. Neste segundo caso, PENSIUM, en calquera caso, asinar\u00e1 o correspondente contrato de xestor de tratamento con cada un dos devanditos terceiros, que tratar\u00e1n eses datos exclusivamente para os fins que PENSIUM determine en cada caso.<\/p>\n<p><strong>7. Exercicio de dereitos<\/strong><\/p>\n<p>O tratamento dos datos persoais do usuario por parte de PENSIUM realizarase en todo momento segundo a normativa aplicable en materia de protecci\u00f3n de datos persoais e servizos da sociedade da informaci\u00f3n.<\/p>\n<p>Do mesmo xeito, no tratamento de datos do Usuario cuxa lexitimidade se basea no consentimento do Usuario, o Usuario ten dereito a retirar o devandito consentimento en calquera momento, sen afectar a legalidade do tratamento baseado no consentimento previo.<\/p>\n<p>En calquera caso, pode exercer os seus dereitos de acceso, rectificaci\u00f3n, cancelaci\u00f3n, limitaci\u00f3n de tratamento, portabilidade e oposici\u00f3n por escrito en calquera momento e de balde, acompa\u00f1ado dunha copia do seu DNI ou documento v\u00e1lido que o identifique dirixido a PENSIUM, SL, R\u00faa Mallorca 214, 2\u00ba 1\u00aa puerta B, 08008 Barcelona ou ao seguinte enderezo de correo electr\u00f3nico: <a href=\"mailto:info@pensium.es\">info@pensium.es<\/a><\/p>\n<p>En calquera caso, o Usuario ten dereito a presentar unha reclamaci\u00f3n ante a autoridade de control correspondente se o considera oportuno.[\/vc_column_text][\/vc_column][\/vc_row]<\/p>\n<\/section>","protected":false},"excerpt":{"rendered":"<p>[vc_row full_width=&#8221;stretch_row&#8221; parallax=&#8221;yes&#8221; el_class=&#8221;no-margin-top&#8221; css=&#8221;.vc_custom_1485199511507{padding-top: 125px !important;padding-bottom: 50px !important;background-image: url(http:\/\/pensium.es\/wp-content\/uploads\/2017\/01\/pensium-back1.jpg?id=4188) !important;background-position: center;background-repeat: no-repeat;background-size:cover;}&#8221;][vc_column][\/vc_column][\/vc_row][vc_row full_width=&#8221;stretch_row&#8221; row_height=&#8221;custom&#8221; css=&#8221;.vc_custom_1485190972745{padding-top: 20px !important;padding-bottom: 20px !important;}&#8221; custom_background=&#8221;inherit&#8221; anchor_link=&#8221;intro&#8221;][vc_column][vc_column_text] Pol\u00edtica de privacidade [\/vc_column_text][vc_empty_space height=&#8221;10px&#8221;][\/vc_column][\/vc_row][vc_row full_width=&#8221;stretch_row&#8221; row_height=&#8221;custom&#8221; css=&#8221;.vc_custom_1485274768928{padding-top: 0px !important;padding-bottom: 20px !important;}&#8221; custom_background=&#8221;inherit&#8221; anchor_link=&#8221;intro&#8221;][vc_column][vc_column_text]1. Obxecto &nbsp; O prop\u00f3sito desta pol\u00edtica de privacidade \u00e9 informar a todos aqueles que acceden e navegan polo sitio &#8230; <a class=\"excerpt-readmore\" href=\"https:\/\/pensium.es\/gl\/politica-de-privacidade-2-2\/\">Read More<\/a><\/p>\n","protected":false},"author":1,"featured_media":0,"parent":0,"menu_order":0,"comment_status":"open","ping_status":"closed","template":"","meta":{"footnotes":""},"class_list":["post-9631","page","type-page","status-publish","hentry"],"yoast_head":"<!-- This site is optimized with the Yoast SEO plugin v27.3 - https:\/\/yoast.com\/product\/yoast-seo-wordpress\/ -->\n<title>Pol\u00edtica de Privacidade<\/title>\n<meta name=\"robots\" content=\"noindex, nofollow\" \/>\n<meta property=\"og:locale\" content=\"gl_ES\" \/>\n<meta property=\"og:type\" content=\"article\" \/>\n<meta property=\"og:title\" content=\"Pol\u00edtica de Privacidade\" \/>\n<meta property=\"og:url\" content=\"https:\/\/pensium.es\/gl\/politica-de-privacidade-2-2\/\" \/>\n<meta property=\"og:site_name\" content=\"Pensium\" \/>\n<meta property=\"article:publisher\" content=\"https:\/\/www.facebook.com\/pensium.es\/\" \/>\n<meta property=\"article:modified_time\" content=\"2024-01-19T13:41:52+00:00\" \/>\n<meta name=\"twitter:card\" content=\"summary_large_image\" \/>\n<meta name=\"twitter:label1\" content=\"Tempo de lectura\" \/>\n\t<meta name=\"twitter:data1\" content=\"8 minutos\" \/>\n<script type=\"application\/ld+json\" class=\"yoast-schema-graph\">{\"@context\":\"https:\\\/\\\/schema.org\",\"@graph\":[{\"@type\":\"WebPage\",\"@id\":\"https:\\\/\\\/pensium.es\\\/gl\\\/politica-de-privacidade-2-2\\\/\",\"url\":\"https:\\\/\\\/pensium.es\\\/gl\\\/politica-de-privacidade-2-2\\\/\",\"name\":\"Pol\u00edtica de Privacidade\",\"isPartOf\":{\"@id\":\"https:\\\/\\\/pensium.es\\\/gl\\\/#website\"},\"datePublished\":\"2017-03-29T08:08:11+00:00\",\"dateModified\":\"2024-01-19T13:41:52+00:00\",\"breadcrumb\":{\"@id\":\"https:\\\/\\\/pensium.es\\\/gl\\\/politica-de-privacidade-2-2\\\/#breadcrumb\"},\"inLanguage\":\"gl-ES\",\"potentialAction\":[{\"@type\":\"ReadAction\",\"target\":[\"https:\\\/\\\/pensium.es\\\/gl\\\/politica-de-privacidade-2-2\\\/\"]}]},{\"@type\":\"BreadcrumbList\",\"@id\":\"https:\\\/\\\/pensium.es\\\/gl\\\/politica-de-privacidade-2-2\\\/#breadcrumb\",\"itemListElement\":[{\"@type\":\"ListItem\",\"position\":1,\"name\":\"Inicio\",\"item\":\"https:\\\/\\\/pensium.es\\\/gl\\\/\"},{\"@type\":\"ListItem\",\"position\":2,\"name\":\"Pol\u00edtica de Privacidade\"}]},{\"@type\":\"WebSite\",\"@id\":\"https:\\\/\\\/pensium.es\\\/gl\\\/#website\",\"url\":\"https:\\\/\\\/pensium.es\\\/gl\\\/\",\"name\":\"Pensium\",\"description\":\"Pagar a residencia de maiores co pago anticipado do alugueiro\",\"potentialAction\":[{\"@type\":\"SearchAction\",\"target\":{\"@type\":\"EntryPoint\",\"urlTemplate\":\"https:\\\/\\\/pensium.es\\\/gl\\\/?s={search_term_string}\"},\"query-input\":{\"@type\":\"PropertyValueSpecification\",\"valueRequired\":true,\"valueName\":\"search_term_string\"}}],\"inLanguage\":\"gl-ES\"}]}<\/script>\n<!-- \/ Yoast SEO plugin. -->","yoast_head_json":{"title":"Pol\u00edtica de Privacidade","robots":{"index":"noindex","follow":"nofollow"},"og_locale":"gl_ES","og_type":"article","og_title":"Pol\u00edtica de Privacidade","og_url":"https:\/\/pensium.es\/gl\/politica-de-privacidade-2-2\/","og_site_name":"Pensium","article_publisher":"https:\/\/www.facebook.com\/pensium.es\/","article_modified_time":"2024-01-19T13:41:52+00:00","twitter_card":"summary_large_image","twitter_misc":{"Tempo de lectura":"8 minutos"},"schema":{"@context":"https:\/\/schema.org","@graph":[{"@type":"WebPage","@id":"https:\/\/pensium.es\/gl\/politica-de-privacidade-2-2\/","url":"https:\/\/pensium.es\/gl\/politica-de-privacidade-2-2\/","name":"Pol\u00edtica de Privacidade","isPartOf":{"@id":"https:\/\/pensium.es\/gl\/#website"},"datePublished":"2017-03-29T08:08:11+00:00","dateModified":"2024-01-19T13:41:52+00:00","breadcrumb":{"@id":"https:\/\/pensium.es\/gl\/politica-de-privacidade-2-2\/#breadcrumb"},"inLanguage":"gl-ES","potentialAction":[{"@type":"ReadAction","target":["https:\/\/pensium.es\/gl\/politica-de-privacidade-2-2\/"]}]},{"@type":"BreadcrumbList","@id":"https:\/\/pensium.es\/gl\/politica-de-privacidade-2-2\/#breadcrumb","itemListElement":[{"@type":"ListItem","position":1,"name":"Inicio","item":"https:\/\/pensium.es\/gl\/"},{"@type":"ListItem","position":2,"name":"Pol\u00edtica de Privacidade"}]},{"@type":"WebSite","@id":"https:\/\/pensium.es\/gl\/#website","url":"https:\/\/pensium.es\/gl\/","name":"Pensium","description":"Pagar a residencia de maiores co pago anticipado do alugueiro","potentialAction":[{"@type":"SearchAction","target":{"@type":"EntryPoint","urlTemplate":"https:\/\/pensium.es\/gl\/?s={search_term_string}"},"query-input":{"@type":"PropertyValueSpecification","valueRequired":true,"valueName":"search_term_string"}}],"inLanguage":"gl-ES"}]}},"_links":{"self":[{"href":"https:\/\/pensium.es\/gl\/wp-json\/wp\/v2\/pages\/9631","targetHints":{"allow":["GET"]}}],"collection":[{"href":"https:\/\/pensium.es\/gl\/wp-json\/wp\/v2\/pages"}],"about":[{"href":"https:\/\/pensium.es\/gl\/wp-json\/wp\/v2\/types\/page"}],"author":[{"embeddable":true,"href":"https:\/\/pensium.es\/gl\/wp-json\/wp\/v2\/users\/1"}],"replies":[{"embeddable":true,"href":"https:\/\/pensium.es\/gl\/wp-json\/wp\/v2\/comments?post=9631"}],"version-history":[{"count":7,"href":"https:\/\/pensium.es\/gl\/wp-json\/wp\/v2\/pages\/9631\/revisions"}],"predecessor-version":[{"id":14449,"href":"https:\/\/pensium.es\/gl\/wp-json\/wp\/v2\/pages\/9631\/revisions\/14449"}],"wp:attachment":[{"href":"https:\/\/pensium.es\/gl\/wp-json\/wp\/v2\/media?parent=9631"}],"curies":[{"name":"wp","href":"https:\/\/api.w.org\/{rel}","templated":true}]}}