{"id":9636,"date":"2017-03-29T10:47:34","date_gmt":"2017-03-29T10:47:34","guid":{"rendered":"https:\/\/pensium.es\/politica-de-cookies\/"},"modified":"2021-06-21T16:00:33","modified_gmt":"2021-06-21T14:00:33","slug":"politica-de-cookies","status":"publish","type":"page","link":"https:\/\/pensium.es\/gl\/politica-de-cookies\/","title":{"rendered":"Pol\u00edtica de cookies"},"content":{"rendered":"<section class=\"wpb-content-wrapper\"><p>[vc_row full_width=&#8221;stretch_row&#8221; parallax=&#8221;yes&#8221; el_class=&#8221;no-margin-top&#8221; css=&#8221;.vc_custom_1485199511507{padding-top: 125px !important;padding-bottom: 50px !important;background-image: url(http:\/\/pensium.es\/wp-content\/uploads\/2017\/01\/pensium-back1.jpg?id=4188) !important;background-position: center;background-repeat: no-repeat;background-size: cover !important;}&#8221;][vc_column][\/vc_column][\/vc_row][vc_row full_width=&#8221;stretch_row&#8221; row_height=&#8221;custom&#8221; css=&#8221;.vc_custom_1485190972745{padding-top: 20px !important;padding-bottom: 20px !important;}&#8221; custom_background=&#8221;inherit&#8221; anchor_link=&#8221;intro&#8221;][vc_column][vc_column_text]<\/p>\n<h2 style=\"text-align: left;\"><span class=\"xlarge-text light-font-weight\">Pol\u00edtica de cookies<br \/>\n<\/span><\/h2>\n<p>[\/vc_column_text][vc_empty_space height=&#8221;10px&#8221;][\/vc_column][\/vc_row][vc_row full_width=&#8221;stretch_row&#8221; row_height=&#8221;custom&#8221; css=&#8221;.vc_custom_1485274768928{padding-top: 0px !important;padding-bottom: 20px !important;}&#8221; custom_background=&#8221;inherit&#8221; anchor_link=&#8221;intro&#8221;][vc_column][vc_column_text]<strong>Que son as cookies? <\/strong><\/p>\n<p>Este sitio web utiliza cookies e\/ou tecnolox\u00edas similares que almacenan e recuperan informaci\u00f3n cando navegas. En xeral, estas tecnolox\u00edas poden servir para finalidades moi diversas, como, por exemplo, reco\u00f1ecerte como usuario, obter informaci\u00f3n sobre os teus h\u00e1bitos de navegaci\u00f3n, ou personalizar a forma en que se amosa o contido. Os usos concretos que facemos destas tecnolox\u00edas descr\u00edbense a continuaci\u00f3n.<\/p>\n<p><strong>Cookies utilizadas neste sitio<\/strong><\/p>\n<p>Este sitio web utiliza cookies propias e de terceiros cuxa finalidade \u00e9 facilitar a navegaci\u00f3n, o seu correcto funcionamento e realizar estat\u00edsticas das visitas dos usuarios.<\/p>\n<p>Concretamente, este sitio web non solicita datos de car\u00e1cter persoal, tan s\u00f3 usa:<\/p>\n<p>&#8211; <em>Cookies t\u00e9cnicas: Son aquelas que permiten ao usuario a navegaci\u00f3n a trav\u00e9s dunha p\u00e1xina web, plataforma ou aplicaci\u00f3n e a utilizaci\u00f3n das diferentes opci\u00f3ns ou servizos que nela existan como, por exemplo, controlar o tr\u00e1fico e a comunicaci\u00f3n de datos, identificar a sesi\u00f3n, acceder a partes de acceso restrinxido, lembrar os elementos que integran un pedido, realizar o proceso de compra dun pedido, realizar a solicitude de inscrici\u00f3n ou participaci\u00f3n nun evento, utilizar elementos de seguridade durante a navegaci\u00f3n, almacenar contidos para a difusi\u00f3n de v\u00eddeos ou son ou compartir contidos a trav\u00e9s de redes sociais.<\/em><\/p>\n<p>&#8211; <em>Cookies de personalizaci\u00f3n: Son aquelas que permiten ao usuario acceder ao servizo con algunhas caracter\u00edsticas de car\u00e1cter xeral predefinidas en funci\u00f3n dunha serie de criterios no terminal do usuario por exemplo serian o idioma, o tipo de navegador a trav\u00e9s do cal accede ao servizo, a configuraci\u00f3n rexional desde onde accede ao servizo, etc. <\/em><\/p>\n<p>&#8211; <em>Cookies de an\u00e1lise: Son aquelas que ben tratadas por n\u00f3s ou por terceiros, perm\u00edtennos cuantificar o n\u00famero de usuarios e as\u00ed realizar a medici\u00f3n e an\u00e1lise estat\u00edstico da utilizaci\u00f3n que fan os usuarios do servizo ofertado. Para iso anal\u00edzase a s\u00faa navegaci\u00f3n na nosa p\u00e1xina web co fin de mellorar a oferta de produtos ou servizos que lle ofrecemos. <\/em><\/p>\n<p>Pode vostede permitir, bloquear ou eliminar as cookies instaladas no seu equipo mediante a configuraci\u00f3n das opci\u00f3ns do navegador instalado no seu computador, pero neste caso non garantimos o funcionamento da p\u00e1xina.<\/p>\n<p><strong>Google Analytics <\/strong><\/p>\n<p>Este sitio web utiliza Google Analytics, un servizo de an\u00e1lises web prestado por Google, Inc. (&#8220;Google&#8221;). Google Analytics utiliza &#8221; cookies&#8221;, que son arquivos de texto situados no computador, para a axuda no sitio web para analizar como os usuarios usan o sitio. A informaci\u00f3n xerada pola cookie no sitio web (inclu\u00edndo a direcci\u00f3n IP) ser\u00e1 transmitida e almacenada por Google nos servidores de Estados Unidos. En caso de activaci\u00f3n da anonimizaci\u00f3n de IP, Google truncar\u00e1\/ anonimizar\u00e1 o \u00faltimo octeto da direcci\u00f3n IP para os Estados da Uni\u00f3n Europea, as\u00ed como para outras partes inclu\u00eddas no acordo sobre o espazo econ\u00f3mico europeo. S\u00f3 en excepcionais casos, os servidores de Google en EEUU env\u00edan e acurtan a direcci\u00f3n IP completa. En n\u00famero do provedor do sitio web, Google utilizar\u00e1 esta informaci\u00f3n para avaliar o uso da web, recompilando informes sobre a actividade da p\u00e1xina web para os operadores de web sitios e da clase de provedores de servizos Web e o uso da internet no provedor do sitio web. Google non asociar\u00e1 a s\u00faa direcci\u00f3n IP con ning\u00fan outro dato en poder de Google.<\/p>\n<p>Pode rexeitar o uso de cookies seleccionando a configuraci\u00f3n para o navegador. Sen embargo, te\u00f1a en conta que, se fai isto, \u00e9 posible que non poida usar a funcionalidade completa deste sitio web.<\/p>\n<p>Ademais, pode evitar que Google recompile e utilice datos (cookies e direcci\u00f3ns IP) descargando e instalando o complemento do navegador dispo\u00f1ible en:<\/p>\n<p><a href=\"http:\/\/www.google.com\/intl\/es\/policies\/privacy\/\">http:\/\/www.google.com\/intl\/es\/policies\/privacy\/<\/a><\/p>\n<p>Pode atopar m\u00e1is informaci\u00f3n dos termos e condici\u00f3ns de uso e a pol\u00edtica de privacidade dos datos en <a href=\"http:\/\/www.google.com\/analytics\/terms\/gb.html\">http:\/\/www.Google.com\/analytics\/Terms\/GB.html<\/a><\/p>\n<p>Ou en <a href=\"http:\/\/www.google.com\/intl\/en_uk\/analytics\/privacyoverview.html\">http:\/\/www.Google.com\/intl\/en_UK\/Analytics\/privacyoverview.html<\/a>l<\/p>\n<p>Neste sitio web, o c\u00f3digo de Google Analytics complem\u00e9ntase con &#8221; gat._ anonymize IP ();&#8221; para garantir unha colecci\u00f3n an\u00f3nima de IP (chamado IP Masquerade).[\/vc_column_text][\/vc_column][\/vc_row]<\/p>\n<\/section>","protected":false},"excerpt":{"rendered":"<p>[vc_row full_width=&#8221;stretch_row&#8221; parallax=&#8221;yes&#8221; el_class=&#8221;no-margin-top&#8221; css=&#8221;.vc_custom_1485199511507{padding-top: 125px !important;padding-bottom: 50px !important;background-image: url(http:\/\/pensium.es\/wp-content\/uploads\/2017\/01\/pensium-back1.jpg?id=4188) !important;background-position: center;background-repeat: no-repeat;background-size: cover !important;}&#8221;][vc_column][\/vc_column][\/vc_row][vc_row full_width=&#8221;stretch_row&#8221; row_height=&#8221;custom&#8221; css=&#8221;.vc_custom_1485190972745{padding-top: 20px !important;padding-bottom: 20px !important;}&#8221; custom_background=&#8221;inherit&#8221; anchor_link=&#8221;intro&#8221;][vc_column][vc_column_text] Pol\u00edtica de cookies [\/vc_column_text][vc_empty_space height=&#8221;10px&#8221;][\/vc_column][\/vc_row][vc_row full_width=&#8221;stretch_row&#8221; row_height=&#8221;custom&#8221; css=&#8221;.vc_custom_1485274768928{padding-top: 0px !important;padding-bottom: 20px !important;}&#8221; custom_background=&#8221;inherit&#8221; anchor_link=&#8221;intro&#8221;][vc_column][vc_column_text]Que son as cookies? Este sitio web utiliza cookies e\/ou tecnolox\u00edas similares que almacenan e recuperan informaci\u00f3n cando &#8230; <a class=\"excerpt-readmore\" href=\"https:\/\/pensium.es\/gl\/politica-de-cookies\/\">Read More<\/a><\/p>\n","protected":false},"author":1,"featured_media":0,"parent":0,"menu_order":0,"comment_status":"open","ping_status":"closed","template":"","meta":{"footnotes":""},"class_list":["post-9636","page","type-page","status-publish","hentry"],"yoast_head":"<!-- This site is optimized with the Yoast SEO plugin v27.3 - https:\/\/yoast.com\/product\/yoast-seo-wordpress\/ -->\n<title>Pol\u00edtica de cookies<\/title>\n<meta name=\"robots\" content=\"noindex, nofollow\" \/>\n<meta property=\"og:locale\" content=\"gl_ES\" \/>\n<meta property=\"og:type\" content=\"article\" \/>\n<meta property=\"og:title\" content=\"Pol\u00edtica de cookies\" \/>\n<meta property=\"og:url\" content=\"https:\/\/pensium.es\/gl\/politica-de-cookies\/\" \/>\n<meta property=\"og:site_name\" content=\"Pensium\" \/>\n<meta property=\"article:publisher\" content=\"https:\/\/www.facebook.com\/pensium.es\/\" \/>\n<meta property=\"article:modified_time\" content=\"2021-06-21T14:00:33+00:00\" \/>\n<meta name=\"twitter:card\" content=\"summary_large_image\" \/>\n<meta name=\"twitter:label1\" content=\"Tempo de lectura\" \/>\n\t<meta name=\"twitter:data1\" content=\"3 minutos\" \/>\n<script type=\"application\/ld+json\" class=\"yoast-schema-graph\">{\"@context\":\"https:\\\/\\\/schema.org\",\"@graph\":[{\"@type\":\"WebPage\",\"@id\":\"https:\\\/\\\/pensium.es\\\/gl\\\/politica-de-cookies\\\/\",\"url\":\"https:\\\/\\\/pensium.es\\\/gl\\\/politica-de-cookies\\\/\",\"name\":\"Pol\u00edtica de cookies\",\"isPartOf\":{\"@id\":\"https:\\\/\\\/pensium.es\\\/gl\\\/#website\"},\"datePublished\":\"2017-03-29T10:47:34+00:00\",\"dateModified\":\"2021-06-21T14:00:33+00:00\",\"breadcrumb\":{\"@id\":\"https:\\\/\\\/pensium.es\\\/gl\\\/politica-de-cookies\\\/#breadcrumb\"},\"inLanguage\":\"gl-ES\",\"potentialAction\":[{\"@type\":\"ReadAction\",\"target\":[\"https:\\\/\\\/pensium.es\\\/gl\\\/politica-de-cookies\\\/\"]}]},{\"@type\":\"BreadcrumbList\",\"@id\":\"https:\\\/\\\/pensium.es\\\/gl\\\/politica-de-cookies\\\/#breadcrumb\",\"itemListElement\":[{\"@type\":\"ListItem\",\"position\":1,\"name\":\"Inicio\",\"item\":\"https:\\\/\\\/pensium.es\\\/gl\\\/\"},{\"@type\":\"ListItem\",\"position\":2,\"name\":\"Pol\u00edtica de cookies\"}]},{\"@type\":\"WebSite\",\"@id\":\"https:\\\/\\\/pensium.es\\\/gl\\\/#website\",\"url\":\"https:\\\/\\\/pensium.es\\\/gl\\\/\",\"name\":\"Pensium\",\"description\":\"Pagar a residencia de maiores co pago anticipado do alugueiro\",\"potentialAction\":[{\"@type\":\"SearchAction\",\"target\":{\"@type\":\"EntryPoint\",\"urlTemplate\":\"https:\\\/\\\/pensium.es\\\/gl\\\/?s={search_term_string}\"},\"query-input\":{\"@type\":\"PropertyValueSpecification\",\"valueRequired\":true,\"valueName\":\"search_term_string\"}}],\"inLanguage\":\"gl-ES\"}]}<\/script>\n<!-- \/ Yoast SEO plugin. -->","yoast_head_json":{"title":"Pol\u00edtica de cookies","robots":{"index":"noindex","follow":"nofollow"},"og_locale":"gl_ES","og_type":"article","og_title":"Pol\u00edtica de cookies","og_url":"https:\/\/pensium.es\/gl\/politica-de-cookies\/","og_site_name":"Pensium","article_publisher":"https:\/\/www.facebook.com\/pensium.es\/","article_modified_time":"2021-06-21T14:00:33+00:00","twitter_card":"summary_large_image","twitter_misc":{"Tempo de lectura":"3 minutos"},"schema":{"@context":"https:\/\/schema.org","@graph":[{"@type":"WebPage","@id":"https:\/\/pensium.es\/gl\/politica-de-cookies\/","url":"https:\/\/pensium.es\/gl\/politica-de-cookies\/","name":"Pol\u00edtica de cookies","isPartOf":{"@id":"https:\/\/pensium.es\/gl\/#website"},"datePublished":"2017-03-29T10:47:34+00:00","dateModified":"2021-06-21T14:00:33+00:00","breadcrumb":{"@id":"https:\/\/pensium.es\/gl\/politica-de-cookies\/#breadcrumb"},"inLanguage":"gl-ES","potentialAction":[{"@type":"ReadAction","target":["https:\/\/pensium.es\/gl\/politica-de-cookies\/"]}]},{"@type":"BreadcrumbList","@id":"https:\/\/pensium.es\/gl\/politica-de-cookies\/#breadcrumb","itemListElement":[{"@type":"ListItem","position":1,"name":"Inicio","item":"https:\/\/pensium.es\/gl\/"},{"@type":"ListItem","position":2,"name":"Pol\u00edtica de cookies"}]},{"@type":"WebSite","@id":"https:\/\/pensium.es\/gl\/#website","url":"https:\/\/pensium.es\/gl\/","name":"Pensium","description":"Pagar a residencia de maiores co pago anticipado do alugueiro","potentialAction":[{"@type":"SearchAction","target":{"@type":"EntryPoint","urlTemplate":"https:\/\/pensium.es\/gl\/?s={search_term_string}"},"query-input":{"@type":"PropertyValueSpecification","valueRequired":true,"valueName":"search_term_string"}}],"inLanguage":"gl-ES"}]}},"_links":{"self":[{"href":"https:\/\/pensium.es\/gl\/wp-json\/wp\/v2\/pages\/9636","targetHints":{"allow":["GET"]}}],"collection":[{"href":"https:\/\/pensium.es\/gl\/wp-json\/wp\/v2\/pages"}],"about":[{"href":"https:\/\/pensium.es\/gl\/wp-json\/wp\/v2\/types\/page"}],"author":[{"embeddable":true,"href":"https:\/\/pensium.es\/gl\/wp-json\/wp\/v2\/users\/1"}],"replies":[{"embeddable":true,"href":"https:\/\/pensium.es\/gl\/wp-json\/wp\/v2\/comments?post=9636"}],"version-history":[{"count":4,"href":"https:\/\/pensium.es\/gl\/wp-json\/wp\/v2\/pages\/9636\/revisions"}],"predecessor-version":[{"id":10342,"href":"https:\/\/pensium.es\/gl\/wp-json\/wp\/v2\/pages\/9636\/revisions\/10342"}],"wp:attachment":[{"href":"https:\/\/pensium.es\/gl\/wp-json\/wp\/v2\/media?parent=9636"}],"curies":[{"name":"wp","href":"https:\/\/api.w.org\/{rel}","templated":true}]}}