{"id":9641,"date":"2017-03-29T10:56:02","date_gmt":"2017-03-29T10:56:02","guid":{"rendered":"https:\/\/pensium.es\/politica-de-transparencia\/"},"modified":"2021-05-07T09:30:32","modified_gmt":"2021-05-07T07:30:32","slug":"politica-de-transparencia","status":"publish","type":"page","link":"https:\/\/pensium.es\/gl\/politica-de-transparencia\/","title":{"rendered":"Pol\u00edtica de transparencia"},"content":{"rendered":"<section class=\"wpb-content-wrapper\"><p>[vc_row full_width=&#8221;stretch_row&#8221; parallax=&#8221;yes&#8221; el_class=&#8221;no-margin-top&#8221; css=&#8221;.vc_custom_1485199511507{padding-top: 125px !important;padding-bottom: 50px !important;background-image: url(http:\/\/pensium.es\/wp-content\/uploads\/2017\/01\/pensium-back1.jpg?id=4188) !important;background-position: center;background-repeat: no-repeat;background-size:cover !important;}&#8221;][vc_column][\/vc_column][\/vc_row][vc_row full_width=&#8221;stretch_row&#8221; row_height=&#8221;custom&#8221; css=&#8221;.vc_custom_1485190972745{padding-top: 20px !important;padding-bottom: 20px !important;}&#8221; custom_background=&#8221;inherit&#8221; anchor_link=&#8221;intro&#8221;][vc_column][vc_column_text]<\/p>\n<h2 style=\"text-align: left;\"><span class=\"xlarge-text light-font-weight\">Pol\u00edtica de transparencia<\/span><\/h2>\n<p>[\/vc_column_text][vc_empty_space height=&#8221;10px&#8221;][\/vc_column][\/vc_row][vc_row full_width=&#8221;stretch_row&#8221; row_height=&#8221;custom&#8221; css=&#8221;.vc_custom_1485274768928{padding-top: 0px !important;padding-bottom: 20px !important;}&#8221; custom_background=&#8221;inherit&#8221; anchor_link=&#8221;intro&#8221;][vc_column][vc_column_text]A misi\u00f3n de Pensium SL \u00e9 facilitar o financiamento de coidados, no fogar ou en residencias, para persoas maiores con casa propia.<\/p>\n<p>Para o desenvolvemento da s\u00faa actividade, as\u00ed como en cada unha das fases informativas, precontractuais, contractuais, de seguimento e cancelaci\u00f3n, Pensium comprom\u00e9tese a seguir os seguintes principios:<\/p>\n<p>&nbsp;<\/p>\n<ul>\n<li><strong>Transparencia<\/strong>: os clientes e usuarios autorizados poder\u00e1n acceder a toda a informaci\u00f3n necesaria para comprender o funcionamento de Pensium, os seus custos, riscos, posibilidades, evoluci\u00f3n, revogaci\u00f3n e cancelaci\u00f3n. Pensium cumpre cos est\u00e1ndares de esixencia informativa de operaci\u00f3ns financeiras equivalentes. Toda a documentaci\u00f3n relacionada coa operaci\u00f3n ser\u00e1 accesible na parte privada da web coas medidas de seguridade correspondentes.<\/li>\n<\/ul>\n<p>&nbsp;<\/p>\n<ul>\n<li><strong>Simplicidade<\/strong>: tr\u00e1mites de pensi\u00f3n e documentaci\u00f3n, informaci\u00f3n, etc. Prepar\u00e1ronse cos criterios de m\u00e1xima sinxeleza e eficiencia informativa.<\/li>\n<\/ul>\n<p>&nbsp;<\/p>\n<ul>\n<li><strong>Axilidade: <\/strong> Pensium SL comprom\u00e9tese \u00e1 rapidez nas s\u00faas acci\u00f3ns e respostas. Os tempos de resposta ax\u00fastanse aos indicados nas diferentes partes da web, segundo cada servizo.<\/li>\n<\/ul>\n<p>&nbsp;<\/p>\n<ul>\n<li><strong>Responsabilidade<\/strong>: Pensium SL desenvolve a s\u00faa actividade de concesi\u00f3n de ingresos complementarios a persoas maiores con propiedades inmobiliarias de acordo cos criterios de m\u00e1xima responsabilidade, razoabilidade e comprensi\u00f3n do cliente.<\/li>\n<\/ul>\n<p>[\/vc_column_text][\/vc_column][\/vc_row]<\/p>\n<\/section>","protected":false},"excerpt":{"rendered":"<p>[vc_row full_width=&#8221;stretch_row&#8221; parallax=&#8221;yes&#8221; el_class=&#8221;no-margin-top&#8221; css=&#8221;.vc_custom_1485199511507{padding-top: 125px !important;padding-bottom: 50px !important;background-image: url(http:\/\/pensium.es\/wp-content\/uploads\/2017\/01\/pensium-back1.jpg?id=4188) !important;background-position: center;background-repeat: no-repeat;background-size:cover !important;}&#8221;][vc_column][\/vc_column][\/vc_row][vc_row full_width=&#8221;stretch_row&#8221; row_height=&#8221;custom&#8221; css=&#8221;.vc_custom_1485190972745{padding-top: 20px !important;padding-bottom: 20px !important;}&#8221; custom_background=&#8221;inherit&#8221; anchor_link=&#8221;intro&#8221;][vc_column][vc_column_text] Pol\u00edtica de transparencia [\/vc_column_text][vc_empty_space height=&#8221;10px&#8221;][\/vc_column][\/vc_row][vc_row full_width=&#8221;stretch_row&#8221; row_height=&#8221;custom&#8221; css=&#8221;.vc_custom_1485274768928{padding-top: 0px !important;padding-bottom: 20px !important;}&#8221; custom_background=&#8221;inherit&#8221; anchor_link=&#8221;intro&#8221;][vc_column][vc_column_text]A misi\u00f3n de Pensium SL \u00e9 facilitar o financiamento de coidados, no fogar ou en residencias, para persoas maiores &#8230; <a class=\"excerpt-readmore\" href=\"https:\/\/pensium.es\/gl\/politica-de-transparencia\/\">Read More<\/a><\/p>\n","protected":false},"author":1,"featured_media":0,"parent":0,"menu_order":0,"comment_status":"open","ping_status":"closed","template":"","meta":{"footnotes":""},"class_list":["post-9641","page","type-page","status-publish","hentry"],"yoast_head":"<!-- This site is optimized with the Yoast SEO plugin v27.3 - https:\/\/yoast.com\/product\/yoast-seo-wordpress\/ -->\n<title>Pol\u00edtica de transparencia<\/title>\n<meta name=\"robots\" content=\"noindex, nofollow\" \/>\n<meta property=\"og:locale\" content=\"gl_ES\" \/>\n<meta property=\"og:type\" content=\"article\" \/>\n<meta property=\"og:title\" content=\"Pol\u00edtica de transparencia\" \/>\n<meta property=\"og:url\" content=\"https:\/\/pensium.es\/gl\/politica-de-transparencia\/\" \/>\n<meta property=\"og:site_name\" content=\"Pensium\" \/>\n<meta property=\"article:publisher\" content=\"https:\/\/www.facebook.com\/pensium.es\/\" \/>\n<meta property=\"article:modified_time\" content=\"2021-05-07T07:30:32+00:00\" \/>\n<meta name=\"twitter:card\" content=\"summary_large_image\" \/>\n<meta name=\"twitter:label1\" content=\"Tempo de lectura\" \/>\n\t<meta name=\"twitter:data1\" content=\"1 minuto\" \/>\n<script type=\"application\/ld+json\" class=\"yoast-schema-graph\">{\"@context\":\"https:\\\/\\\/schema.org\",\"@graph\":[{\"@type\":\"WebPage\",\"@id\":\"https:\\\/\\\/pensium.es\\\/gl\\\/politica-de-transparencia\\\/\",\"url\":\"https:\\\/\\\/pensium.es\\\/gl\\\/politica-de-transparencia\\\/\",\"name\":\"Pol\u00edtica de transparencia\",\"isPartOf\":{\"@id\":\"https:\\\/\\\/pensium.es\\\/gl\\\/#website\"},\"datePublished\":\"2017-03-29T10:56:02+00:00\",\"dateModified\":\"2021-05-07T07:30:32+00:00\",\"breadcrumb\":{\"@id\":\"https:\\\/\\\/pensium.es\\\/gl\\\/politica-de-transparencia\\\/#breadcrumb\"},\"inLanguage\":\"gl-ES\",\"potentialAction\":[{\"@type\":\"ReadAction\",\"target\":[\"https:\\\/\\\/pensium.es\\\/gl\\\/politica-de-transparencia\\\/\"]}]},{\"@type\":\"BreadcrumbList\",\"@id\":\"https:\\\/\\\/pensium.es\\\/gl\\\/politica-de-transparencia\\\/#breadcrumb\",\"itemListElement\":[{\"@type\":\"ListItem\",\"position\":1,\"name\":\"Inicio\",\"item\":\"https:\\\/\\\/pensium.es\\\/gl\\\/\"},{\"@type\":\"ListItem\",\"position\":2,\"name\":\"Pol\u00edtica de transparencia\"}]},{\"@type\":\"WebSite\",\"@id\":\"https:\\\/\\\/pensium.es\\\/gl\\\/#website\",\"url\":\"https:\\\/\\\/pensium.es\\\/gl\\\/\",\"name\":\"Pensium\",\"description\":\"Pagar a residencia de maiores co pago anticipado do alugueiro\",\"potentialAction\":[{\"@type\":\"SearchAction\",\"target\":{\"@type\":\"EntryPoint\",\"urlTemplate\":\"https:\\\/\\\/pensium.es\\\/gl\\\/?s={search_term_string}\"},\"query-input\":{\"@type\":\"PropertyValueSpecification\",\"valueRequired\":true,\"valueName\":\"search_term_string\"}}],\"inLanguage\":\"gl-ES\"}]}<\/script>\n<!-- \/ Yoast SEO plugin. -->","yoast_head_json":{"title":"Pol\u00edtica de transparencia","robots":{"index":"noindex","follow":"nofollow"},"og_locale":"gl_ES","og_type":"article","og_title":"Pol\u00edtica de transparencia","og_url":"https:\/\/pensium.es\/gl\/politica-de-transparencia\/","og_site_name":"Pensium","article_publisher":"https:\/\/www.facebook.com\/pensium.es\/","article_modified_time":"2021-05-07T07:30:32+00:00","twitter_card":"summary_large_image","twitter_misc":{"Tempo de lectura":"1 minuto"},"schema":{"@context":"https:\/\/schema.org","@graph":[{"@type":"WebPage","@id":"https:\/\/pensium.es\/gl\/politica-de-transparencia\/","url":"https:\/\/pensium.es\/gl\/politica-de-transparencia\/","name":"Pol\u00edtica de transparencia","isPartOf":{"@id":"https:\/\/pensium.es\/gl\/#website"},"datePublished":"2017-03-29T10:56:02+00:00","dateModified":"2021-05-07T07:30:32+00:00","breadcrumb":{"@id":"https:\/\/pensium.es\/gl\/politica-de-transparencia\/#breadcrumb"},"inLanguage":"gl-ES","potentialAction":[{"@type":"ReadAction","target":["https:\/\/pensium.es\/gl\/politica-de-transparencia\/"]}]},{"@type":"BreadcrumbList","@id":"https:\/\/pensium.es\/gl\/politica-de-transparencia\/#breadcrumb","itemListElement":[{"@type":"ListItem","position":1,"name":"Inicio","item":"https:\/\/pensium.es\/gl\/"},{"@type":"ListItem","position":2,"name":"Pol\u00edtica de transparencia"}]},{"@type":"WebSite","@id":"https:\/\/pensium.es\/gl\/#website","url":"https:\/\/pensium.es\/gl\/","name":"Pensium","description":"Pagar a residencia de maiores co pago anticipado do alugueiro","potentialAction":[{"@type":"SearchAction","target":{"@type":"EntryPoint","urlTemplate":"https:\/\/pensium.es\/gl\/?s={search_term_string}"},"query-input":{"@type":"PropertyValueSpecification","valueRequired":true,"valueName":"search_term_string"}}],"inLanguage":"gl-ES"}]}},"_links":{"self":[{"href":"https:\/\/pensium.es\/gl\/wp-json\/wp\/v2\/pages\/9641","targetHints":{"allow":["GET"]}}],"collection":[{"href":"https:\/\/pensium.es\/gl\/wp-json\/wp\/v2\/pages"}],"about":[{"href":"https:\/\/pensium.es\/gl\/wp-json\/wp\/v2\/types\/page"}],"author":[{"embeddable":true,"href":"https:\/\/pensium.es\/gl\/wp-json\/wp\/v2\/users\/1"}],"replies":[{"embeddable":true,"href":"https:\/\/pensium.es\/gl\/wp-json\/wp\/v2\/comments?post=9641"}],"version-history":[{"count":3,"href":"https:\/\/pensium.es\/gl\/wp-json\/wp\/v2\/pages\/9641\/revisions"}],"predecessor-version":[{"id":9643,"href":"https:\/\/pensium.es\/gl\/wp-json\/wp\/v2\/pages\/9641\/revisions\/9643"}],"wp:attachment":[{"href":"https:\/\/pensium.es\/gl\/wp-json\/wp\/v2\/media?parent=9641"}],"curies":[{"name":"wp","href":"https:\/\/api.w.org\/{rel}","templated":true}]}}